{"id":36487,"date":"2025-06-20T17:39:45","date_gmt":"2025-06-20T15:39:45","guid":{"rendered":"https:\/\/shumans-monini-stage.ccws.it\/?page_id=36487"},"modified":"2025-08-22T14:58:38","modified_gmt":"2025-08-22T12:58:38","slug":"il-frantoio-del-poggiolo","status":"publish","type":"page","link":"https:\/\/shumans-monini-stage.ccws.it\/sr\/il-frantoio-del-poggiolo\/","title":{"rendered":"Il Frantoio del Poggiolo"},"content":{"rendered":"\n<div class=\"wp-block-columns\">\n<div class=\"wp-block-column\" style=\"flex-basis:100%\">\n<figure class=\"wp-block-image size-large\"><img loading=\"lazy\" decoding=\"async\" width=\"1024\" height=\"485\" src=\"https:\/\/shumans-monini-stage.ccws.it\/wp-content\/uploads\/2025\/06\/Frantoio_del_poggiolo-1024x485.png\" alt=\"\" class=\"wp-image-791\" srcset=\"https:\/\/shumans-monini-stage.ccws.it\/wp-content\/uploads\/2025\/06\/Frantoio_del_poggiolo-1024x485.png 1024w, https:\/\/shumans-monini-stage.ccws.it\/wp-content\/uploads\/2025\/06\/Frantoio_del_poggiolo-300x142.png 300w, https:\/\/shumans-monini-stage.ccws.it\/wp-content\/uploads\/2025\/06\/Frantoio_del_poggiolo-768x364.png 768w, https:\/\/shumans-monini-stage.ccws.it\/wp-content\/uploads\/2025\/06\/Frantoio_del_poggiolo.png 1540w\" sizes=\"auto, (max-width: 1024px) 100vw, 1024px\" \/><\/figure>\n\n\n\n<div style=\"height:0.25em\" aria-hidden=\"true\" class=\"wp-block-spacer\"><\/div>\n\n\n\n<div class=\"wp-block-columns\">\n<div class=\"wp-block-column\" style=\"flex-basis:100%\">\n<p>Frantoio del Poggiolo je polifunkcionalni centar u kom obavljamo va\u017ean deo na\u0161eg posla: s jedne strane posve\u0107eni smo potra\u017enji za vrhunskim kvalitetom ekstra devi\u010danskog maslinovog ulja, a sa druge \u0161irenju znanja o istom.<\/p>\n\n\n\n<p>2001. godine osetili smo potrebu da za\u0161titimo poreklo sirovina, putem analize i kontrole svih parametara proizvodnog lanca: od izbora sorti, do optimizacije metoda berbe i prerade, pa sve do faze ce\u0111enja maslina.<\/p>\n\n\n\n<p>To je posao selekcije koji obavljamo predano, kako bismo dobili izvrstan proizvod kojem mo\u017eemo da damo svoje ime.<\/p>\n\n\n\n<p>\u0160irenje kulture ekstra devi\u010danskog maslinovog ulja uvek je bio na\u0161 cilj. Iz tog razloga, tokom godine otvaramo na\u0161a vrata za entuzijaste i gurmane koji \u017eele da otkriju tajne ekstra devi\u010danskog maslinovog ulja i najbolje tehnike uzgoja maslina. Sastanci, konferencije, radionice i kursevi kulinarstva stvaraju mogu\u0107nost za detaljno prou\u010davanje i razmenu znanja sa renomiranim kuvarima iz razli\u010ditih zemalja.<\/p>\n<\/div>\n<\/div>\n\n\n\n<figure class=\"wp-block-image size-large is-style-default\"><img loading=\"lazy\" decoding=\"async\" width=\"1024\" height=\"485\" src=\"https:\/\/shumans-monini-stage.ccws.it\/wp-content\/uploads\/2025\/06\/Il_frantoio-1024x485.jpg\" alt=\"\" class=\"wp-image-795\" srcset=\"https:\/\/shumans-monini-stage.ccws.it\/wp-content\/uploads\/2025\/06\/Il_frantoio-1024x485.jpg 1024w, https:\/\/shumans-monini-stage.ccws.it\/wp-content\/uploads\/2025\/06\/Il_frantoio-300x142.jpg 300w, https:\/\/shumans-monini-stage.ccws.it\/wp-content\/uploads\/2025\/06\/Il_frantoio-768x364.jpg 768w, https:\/\/shumans-monini-stage.ccws.it\/wp-content\/uploads\/2025\/06\/Il_frantoio.jpg 1540w\" sizes=\"auto, (max-width: 1024px) 100vw, 1024px\" \/><\/figure>\n\n\n\n<div style=\"height:0.25em\" aria-hidden=\"true\" class=\"wp-block-spacer\"><\/div>\n<\/div>\n<\/div>\n\n\n\n<div class=\"wp-block-columns is-style-formatted\">\n<div class=\"wp-block-column\">\n<figure class=\"wp-block-image size-full\"><img loading=\"lazy\" decoding=\"async\" width=\"742\" height=\"730\" src=\"https:\/\/shumans-monini-stage.ccws.it\/wp-content\/uploads\/2025\/06\/La_casa.jpg\" alt=\"\" class=\"wp-image-797\" srcset=\"https:\/\/shumans-monini-stage.ccws.it\/wp-content\/uploads\/2025\/06\/La_casa.jpg 742w, https:\/\/shumans-monini-stage.ccws.it\/wp-content\/uploads\/2025\/06\/La_casa-300x295.jpg 300w\" sizes=\"auto, (max-width: 742px) 100vw, 742px\" \/><\/figure>\n<\/div>\n\n\n\n<div class=\"wp-block-column\">\n<h6 class=\"wp-block-heading\">KU\u0106A<\/h6>\n\n\n\n<p>Na padini bre\u017euljka u zagrljaju maslina, nalazi se mesto gde se moderni poljoprivredni sistemi kombinuju sa elegancijom stambenog prostora spremnog da ugosti u\u010desnike seminara i konferencija.<\/p>\n<\/div>\n<\/div>\n\n\n\n<div class=\"wp-block-columns is-style-formatted\">\n<div class=\"wp-block-column\">\n<h6 class=\"wp-block-heading\"><strong>DIZAJN<\/strong><\/h6>\n\n\n\n<p>Sklad u kombinaciji razli\u010ditih gra\u0111evinskih elemenata i materijala je ono \u0161to atmosferu koju ovde ose\u0107ate \u010dini toplom, prefinjenom i prirodnom.<\/p>\n\n\n\n<p>U prizemlju se nalazi postrojenje za mlevenje, prostor za istovar maslina i druge prostorije za poljoprivrednu upotrebu. Na prvom spratu je stambeni prostor oplemenjen plafonima otvorenih rogova, drvenim gredama, podovima od terakote, zidovima gletovanim kre\u010dom, secesijskim ogradama i staklenim lusterima.<\/p>\n<\/div>\n\n\n\n<div class=\"wp-block-column is-style-default\">\n<figure class=\"wp-block-image size-full\"><img loading=\"lazy\" decoding=\"async\" width=\"742\" height=\"730\" src=\"https:\/\/shumans-monini-stage.ccws.it\/wp-content\/uploads\/2025\/06\/Il_design.jpg\" alt=\"\" class=\"wp-image-794\" srcset=\"https:\/\/shumans-monini-stage.ccws.it\/wp-content\/uploads\/2025\/06\/Il_design.jpg 742w, https:\/\/shumans-monini-stage.ccws.it\/wp-content\/uploads\/2025\/06\/Il_design-300x295.jpg 300w\" sizes=\"auto, (max-width: 742px) 100vw, 742px\" \/><\/figure>\n<\/div>\n<\/div>\n\n\n\n<div class=\"wp-block-columns is-style-formatted\">\n<div class=\"wp-block-column\">\n<figure class=\"wp-block-image size-full\"><img loading=\"lazy\" decoding=\"async\" width=\"729\" height=\"718\" src=\"https:\/\/shumans-monini-stage.ccws.it\/wp-content\/uploads\/2025\/06\/Gli_ambienti.jpg\" alt=\"\" class=\"wp-image-792\" srcset=\"https:\/\/shumans-monini-stage.ccws.it\/wp-content\/uploads\/2025\/06\/Gli_ambienti.jpg 729w, https:\/\/shumans-monini-stage.ccws.it\/wp-content\/uploads\/2025\/06\/Gli_ambienti-300x295.jpg 300w\" sizes=\"auto, (max-width: 729px) 100vw, 729px\" \/><\/figure>\n<\/div>\n\n\n\n<div class=\"wp-block-column\">\n<h6 class=\"wp-block-heading\"><strong>PROSTOR<\/strong><\/h6>\n\n\n\n<p>Iz toplog ulaznog hola ulazi se u malu biblioteku izra\u0111enu od drveta, koja je prepuna literature o uzgajanju maslina i tehnikama proizvodnje. Nastavljaju\u0107i hodnikom sti\u017eete do velike i moderne kuhinje koja se poput velike pozornice otvara prema dnevnoj sobi i tako \u010dini izvor inspiracije za kulinarske kombinacije koje \u0107e na\u0161 kuvar realizivari pomo\u0107u na\u0161ih proizvoda. Za sme\u0161taj gostiju namenjeno je sedam soba sa kupatilom koje su tako\u0111e name\u0161tene i uskla\u0111ene sa elegancijom ostalih prostora.<\/p>\n<\/div>\n<\/div>\n\n\n\n<div style=\"height:0.25em\" aria-hidden=\"true\" class=\"wp-block-spacer\"><\/div>\n\n\n\n<div class=\"wp-block-columns\">\n<div class=\"wp-block-column\">\n<h2 class=\"wp-block-heading has-text-align-left\">MASLINJAK I BRE\u017dULJCI<\/h2>\n\n\n\n<div style=\"height:0em\" aria-hidden=\"true\" class=\"wp-block-spacer\"><\/div>\n<\/div>\n<\/div>\n\n\n\n<div class=\"wp-block-columns is-style-formatted\">\n<div class=\"wp-block-column\">\n<figure class=\"wp-block-image size-full\"><img loading=\"lazy\" decoding=\"async\" width=\"742\" height=\"730\" src=\"https:\/\/shumans-monini-stage.ccws.it\/wp-content\/uploads\/2025\/06\/Le_colline_degli_olivi.jpg\" alt=\"\" class=\"wp-image-798\" srcset=\"https:\/\/shumans-monini-stage.ccws.it\/wp-content\/uploads\/2025\/06\/Le_colline_degli_olivi.jpg 742w, https:\/\/shumans-monini-stage.ccws.it\/wp-content\/uploads\/2025\/06\/Le_colline_degli_olivi-300x295.jpg 300w\" sizes=\"auto, (max-width: 742px) 100vw, 742px\" \/><\/figure>\n<\/div>\n\n\n\n<div class=\"wp-block-column\">\n<h6 class=\"wp-block-heading\">PREKRIVENI MASLINAMA<\/h6>\n\n\n\n<p>Frantoio del Poggiolo uzdi\u017ee se na tri bre\u017euljka s pogledom na dolinu okruga Spoleto, na \u010detrdeset hektara poljoprivrednog zemlji\u0161ta zasa\u0111enog maslinama.<br>Na ovom se podru\u010dju prostire na\u0161 maslinjak koji se sastoji se od 5.500 stogodi\u0161njih stabala maslina i jo\u0161 1.500 novih sadnica, na prostoru od oko dvadeset i pet hektara povr\u0161ine.<\/p>\n<\/div>\n<\/div>\n\n\n\n<div class=\"wp-block-columns is-style-formatted\">\n<div class=\"wp-block-column\">\n<h6 class=\"wp-block-heading\">SORTE MASLINA<\/h6>\n\n\n\n<p>Sorte koje smo odabrali \u2013 neke autohtone, druge uvozne \u2013 omogu\u0107uju nam pa\u017eljivo prou\u010davanje svake faze i varijable uzgoja, berbe i prerade maslina.<br>Na\u0161 maslinjak sastoji se od otprilike 80% sorte Moraiolo, gotovo isklju\u010divo autohtone umbrijske sorte koja ozna\u010dava me\u0161avinu ulja nastalih na podru\u010dju od okruga Asizi do Spoleta. Ostalih 12% dolazi od sorte Frantoio, a preostalih 4,5% od sorte Leccino, dve plemenite sorte tipi\u010dne za regiju centralne Italije, kojima treba dodati i 3,5% ostalih sorti.<\/p>\n<\/div>\n\n\n\n<div class=\"wp-block-column\">\n<figure class=\"wp-block-image size-full\"><img loading=\"lazy\" decoding=\"async\" width=\"740\" height=\"1128\" src=\"https:\/\/shumans-monini-stage.ccws.it\/wp-content\/uploads\/2025\/06\/Le_cultivar.jpg\" alt=\"\" class=\"wp-image-799\" style=\"aspect-ratio:1;object-fit:cover\" srcset=\"https:\/\/shumans-monini-stage.ccws.it\/wp-content\/uploads\/2025\/06\/Le_cultivar.jpg 740w, https:\/\/shumans-monini-stage.ccws.it\/wp-content\/uploads\/2025\/06\/Le_cultivar-197x300.jpg 197w, https:\/\/shumans-monini-stage.ccws.it\/wp-content\/uploads\/2025\/06\/Le_cultivar-672x1024.jpg 672w\" sizes=\"auto, (max-width: 740px) 100vw, 740px\" \/><\/figure>\n<\/div>\n<\/div>\n\n\n\n<div style=\"height:0.25em\" aria-hidden=\"true\" class=\"wp-block-spacer\"><\/div>\n\n\n\n<div class=\"wp-block-columns\">\n<div class=\"wp-block-column\">\n<h2 class=\"wp-block-heading\">PROIZVODNI POGON<\/h2>\n\n\n\n<div style=\"height:0em\" aria-hidden=\"true\" class=\"wp-block-spacer\"><\/div>\n<\/div>\n<\/div>\n\n\n\n<div class=\"wp-block-columns is-style-formatted\">\n<div class=\"wp-block-column\">\n<figure class=\"wp-block-image size-full\"><img loading=\"lazy\" decoding=\"async\" width=\"1137\" height=\"758\" src=\"https:\/\/shumans-monini-stage.ccws.it\/wp-content\/uploads\/2025\/06\/Il_laboratorio.png\" alt=\"\" class=\"wp-image-796\" srcset=\"https:\/\/shumans-monini-stage.ccws.it\/wp-content\/uploads\/2025\/06\/Il_laboratorio.png 1137w, https:\/\/shumans-monini-stage.ccws.it\/wp-content\/uploads\/2025\/06\/Il_laboratorio-700x467.png 700w, https:\/\/shumans-monini-stage.ccws.it\/wp-content\/uploads\/2025\/06\/Il_laboratorio-1024x683.png 1024w, https:\/\/shumans-monini-stage.ccws.it\/wp-content\/uploads\/2025\/06\/Il_laboratorio-768x512.png 768w\" sizes=\"auto, (max-width: 1137px) 100vw, 1137px\" \/><\/figure>\n<\/div>\n\n\n\n<div class=\"wp-block-column\">\n<p>U na\u0161em poslu je podjednako va\u017eno imati najsavremenije ma\u0161ine, na koje se mo\u017eemo osloniti u fazama koje dolaze nakon uzgoja. Na\u0161 Frantoio del Poggiolo je centar najvi\u0161eg kvaliteta, sa tehnologijama koje garantuju visoke performanse \u010dak i tokom prerade na\u0161ih ni\u0161nih proizvoda, me\u0111u kojima je Il Monello, ekstra devi\u010dansko maslinovo ulje \u201eNovello\u201c, nefiltrirano i koje se svake godine proizvodi u super ograni\u010denim koli\u010dinama.<\/p>\n<\/div>\n<\/div>\n\n\n\n<div style=\"height:0.25em\" aria-hidden=\"true\" class=\"wp-block-spacer\"><\/div>\n\n\n\n<div class=\"wp-block-columns is-style-formatted\">\n<div class=\"wp-block-column\">\n<h6 class=\"wp-block-heading\">UZGOJ<\/h6>\n\n\n\n<p>Da bi se postigao balans arome kod ekstra devi\u010danskog maslinovog ulja, kao i da bi dobilo plemeniti ukus, veoma pa\u017eljivo biramo odgovaraju\u0107e sorte.<\/p>\n\n\n\n<p>Idealna me\u0161avina dobija se samo pomo\u0107u recepta po kome se na mudar i stru\u010dan na\u010din me\u0161aju najbolja ulja dobijena iz odre\u0111ene berbe.<\/p>\n\n\n\n<p>Svaka sorta ima svoje karakteristike i svake godine klima, konzistentnost zemlji\u0161ta i godi\u0161nje doba mogu da uti\u010du na odre\u0111ene promene u proizvodnji, bilo da su u pitanju koli\u010dine, kvalitet ili intenzitet ukusa.<\/p>\n<\/div>\n\n\n\n<div class=\"wp-block-column\">\n<h6 class=\"wp-block-heading\"><strong>PRERADA<\/strong><\/h6>\n\n\n\n<p>Da bi se dobio kvalitet nije dovoljno imati samo dobru sirovinu, ve\u0107 je potrebno poznavanje ispravnih postupaka, ne zaboravljaju\u0107i da elementi kao \u0161to su na\u010din i period berbe, kao i trajanje, oblici i mesta skladi\u0161tenja mogu uticati na ukus finalnog proizvoda.<\/p>\n\n\n\n<p>U zavisnosti od vrste masline, sorte i klimatskog trenda sezone, pravimo razli\u010ditu ra\u010dunicu kada je u pitanju koli\u010dina vode, kao i razli\u010dito vreme prerade.<\/p>\n<\/div>\n<\/div>\n","protected":false},"excerpt":{"rendered":"<p>Srce stalnog, pa\u017eljivog i strastvenog rada koje je oduvek odlikovalo na\u0161u kompaniju.<\/p>\n","protected":false},"author":3,"featured_media":6155,"parent":0,"menu_order":0,"comment_status":"closed","ping_status":"closed","template":"","meta":{"_acf_changed":false,"footnotes":""},"class_list":["post-36487","page","type-page","status-publish","has-post-thumbnail","hentry"],"yoast_head":"<!-- This site is optimized with the Yoast SEO plugin v25.8 - https:\/\/yoast.com\/wordpress\/plugins\/seo\/ -->\n<title>Il Frantoio del Poggiolo - Monini<\/title>\n<meta name=\"robots\" content=\"noindex, follow, max-snippet:-1, max-image-preview:large, max-video-preview:-1\" \/>\n<meta property=\"og:locale\" content=\"sr_RS\" \/>\n<meta property=\"og:type\" content=\"article\" \/>\n<meta property=\"og:title\" content=\"Il Frantoio del Poggiolo - Monini\" \/>\n<meta property=\"og:description\" content=\"Srce stalnog, pa\u017eljivog i strastvenog rada koje je oduvek odlikovalo na\u0161u kompaniju.\" \/>\n<meta property=\"og:url\" content=\"https:\/\/shumans-monini-stage.ccws.it\/sr\/il-frantoio-del-poggiolo\/\" \/>\n<meta property=\"og:site_name\" content=\"Monini\" \/>\n<meta property=\"article:publisher\" content=\"https:\/\/www.facebook.com\/MoniniOlio\/\" \/>\n<meta property=\"article:modified_time\" content=\"2025-08-22T12:58:38+00:00\" \/>\n<meta property=\"og:image\" content=\"https:\/\/shumans-monini-stage.ccws.it\/wp-content\/uploads\/2025\/06\/frantoio-1.jpg\" \/>\n\t<meta property=\"og:image:width\" content=\"700\" \/>\n\t<meta property=\"og:image:height\" content=\"467\" \/>\n\t<meta property=\"og:image:type\" content=\"image\/jpeg\" \/>\n<meta name=\"twitter:card\" content=\"summary_large_image\" \/>\n<meta name=\"twitter:label1\" content=\"\u041f\u0440\u043e\u0446\u0435\u045a\u0435\u043d\u043e \u0432\u0440\u0435\u043c\u0435 \u0447\u0438\u0442\u0430\u045a\u0430\" \/>\n\t<meta name=\"twitter:data1\" content=\"6 \u043c\u0438\u043d\u0443\u0442\" \/>\n<script type=\"application\/ld+json\" class=\"yoast-schema-graph\">{\"@context\":\"https:\/\/schema.org\",\"@graph\":[{\"@type\":\"WebPage\",\"@id\":\"https:\/\/shumans-monini-stage.ccws.it\/sr\/il-frantoio-del-poggiolo\/\",\"url\":\"https:\/\/shumans-monini-stage.ccws.it\/sr\/il-frantoio-del-poggiolo\/\",\"name\":\"Il Frantoio del Poggiolo - Monini\",\"isPartOf\":{\"@id\":\"https:\/\/shumans-monini-stage.ccws.it\/sr\/#website\"},\"primaryImageOfPage\":{\"@id\":\"https:\/\/shumans-monini-stage.ccws.it\/sr\/il-frantoio-del-poggiolo\/#primaryimage\"},\"image\":{\"@id\":\"https:\/\/shumans-monini-stage.ccws.it\/sr\/il-frantoio-del-poggiolo\/#primaryimage\"},\"thumbnailUrl\":\"https:\/\/shumans-monini-stage.ccws.it\/wp-content\/uploads\/2025\/06\/frantoio-1.jpg\",\"datePublished\":\"2025-06-20T15:39:45+00:00\",\"dateModified\":\"2025-08-22T12:58:38+00:00\",\"breadcrumb\":{\"@id\":\"https:\/\/shumans-monini-stage.ccws.it\/sr\/il-frantoio-del-poggiolo\/#breadcrumb\"},\"inLanguage\":\"sr-RS\",\"potentialAction\":[{\"@type\":\"ReadAction\",\"target\":[\"https:\/\/shumans-monini-stage.ccws.it\/sr\/il-frantoio-del-poggiolo\/\"]}]},{\"@type\":\"ImageObject\",\"inLanguage\":\"sr-RS\",\"@id\":\"https:\/\/shumans-monini-stage.ccws.it\/sr\/il-frantoio-del-poggiolo\/#primaryimage\",\"url\":\"https:\/\/shumans-monini-stage.ccws.it\/wp-content\/uploads\/2025\/06\/frantoio-1.jpg\",\"contentUrl\":\"https:\/\/shumans-monini-stage.ccws.it\/wp-content\/uploads\/2025\/06\/frantoio-1.jpg\",\"width\":700,\"height\":467},{\"@type\":\"BreadcrumbList\",\"@id\":\"https:\/\/shumans-monini-stage.ccws.it\/sr\/il-frantoio-del-poggiolo\/#breadcrumb\",\"itemListElement\":[{\"@type\":\"ListItem\",\"position\":1,\"name\":\"Home\",\"item\":\"https:\/\/shumans-monini-stage.ccws.it\/sr\/\"},{\"@type\":\"ListItem\",\"position\":2,\"name\":\"Il Frantoio del Poggiolo\"}]},{\"@type\":\"WebSite\",\"@id\":\"https:\/\/shumans-monini-stage.ccws.it\/sr\/#website\",\"url\":\"https:\/\/shumans-monini-stage.ccws.it\/sr\/\",\"name\":\"Monini\",\"description\":\"Una spremuta di olive\",\"potentialAction\":[{\"@type\":\"SearchAction\",\"target\":{\"@type\":\"EntryPoint\",\"urlTemplate\":\"https:\/\/shumans-monini-stage.ccws.it\/sr\/?s={search_term_string}\"},\"query-input\":{\"@type\":\"PropertyValueSpecification\",\"valueRequired\":true,\"valueName\":\"search_term_string\"}}],\"inLanguage\":\"sr-RS\"}]}<\/script>\n<!-- \/ Yoast SEO plugin. -->","yoast_head_json":{"title":"Il Frantoio del Poggiolo - Monini","robots":{"index":"noindex","follow":"follow","max-snippet":"max-snippet:-1","max-image-preview":"max-image-preview:large","max-video-preview":"max-video-preview:-1"},"og_locale":"sr_RS","og_type":"article","og_title":"Il Frantoio del Poggiolo - Monini","og_description":"Srce stalnog, pa\u017eljivog i strastvenog rada koje je oduvek odlikovalo na\u0161u kompaniju.","og_url":"https:\/\/shumans-monini-stage.ccws.it\/sr\/il-frantoio-del-poggiolo\/","og_site_name":"Monini","article_publisher":"https:\/\/www.facebook.com\/MoniniOlio\/","article_modified_time":"2025-08-22T12:58:38+00:00","og_image":[{"width":700,"height":467,"url":"https:\/\/shumans-monini-stage.ccws.it\/wp-content\/uploads\/2025\/06\/frantoio-1.jpg","type":"image\/jpeg"}],"twitter_card":"summary_large_image","twitter_misc":{"\u041f\u0440\u043e\u0446\u0435\u045a\u0435\u043d\u043e \u0432\u0440\u0435\u043c\u0435 \u0447\u0438\u0442\u0430\u045a\u0430":"6 \u043c\u0438\u043d\u0443\u0442"},"schema":{"@context":"https:\/\/schema.org","@graph":[{"@type":"WebPage","@id":"https:\/\/shumans-monini-stage.ccws.it\/sr\/il-frantoio-del-poggiolo\/","url":"https:\/\/shumans-monini-stage.ccws.it\/sr\/il-frantoio-del-poggiolo\/","name":"Il Frantoio del Poggiolo - Monini","isPartOf":{"@id":"https:\/\/shumans-monini-stage.ccws.it\/sr\/#website"},"primaryImageOfPage":{"@id":"https:\/\/shumans-monini-stage.ccws.it\/sr\/il-frantoio-del-poggiolo\/#primaryimage"},"image":{"@id":"https:\/\/shumans-monini-stage.ccws.it\/sr\/il-frantoio-del-poggiolo\/#primaryimage"},"thumbnailUrl":"https:\/\/shumans-monini-stage.ccws.it\/wp-content\/uploads\/2025\/06\/frantoio-1.jpg","datePublished":"2025-06-20T15:39:45+00:00","dateModified":"2025-08-22T12:58:38+00:00","breadcrumb":{"@id":"https:\/\/shumans-monini-stage.ccws.it\/sr\/il-frantoio-del-poggiolo\/#breadcrumb"},"inLanguage":"sr-RS","potentialAction":[{"@type":"ReadAction","target":["https:\/\/shumans-monini-stage.ccws.it\/sr\/il-frantoio-del-poggiolo\/"]}]},{"@type":"ImageObject","inLanguage":"sr-RS","@id":"https:\/\/shumans-monini-stage.ccws.it\/sr\/il-frantoio-del-poggiolo\/#primaryimage","url":"https:\/\/shumans-monini-stage.ccws.it\/wp-content\/uploads\/2025\/06\/frantoio-1.jpg","contentUrl":"https:\/\/shumans-monini-stage.ccws.it\/wp-content\/uploads\/2025\/06\/frantoio-1.jpg","width":700,"height":467},{"@type":"BreadcrumbList","@id":"https:\/\/shumans-monini-stage.ccws.it\/sr\/il-frantoio-del-poggiolo\/#breadcrumb","itemListElement":[{"@type":"ListItem","position":1,"name":"Home","item":"https:\/\/shumans-monini-stage.ccws.it\/sr\/"},{"@type":"ListItem","position":2,"name":"Il Frantoio del Poggiolo"}]},{"@type":"WebSite","@id":"https:\/\/shumans-monini-stage.ccws.it\/sr\/#website","url":"https:\/\/shumans-monini-stage.ccws.it\/sr\/","name":"Monini","description":"Una spremuta di olive","potentialAction":[{"@type":"SearchAction","target":{"@type":"EntryPoint","urlTemplate":"https:\/\/shumans-monini-stage.ccws.it\/sr\/?s={search_term_string}"},"query-input":{"@type":"PropertyValueSpecification","valueRequired":true,"valueName":"search_term_string"}}],"inLanguage":"sr-RS"}]}},"acf":[],"_links":{"self":[{"href":"https:\/\/shumans-monini-stage.ccws.it\/sr\/wp-json\/wp\/v2\/pages\/36487","targetHints":{"allow":["GET"]}}],"collection":[{"href":"https:\/\/shumans-monini-stage.ccws.it\/sr\/wp-json\/wp\/v2\/pages"}],"about":[{"href":"https:\/\/shumans-monini-stage.ccws.it\/sr\/wp-json\/wp\/v2\/types\/page"}],"author":[{"embeddable":true,"href":"https:\/\/shumans-monini-stage.ccws.it\/sr\/wp-json\/wp\/v2\/users\/3"}],"replies":[{"embeddable":true,"href":"https:\/\/shumans-monini-stage.ccws.it\/sr\/wp-json\/wp\/v2\/comments?post=36487"}],"version-history":[{"count":1,"href":"https:\/\/shumans-monini-stage.ccws.it\/sr\/wp-json\/wp\/v2\/pages\/36487\/revisions"}],"predecessor-version":[{"id":36489,"href":"https:\/\/shumans-monini-stage.ccws.it\/sr\/wp-json\/wp\/v2\/pages\/36487\/revisions\/36489"}],"wp:featuredmedia":[{"embeddable":true,"href":"https:\/\/shumans-monini-stage.ccws.it\/sr\/wp-json\/wp\/v2\/media\/6155"}],"wp:attachment":[{"href":"https:\/\/shumans-monini-stage.ccws.it\/sr\/wp-json\/wp\/v2\/media?parent=36487"}],"curies":[{"name":"wp","href":"https:\/\/api.w.org\/{rel}","templated":true}]}}