{"id":36490,"date":"2025-06-20T16:42:00","date_gmt":"2025-06-20T14:42:00","guid":{"rendered":"https:\/\/shumans-monini-stage.ccws.it\/?page_id=36490"},"modified":"2025-08-22T15:18:10","modified_gmt":"2025-08-22T13:18:10","slug":"nasa-filozofija","status":"publish","type":"page","link":"https:\/\/shumans-monini-stage.ccws.it\/sr\/nasa-filozofija\/","title":{"rendered":"Na\u0161a filozofija"},"content":{"rendered":"\n<div class=\"wp-block-columns is-style-formatted\">\n<div class=\"wp-block-column\">\n<figure class=\"wp-block-image size-large\"><img loading=\"lazy\" decoding=\"async\" width=\"672\" height=\"1024\" src=\"https:\/\/shumans-monini-stage.ccws.it\/wp-content\/uploads\/2025\/06\/La_nostra_mission-672x1024.jpg\" alt=\"\" class=\"wp-image-751\" style=\"aspect-ratio:1;object-fit:cover\" srcset=\"https:\/\/shumans-monini-stage.ccws.it\/wp-content\/uploads\/2025\/06\/La_nostra_mission-672x1024.jpg 672w, https:\/\/shumans-monini-stage.ccws.it\/wp-content\/uploads\/2025\/06\/La_nostra_mission-197x300.jpg 197w, https:\/\/shumans-monini-stage.ccws.it\/wp-content\/uploads\/2025\/06\/La_nostra_mission.jpg 740w\" sizes=\"auto, (max-width: 672px) 100vw, 672px\" \/><\/figure>\n<\/div>\n\n\n\n<div class=\"wp-block-column is-vertically-aligned-center\">\n<p>\u017delimo da podelimo ljubav i strast koju gajimo prema ekstra devi\u010danskom maslinovom ulju, nude\u0107i proizvod vrhunskog kvaliteta sa nepogre\u0161ivim, stalnim ukusom, uvereni da su dobre stvari jedine koje se prepoznaju i nikad ne zaboravljaju.<\/p>\n\n\n\n<p>Tajna kvaliteta na\u0161ih ekstra devi\u010danskih maslinovih ulja nalazi se upravo u njihovom ukusu. Iz tog razloga, pored potvrda koje dolaze iz laboratorijskih ispitivanja, Zefferino Monini i njegovi pouzdani saradnici svakodnevno su odgovorni za degustaciju, zahvaljuju\u0107i kojoj pronalaze i biraju samo ona ulja koja mogu da ispune obe\u0107anje vezano za dobar, sve\u017e i prepoznatljiv ukus.<\/p>\n<\/div>\n<\/div>\n\n\n\n<div class=\"wp-block-columns is-style-formatted\">\n<div class=\"wp-block-column\">\n<figure class=\"wp-block-image size-full\"><img loading=\"lazy\" decoding=\"async\" width=\"740\" height=\"987\" src=\"https:\/\/shumans-monini-stage.ccws.it\/wp-content\/uploads\/2025\/06\/oliva_740x1128-edited.jpg\" alt=\"\" class=\"wp-image-8631\" style=\"aspect-ratio:1;object-fit:cover\" srcset=\"https:\/\/shumans-monini-stage.ccws.it\/wp-content\/uploads\/2025\/06\/oliva_740x1128-edited.jpg 740w, https:\/\/shumans-monini-stage.ccws.it\/wp-content\/uploads\/2025\/06\/oliva_740x1128-edited-525x700.jpg 525w\" sizes=\"auto, (max-width: 740px) 100vw, 740px\" \/><\/figure>\n<\/div>\n\n\n\n<div class=\"wp-block-column is-vertically-aligned-center\">\n<h6 class=\"wp-block-heading\">NA\u0160 ORGANIZACIONI MODEL<\/h6>\n\n\n\n<p>Grupa Monini obavlja svoju delatnost obavezuju\u0107i se da \u0107e ozbiljno, pouzdano i profesionalno primenjivati i po\u0161tovati veoma stroge principe poslovanja.<\/p>\n\n\n\n<p>Etika je od klju\u010dne va\u017enosti u na\u0161em privrednom poslovanju i da bi to pokazali, definisali smo Eti\u010dki kodeks kao instrument korporativne etike koji ima za cilj \u0161irenje na\u0161ih vrednosti i standarda pona\u0161anja koji su u osnovi na\u0161ih aktivnosti.<\/p>\n<\/div>\n<\/div>\n","protected":false},"excerpt":{"rendered":"<p>U svakom proizvodu utkan je kvalitet rada na\u0161e tri generacije.<\/p>\n","protected":false},"author":3,"featured_media":6148,"parent":0,"menu_order":0,"comment_status":"closed","ping_status":"closed","template":"","meta":{"_acf_changed":false,"footnotes":""},"class_list":["post-36490","page","type-page","status-publish","has-post-thumbnail","hentry"],"yoast_head":"<!-- This site is optimized with the Yoast SEO plugin v25.8 - https:\/\/yoast.com\/wordpress\/plugins\/seo\/ -->\n<title>Na\u0161a filozofija - Monini<\/title>\n<meta name=\"robots\" content=\"noindex, follow, max-snippet:-1, max-image-preview:large, max-video-preview:-1\" \/>\n<meta property=\"og:locale\" content=\"sr_RS\" \/>\n<meta property=\"og:type\" content=\"article\" \/>\n<meta property=\"og:title\" content=\"Na\u0161a filozofija - Monini\" \/>\n<meta property=\"og:description\" content=\"U svakom proizvodu utkan je kvalitet rada na\u0161e tri generacije.\" \/>\n<meta property=\"og:url\" content=\"https:\/\/shumans-monini-stage.ccws.it\/sr\/nasa-filozofija\/\" \/>\n<meta property=\"og:site_name\" content=\"Monini\" \/>\n<meta property=\"article:publisher\" content=\"https:\/\/www.facebook.com\/MoniniOlio\/\" \/>\n<meta property=\"article:modified_time\" content=\"2025-08-22T13:18:10+00:00\" \/>\n<meta property=\"og:image\" content=\"https:\/\/shumans-monini-stage.ccws.it\/wp-content\/uploads\/2025\/06\/Header.jpg\" \/>\n\t<meta property=\"og:image:width\" content=\"1138\" \/>\n\t<meta property=\"og:image:height\" content=\"758\" \/>\n\t<meta property=\"og:image:type\" content=\"image\/jpeg\" \/>\n<meta name=\"twitter:card\" content=\"summary_large_image\" \/>\n<meta name=\"twitter:label1\" content=\"\u041f\u0440\u043e\u0446\u0435\u045a\u0435\u043d\u043e \u0432\u0440\u0435\u043c\u0435 \u0447\u0438\u0442\u0430\u045a\u0430\" \/>\n\t<meta name=\"twitter:data1\" content=\"2 \u043c\u0438\u043d\u0443\u0442\" \/>\n<script type=\"application\/ld+json\" class=\"yoast-schema-graph\">{\"@context\":\"https:\/\/schema.org\",\"@graph\":[{\"@type\":\"WebPage\",\"@id\":\"https:\/\/shumans-monini-stage.ccws.it\/sr\/nasa-filozofija\/\",\"url\":\"https:\/\/shumans-monini-stage.ccws.it\/sr\/nasa-filozofija\/\",\"name\":\"Na\u0161a filozofija - Monini\",\"isPartOf\":{\"@id\":\"https:\/\/shumans-monini-stage.ccws.it\/sr\/#website\"},\"primaryImageOfPage\":{\"@id\":\"https:\/\/shumans-monini-stage.ccws.it\/sr\/nasa-filozofija\/#primaryimage\"},\"image\":{\"@id\":\"https:\/\/shumans-monini-stage.ccws.it\/sr\/nasa-filozofija\/#primaryimage\"},\"thumbnailUrl\":\"https:\/\/shumans-monini-stage.ccws.it\/wp-content\/uploads\/2025\/06\/Header.jpg\",\"datePublished\":\"2025-06-20T14:42:00+00:00\",\"dateModified\":\"2025-08-22T13:18:10+00:00\",\"breadcrumb\":{\"@id\":\"https:\/\/shumans-monini-stage.ccws.it\/sr\/nasa-filozofija\/#breadcrumb\"},\"inLanguage\":\"sr-RS\",\"potentialAction\":[{\"@type\":\"ReadAction\",\"target\":[\"https:\/\/shumans-monini-stage.ccws.it\/sr\/nasa-filozofija\/\"]}]},{\"@type\":\"ImageObject\",\"inLanguage\":\"sr-RS\",\"@id\":\"https:\/\/shumans-monini-stage.ccws.it\/sr\/nasa-filozofija\/#primaryimage\",\"url\":\"https:\/\/shumans-monini-stage.ccws.it\/wp-content\/uploads\/2025\/06\/Header.jpg\",\"contentUrl\":\"https:\/\/shumans-monini-stage.ccws.it\/wp-content\/uploads\/2025\/06\/Header.jpg\",\"width\":1138,\"height\":758},{\"@type\":\"BreadcrumbList\",\"@id\":\"https:\/\/shumans-monini-stage.ccws.it\/sr\/nasa-filozofija\/#breadcrumb\",\"itemListElement\":[{\"@type\":\"ListItem\",\"position\":1,\"name\":\"Home\",\"item\":\"https:\/\/shumans-monini-stage.ccws.it\/sr\/\"},{\"@type\":\"ListItem\",\"position\":2,\"name\":\"Na\u0161a filozofija\"}]},{\"@type\":\"WebSite\",\"@id\":\"https:\/\/shumans-monini-stage.ccws.it\/sr\/#website\",\"url\":\"https:\/\/shumans-monini-stage.ccws.it\/sr\/\",\"name\":\"Monini\",\"description\":\"Una spremuta di olive\",\"potentialAction\":[{\"@type\":\"SearchAction\",\"target\":{\"@type\":\"EntryPoint\",\"urlTemplate\":\"https:\/\/shumans-monini-stage.ccws.it\/sr\/?s={search_term_string}\"},\"query-input\":{\"@type\":\"PropertyValueSpecification\",\"valueRequired\":true,\"valueName\":\"search_term_string\"}}],\"inLanguage\":\"sr-RS\"}]}<\/script>\n<!-- \/ Yoast SEO plugin. -->","yoast_head_json":{"title":"Na\u0161a filozofija - Monini","robots":{"index":"noindex","follow":"follow","max-snippet":"max-snippet:-1","max-image-preview":"max-image-preview:large","max-video-preview":"max-video-preview:-1"},"og_locale":"sr_RS","og_type":"article","og_title":"Na\u0161a filozofija - Monini","og_description":"U svakom proizvodu utkan je kvalitet rada na\u0161e tri generacije.","og_url":"https:\/\/shumans-monini-stage.ccws.it\/sr\/nasa-filozofija\/","og_site_name":"Monini","article_publisher":"https:\/\/www.facebook.com\/MoniniOlio\/","article_modified_time":"2025-08-22T13:18:10+00:00","og_image":[{"width":1138,"height":758,"url":"https:\/\/shumans-monini-stage.ccws.it\/wp-content\/uploads\/2025\/06\/Header.jpg","type":"image\/jpeg"}],"twitter_card":"summary_large_image","twitter_misc":{"\u041f\u0440\u043e\u0446\u0435\u045a\u0435\u043d\u043e \u0432\u0440\u0435\u043c\u0435 \u0447\u0438\u0442\u0430\u045a\u0430":"2 \u043c\u0438\u043d\u0443\u0442"},"schema":{"@context":"https:\/\/schema.org","@graph":[{"@type":"WebPage","@id":"https:\/\/shumans-monini-stage.ccws.it\/sr\/nasa-filozofija\/","url":"https:\/\/shumans-monini-stage.ccws.it\/sr\/nasa-filozofija\/","name":"Na\u0161a filozofija - Monini","isPartOf":{"@id":"https:\/\/shumans-monini-stage.ccws.it\/sr\/#website"},"primaryImageOfPage":{"@id":"https:\/\/shumans-monini-stage.ccws.it\/sr\/nasa-filozofija\/#primaryimage"},"image":{"@id":"https:\/\/shumans-monini-stage.ccws.it\/sr\/nasa-filozofija\/#primaryimage"},"thumbnailUrl":"https:\/\/shumans-monini-stage.ccws.it\/wp-content\/uploads\/2025\/06\/Header.jpg","datePublished":"2025-06-20T14:42:00+00:00","dateModified":"2025-08-22T13:18:10+00:00","breadcrumb":{"@id":"https:\/\/shumans-monini-stage.ccws.it\/sr\/nasa-filozofija\/#breadcrumb"},"inLanguage":"sr-RS","potentialAction":[{"@type":"ReadAction","target":["https:\/\/shumans-monini-stage.ccws.it\/sr\/nasa-filozofija\/"]}]},{"@type":"ImageObject","inLanguage":"sr-RS","@id":"https:\/\/shumans-monini-stage.ccws.it\/sr\/nasa-filozofija\/#primaryimage","url":"https:\/\/shumans-monini-stage.ccws.it\/wp-content\/uploads\/2025\/06\/Header.jpg","contentUrl":"https:\/\/shumans-monini-stage.ccws.it\/wp-content\/uploads\/2025\/06\/Header.jpg","width":1138,"height":758},{"@type":"BreadcrumbList","@id":"https:\/\/shumans-monini-stage.ccws.it\/sr\/nasa-filozofija\/#breadcrumb","itemListElement":[{"@type":"ListItem","position":1,"name":"Home","item":"https:\/\/shumans-monini-stage.ccws.it\/sr\/"},{"@type":"ListItem","position":2,"name":"Na\u0161a filozofija"}]},{"@type":"WebSite","@id":"https:\/\/shumans-monini-stage.ccws.it\/sr\/#website","url":"https:\/\/shumans-monini-stage.ccws.it\/sr\/","name":"Monini","description":"Una spremuta di olive","potentialAction":[{"@type":"SearchAction","target":{"@type":"EntryPoint","urlTemplate":"https:\/\/shumans-monini-stage.ccws.it\/sr\/?s={search_term_string}"},"query-input":{"@type":"PropertyValueSpecification","valueRequired":true,"valueName":"search_term_string"}}],"inLanguage":"sr-RS"}]}},"acf":[],"_links":{"self":[{"href":"https:\/\/shumans-monini-stage.ccws.it\/sr\/wp-json\/wp\/v2\/pages\/36490","targetHints":{"allow":["GET"]}}],"collection":[{"href":"https:\/\/shumans-monini-stage.ccws.it\/sr\/wp-json\/wp\/v2\/pages"}],"about":[{"href":"https:\/\/shumans-monini-stage.ccws.it\/sr\/wp-json\/wp\/v2\/types\/page"}],"author":[{"embeddable":true,"href":"https:\/\/shumans-monini-stage.ccws.it\/sr\/wp-json\/wp\/v2\/users\/3"}],"replies":[{"embeddable":true,"href":"https:\/\/shumans-monini-stage.ccws.it\/sr\/wp-json\/wp\/v2\/comments?post=36490"}],"version-history":[{"count":1,"href":"https:\/\/shumans-monini-stage.ccws.it\/sr\/wp-json\/wp\/v2\/pages\/36490\/revisions"}],"predecessor-version":[{"id":36492,"href":"https:\/\/shumans-monini-stage.ccws.it\/sr\/wp-json\/wp\/v2\/pages\/36490\/revisions\/36492"}],"wp:featuredmedia":[{"embeddable":true,"href":"https:\/\/shumans-monini-stage.ccws.it\/sr\/wp-json\/wp\/v2\/media\/6148"}],"wp:attachment":[{"href":"https:\/\/shumans-monini-stage.ccws.it\/sr\/wp-json\/wp\/v2\/media?parent=36490"}],"curies":[{"name":"wp","href":"https:\/\/api.w.org\/{rel}","templated":true}]}}