{"id":36506,"date":"2025-05-26T12:00:06","date_gmt":"2025-05-26T10:00:06","guid":{"rendered":"https:\/\/shumans-monini-stage.ccws.it\/?page_id=36506"},"modified":"2025-08-22T15:59:03","modified_gmt":"2025-08-22T13:59:03","slug":"home","status":"publish","type":"page","link":"https:\/\/shumans-monini-stage.ccws.it\/sr\/","title":{"rendered":"Home"},"content":{"rendered":"\n<div style=\"height:0.5em\" aria-hidden=\"true\" class=\"wp-block-spacer\"><\/div>\n\n\n\n\n\n<section class=\"banner-fixed \">\n\t<div class=\"banner-media\">\n\t\t\t\t\t\t\t\t\t<img loading=\"lazy\" decoding=\"async\" width=\"1600\" height=\"1065\" src=\"https:\/\/shumans-monini-stage.ccws.it\/wp-content\/uploads\/2025\/06\/olive.jpg\" class=\"img-fluid\" alt=\"Image\" srcset=\"https:\/\/shumans-monini-stage.ccws.it\/wp-content\/uploads\/2025\/06\/olive.jpg 1600w, https:\/\/shumans-monini-stage.ccws.it\/wp-content\/uploads\/2025\/06\/olive-300x200.jpg 300w, https:\/\/shumans-monini-stage.ccws.it\/wp-content\/uploads\/2025\/06\/olive-1024x682.jpg 1024w, https:\/\/shumans-monini-stage.ccws.it\/wp-content\/uploads\/2025\/06\/olive-768x511.jpg 768w\" sizes=\"auto, (max-width: 1600px) 100vw, 1600px\" \/>\t\t\t\t\t\t<\/div>\n\t<div class=\"banner-wrapper\">\n\t\t<h2 class=\"h6 section-title\">\n\t\t\t\t\t\t\t<span>Monini<\/span>\n\t\t\t\t\t\t\t\t\t\t<span>Kvalitet<\/span>\n\t\t\t\t\t<\/h2>\n\t\t<div class=\"rte-block\">\n\t\t\t\n\n<h2 class=\"wp-block-heading has-x-large-font-size\">Koreni Kvaliteta<\/h2>\n\n\n\n<p>Kako je mogu\u0107e da je kvalitetno ulje tako dostupno?<\/p>\n\n\n\n<div class=\"wp-block-buttons is-layout-flex wp-block-buttons-is-layout-flex\">\n<div class=\"wp-block-button is-style-outline is-style-outline--1\"><a class=\"btn btn-outline-primary\" href=\"https:\/\/shumans-monini-stage.ccws.it\/sr\/koreni-kvaliteta\/\"><span>Saznajte vi\u0161e<\/span><\/a><\/div>\n<\/div>\n\n\n\t\t<\/div>\n\t<\/div>\n<\/section>\n\n\n\n<div style=\"height:1em\" aria-hidden=\"true\" class=\"wp-block-spacer\"><\/div>\n\n\n\n<section class=\"slider-products \">\n\t<h2 class=\"h6 section-title\"><span>Na\u0161i proizvodi<\/span><\/h2>\n\t<div class=\"swiper swiperProducts\">\n\t\t<div class=\"swiper-wrapper\">\n\t\t\t\t\t\t\t<div class=\"swiper-slide\">\n\t\t\t\t\t\n<div class=\"card card-product\">\n\t<div class=\"card-header\">\n\t\t<h4 class=\"text-tag text-sm\">Ekstra Devi\u010danska Maslinova Ulja<\/h4>\n\t<\/div>\n\t<div class=\"card-body\">\n\t\t<img loading=\"lazy\" decoding=\"async\" width=\"213\" height=\"320\" src=\"https:\/\/shumans-monini-stage.ccws.it\/wp-content\/uploads\/2025\/05\/classico-1-213x320.png\" class=\"img-fluid wp-post-image\" alt=\"Classico\" srcset=\"https:\/\/shumans-monini-stage.ccws.it\/wp-content\/uploads\/2025\/05\/classico-1-213x320.png 213w, https:\/\/shumans-monini-stage.ccws.it\/wp-content\/uploads\/2025\/05\/classico-1-479x720.png 479w\" sizes=\"auto, (max-width: 213px) 100vw, 213px\" \/>\t\t<h3 class=\"card-title text-center\">\n\t\t\t<a href=\"https:\/\/shumans-monini-stage.ccws.it\/sr\/product\/classico\/\" class=\"text-decoration-none stretched-link\" title=\"Classico\">\n\t\t\t\tClassico\t\t\t<\/a>\n\t\t<\/h3>\n\t<\/div>\n\t<div class=\"card-footer\">\n\t\t<p class=\"text-tag text-sm\">Otkriti<\/p>\n\t<\/div>\n<\/div>\t\t\t\t<\/div>\n\t\t\t\t\t\t\t<div class=\"swiper-slide\">\n\t\t\t\t\t\n<div class=\"card card-product\">\n\t<div class=\"card-header\">\n\t\t<h4 class=\"text-tag text-sm\">Ekstra Devi\u010danska Maslinova Ulja<\/h4>\n\t<\/div>\n\t<div class=\"card-body\">\n\t\t<img loading=\"lazy\" decoding=\"async\" width=\"213\" height=\"320\" src=\"https:\/\/shumans-monini-stage.ccws.it\/wp-content\/uploads\/2025\/06\/granfruttato-3-213x320.png\" class=\"img-fluid wp-post-image\" alt=\"GranFruttato 100% Italijansko\" srcset=\"https:\/\/shumans-monini-stage.ccws.it\/wp-content\/uploads\/2025\/06\/granfruttato-3-213x320.png 213w, https:\/\/shumans-monini-stage.ccws.it\/wp-content\/uploads\/2025\/06\/granfruttato-3-479x720.png 479w\" sizes=\"auto, (max-width: 213px) 100vw, 213px\" \/>\t\t<h3 class=\"card-title text-center\">\n\t\t\t<a href=\"https:\/\/shumans-monini-stage.ccws.it\/sr\/product\/granfruttato-100-italijansko\/\" class=\"text-decoration-none stretched-link\" title=\"GranFruttato 100% Italijansko\">\n\t\t\t\tGranFruttato 100% Italijansko\t\t\t<\/a>\n\t\t<\/h3>\n\t<\/div>\n\t<div class=\"card-footer\">\n\t\t<p class=\"text-tag text-sm\">Otkriti<\/p>\n\t<\/div>\n<\/div>\t\t\t\t<\/div>\n\t\t\t\t\t\t\t<div class=\"swiper-slide\">\n\t\t\t\t\t\n<div class=\"card card-product\">\n\t<div class=\"card-header\">\n\t\t<h4 class=\"text-tag text-sm\">Posebna ekstra devi\u010danska maslinova ulja<\/h4>\n\t<\/div>\n\t<div class=\"card-body\">\n\t\t<img loading=\"lazy\" decoding=\"async\" width=\"213\" height=\"320\" src=\"https:\/\/shumans-monini-stage.ccws.it\/wp-content\/uploads\/2025\/08\/bios-serb-213x320.png\" class=\"img-fluid wp-post-image\" alt=\"Bios 100% Italijansko\" srcset=\"https:\/\/shumans-monini-stage.ccws.it\/wp-content\/uploads\/2025\/08\/bios-serb-213x320.png 213w, https:\/\/shumans-monini-stage.ccws.it\/wp-content\/uploads\/2025\/08\/bios-serb-479x720.png 479w\" sizes=\"auto, (max-width: 213px) 100vw, 213px\" \/>\t\t<h3 class=\"card-title text-center\">\n\t\t\t<a href=\"https:\/\/shumans-monini-stage.ccws.it\/sr\/product\/bios-100-italijansko\/\" class=\"text-decoration-none stretched-link\" title=\"Bios 100% Italijansko\">\n\t\t\t\tBios 100% Italijansko\t\t\t<\/a>\n\t\t<\/h3>\n\t<\/div>\n\t<div class=\"card-footer\">\n\t\t<p class=\"text-tag text-sm\">Otkriti<\/p>\n\t<\/div>\n<\/div>\t\t\t\t<\/div>\n\t\t\t\t\t\t\t<div class=\"swiper-slide\">\n\t\t\t\t\t\n<div class=\"card card-product\">\n\t<div class=\"card-header\">\n\t\t<h4 class=\"text-tag text-sm\">Ekstra Devi\u010danska Maslinova Ulja<\/h4>\n\t<\/div>\n\t<div class=\"card-body\">\n\t\t<img loading=\"lazy\" decoding=\"async\" width=\"213\" height=\"320\" src=\"https:\/\/shumans-monini-stage.ccws.it\/wp-content\/uploads\/2025\/08\/nettare-serb-213x320.png\" class=\"img-fluid wp-post-image\" alt=\"Nettare\" srcset=\"https:\/\/shumans-monini-stage.ccws.it\/wp-content\/uploads\/2025\/08\/nettare-serb-213x320.png 213w, https:\/\/shumans-monini-stage.ccws.it\/wp-content\/uploads\/2025\/08\/nettare-serb-479x720.png 479w\" sizes=\"auto, (max-width: 213px) 100vw, 213px\" \/>\t\t<h3 class=\"card-title text-center\">\n\t\t\t<a href=\"https:\/\/shumans-monini-stage.ccws.it\/sr\/product\/nettare\/\" class=\"text-decoration-none stretched-link\" title=\"Nettare\">\n\t\t\t\tNettare\t\t\t<\/a>\n\t\t<\/h3>\n\t<\/div>\n\t<div class=\"card-footer\">\n\t\t<p class=\"text-tag text-sm\">Otkriti<\/p>\n\t<\/div>\n<\/div>\t\t\t\t<\/div>\n\t\t\t\t\t\t\t<div class=\"swiper-slide\">\n\t\t\t\t\t<div class=\"card card-explore\">\n\t\t\t\t\t\t<div class=\"card-body\">\n\t\t\t\t\t\t\t<a href=\"https:\/\/shumans-monini-stage.ccws.it\/sr\/product\/\" class=\"h2 stretched-link explore-all\">Istra\u017eite sve proizvode<\/a>\n\t\t\t\t\t\t\t<p class=\"text-tag text-sm\">Otkriti<\/p>\n\t\t\t\t\t\t<\/div>\n\t\t\t\t\t<\/div>\n\t\t\t\t<\/div>\n\t\t<\/div>\n\t<\/div>\n<\/section>\n\n\n<div style=\"height:0.5em\" aria-hidden=\"true\" class=\"wp-block-spacer\"><\/div>\n\n\n\n<div class=\"wp-block-columns are-vertically-aligned-center is-style-spaced is-style-banner\">\n<div class=\"wp-block-column is-vertically-aligned-center\">\n<figure class=\"wp-block-image size-full\"><img loading=\"lazy\" decoding=\"async\" width=\"1500\" height=\"852\" src=\"https:\/\/shumans-monini-stage.ccws.it\/wp-content\/uploads\/2025\/06\/1.1.jpg\" alt=\"\" class=\"wp-image-2612\" srcset=\"https:\/\/shumans-monini-stage.ccws.it\/wp-content\/uploads\/2025\/06\/1.1.jpg 1500w, https:\/\/shumans-monini-stage.ccws.it\/wp-content\/uploads\/2025\/06\/1.1-700x398.jpg 700w, https:\/\/shumans-monini-stage.ccws.it\/wp-content\/uploads\/2025\/06\/1.1-1024x582.jpg 1024w, https:\/\/shumans-monini-stage.ccws.it\/wp-content\/uploads\/2025\/06\/1.1-768x436.jpg 768w\" sizes=\"auto, (max-width: 1500px) 100vw, 1500px\" \/><\/figure>\n<\/div>\n\n\n\n<div class=\"wp-block-column is-vertically-aligned-center\">\n<h6 class=\"wp-block-heading\">MONINI<\/h6>\n\n\n\n<h2 class=\"wp-block-heading\">Na\u0161i sertifikati<\/h2>\n\n\n\n<p>Usvajanje sertifikovanog sistema kvaliteta zna\u010di uspostavljanje standarda koje treba po\u0161tovati na osnovu dobrovoljnih me\u0111unarodnih standarda.<\/p>\n\n\n\n<div class=\"wp-block-buttons is-layout-flex wp-block-buttons-is-layout-flex\">\n<div class=\"wp-block-button\"><a class=\"btn btn-primary\" href=\"https:\/\/shumans-monini-stage.ccws.it\/sr\/nasi-sertifikati\/\"><span>Saznajte vi\u0161e<\/span><\/a><\/div>\n<\/div>\n<\/div>\n<\/div>\n\n\n\n<div style=\"height:1em\" aria-hidden=\"true\" class=\"wp-block-spacer\"><\/div>\n\n\n\n<section class=\"latest-recipes \"  itemscope itemtype=\"https:\/\/schema.org\/ItemList\">\n\t<meta itemprop=\"name\" content=\"Our recipes\" \/>\n\t<div class=\"section-info\">\n\t\t<h2 class=\"h6 section-title\">\n\t\t\t<span>Na\u0161i recepti<\/span>\n\t\t<\/h2>\n\t<\/div>\n\t<div class=\"row\">\n\t\t\t\t\t\t<div class=\"col-lg-4\" itemprop=\"itemListElement\" itemscope itemtype=\"https:\/\/schema.org\/ListItem\">\n\t\t\t\t\t\t\t<meta itemprop=\"position\" content=\"1\" \/>\n\t\t\t\t\n<div class=\"card card-recipe\" itemprop=\"item\" itemscope itemtype=\"https:\/\/schema.org\/Recipe\">\n    \n            <div class=\"card-img-top\" itemprop=\"image\" itemscope itemtype=\"https:\/\/schema.org\/ImageObject\">\n            <img loading=\"lazy\" decoding=\"async\" width=\"560\" height=\"324\" src=\"https:\/\/shumans-monini-stage.ccws.it\/wp-content\/uploads\/2025\/08\/Screenshot-2025-08-25-125547.png\" class=\"attachment-medium size-medium wp-post-image\" alt=\"Tirolska salata sa brazilskim orasima\" \/>            <meta itemprop=\"url\" content=\"https:\/\/shumans-monini-stage.ccws.it\/wp-content\/uploads\/2025\/08\/Screenshot-2025-08-25-125547.png\" \/>\n        <\/div>\n    \n    <div class=\"card-body\">\n        <div class=\"card-terms\">\n            <span class=\"text-sm text-tag text-primary\" itemprop=\"recipeCategory\">Prilozi<\/span><span class=\"badge\" itemprop=\"recipeCuisine\">Svi recepti<\/span>        <\/div>\n\n        <h3 class=\"h4 card-title\" itemprop=\"name\">\n            <a href=\"https:\/\/shumans-monini-stage.ccws.it\/sr\/recipe\/tirolska-salata-sa-brazilskim-orasima\/\" class=\"text-decoration-none stretched-link\">\n                Tirolska salata sa brazilskim orasima\t\t\t\n            <\/a>\n        <\/h3>\n\n        <meta itemprop=\"description\" content=\"\" \/>\n    <\/div>\n\n    <div class=\"card-footer\">\n        <p class=\"text-tag text-sm text-info\">\n            Perfect with&nbsp;\n            <span itemprop=\"recipeIngredient\">GranFruttato 100% Italijansko<\/span>\n        <\/p>\n    <\/div>\n\n    <meta itemprop=\"author\" content=\"Monini\" \/>\n    <meta itemprop=\"datePublished\" content=\"2025-08-25T12:57:48+02:00\" \/>\n\n<\/div>\n\t\t\t<\/div>\n\t\t\t\t\t\t<div class=\"col-lg-4\" itemprop=\"itemListElement\" itemscope itemtype=\"https:\/\/schema.org\/ListItem\">\n\t\t\t\t\t\t\t<meta itemprop=\"position\" content=\"2\" \/>\n\t\t\t\t\n<div class=\"card card-recipe\" itemprop=\"item\" itemscope itemtype=\"https:\/\/schema.org\/Recipe\">\n    \n            <div class=\"card-img-top\" itemprop=\"image\" itemscope itemtype=\"https:\/\/schema.org\/ImageObject\">\n            <img loading=\"lazy\" decoding=\"async\" width=\"566\" height=\"325\" src=\"https:\/\/shumans-monini-stage.ccws.it\/wp-content\/uploads\/2025\/08\/Screenshot-2025-08-25-125352.png\" class=\"attachment-medium size-medium wp-post-image\" alt=\"Lagana gr\u010dka salata\" \/>            <meta itemprop=\"url\" content=\"https:\/\/shumans-monini-stage.ccws.it\/wp-content\/uploads\/2025\/08\/Screenshot-2025-08-25-125352.png\" \/>\n        <\/div>\n    \n    <div class=\"card-body\">\n        <div class=\"card-terms\">\n            <span class=\"text-sm text-tag text-primary\" itemprop=\"recipeCategory\">Prilozi<\/span><span class=\"badge\" itemprop=\"recipeCuisine\">Svi recepti<\/span>        <\/div>\n\n        <h3 class=\"h4 card-title\" itemprop=\"name\">\n            <a href=\"https:\/\/shumans-monini-stage.ccws.it\/sr\/recipe\/lagana-grcka-salata\/\" class=\"text-decoration-none stretched-link\">\n                Lagana gr\u010dka salata\t\t\t\n            <\/a>\n        <\/h3>\n\n        <meta itemprop=\"description\" content=\"\" \/>\n    <\/div>\n\n    <div class=\"card-footer\">\n        <p class=\"text-tag text-sm text-info\">\n            Perfect with&nbsp;\n            <span itemprop=\"recipeIngredient\">Classico<\/span>\n        <\/p>\n    <\/div>\n\n    <meta itemprop=\"author\" content=\"Monini\" \/>\n    <meta itemprop=\"datePublished\" content=\"2025-08-25T12:55:20+02:00\" \/>\n\n<\/div>\n\t\t\t<\/div>\n\t\t\t\t\t\t<div class=\"col-lg-4\" itemprop=\"itemListElement\" itemscope itemtype=\"https:\/\/schema.org\/ListItem\">\n\t\t\t\t\t\t\t<meta itemprop=\"position\" content=\"3\" \/>\n\t\t\t\t\n<div class=\"card card-recipe\" itemprop=\"item\" itemscope itemtype=\"https:\/\/schema.org\/Recipe\">\n    \n            <div class=\"card-img-top\" itemprop=\"image\" itemscope itemtype=\"https:\/\/schema.org\/ImageObject\">\n            <img loading=\"lazy\" decoding=\"async\" width=\"700\" height=\"495\" src=\"https:\/\/shumans-monini-stage.ccws.it\/wp-content\/uploads\/2025\/08\/Screenshot-2025-08-25-alle-12.53.46-700x495.png\" class=\"attachment-medium size-medium wp-post-image\" alt=\"Gvakamole salata na na\u0161 na\u010din sa paradajzom i crvenim lukom\" srcset=\"https:\/\/shumans-monini-stage.ccws.it\/wp-content\/uploads\/2025\/08\/Screenshot-2025-08-25-alle-12.53.46-700x495.png 700w, https:\/\/shumans-monini-stage.ccws.it\/wp-content\/uploads\/2025\/08\/Screenshot-2025-08-25-alle-12.53.46-768x543.png 768w, https:\/\/shumans-monini-stage.ccws.it\/wp-content\/uploads\/2025\/08\/Screenshot-2025-08-25-alle-12.53.46.png 917w\" sizes=\"auto, (max-width: 700px) 100vw, 700px\" \/>            <meta itemprop=\"url\" content=\"https:\/\/shumans-monini-stage.ccws.it\/wp-content\/uploads\/2025\/08\/Screenshot-2025-08-25-alle-12.53.46.png\" \/>\n        <\/div>\n    \n    <div class=\"card-body\">\n        <div class=\"card-terms\">\n            <span class=\"text-sm text-tag text-primary\" itemprop=\"recipeCategory\">Glavna jela<\/span><span class=\"badge\" itemprop=\"recipeCuisine\">Svi recepti<\/span>        <\/div>\n\n        <h3 class=\"h4 card-title\" itemprop=\"name\">\n            <a href=\"https:\/\/shumans-monini-stage.ccws.it\/sr\/recipe\/gvakamole-salata-na-nas-nacin-sa-paradajzom-i-crvenim-lukom\/\" class=\"text-decoration-none stretched-link\">\n                Gvakamole salata na na\u0161 na\u010din sa paradajzom i crvenim lukom\t\t\t\n            <\/a>\n        <\/h3>\n\n        <meta itemprop=\"description\" content=\"\" \/>\n    <\/div>\n\n    <div class=\"card-footer\">\n        <p class=\"text-tag text-sm text-info\">\n            Perfect with&nbsp;\n            <span itemprop=\"recipeIngredient\">GranFruttato 100% Italijansko<\/span>\n        <\/p>\n    <\/div>\n\n    <meta itemprop=\"author\" content=\"Monini\" \/>\n    <meta itemprop=\"datePublished\" content=\"2025-08-25T12:54:19+02:00\" \/>\n\n<\/div>\n\t\t\t<\/div>\n\t\t\t\t\t\t\t<\/div>\n\t<a href=\"https:\/\/shumans-monini-stage.ccws.it\/sr\/recipe\/\" class=\"btn btn-outline-primary\">\n\t\t<span>Prika\u017ei sve recepte<\/span>\n\t<\/a>\n<\/section>\n\n\n\n<div style=\"height:1em\" aria-hidden=\"true\" class=\"wp-block-spacer\"><\/div>\n\n\n\n<div class=\"wp-block-group is-style-bg-green animation-block\" data-gs-bg=\"#10392A\"><div class=\"wp-block-group__inner-container\">\n<h6 class=\"wp-block-heading has-text-align-center\">Istorija Monini<\/h6>\n\n\n\n<h2 class=\"wp-block-heading has-text-align-center has-x-large-font-size\">Porodi\u010dna pri\u010da<\/h2>\n\n\n\n\n<section data-gs-bg=\"#10392A\" class=\"story-block \">\n\t\t\t\t\t<div class=\"bg-year\">\n\t\t\t\t1920\t\t\t<\/div>\n\t\t\t\t<div class=\"story-info\">\n\t\t\t\t\t\t\t<h6>1920<\/h6>\n\t\t\t\t\t\t\n\n<p>Po\u010detna intuicija, pote\u0161ko\u0107e na putu, ciljevi koje su postigli porodica i kompanija.<\/p>\n\n\n\n<div style=\"height:0.1em\" aria-hidden=\"true\" class=\"wp-block-spacer\"><\/div>\n\n\n\n<div class=\"wp-block-buttons is-content-justification-center is-layout-flex wp-container-core-buttons-is-layout-16018d1d wp-block-buttons-is-layout-flex\">\n<div class=\"wp-block-button is-style-u-secondary\"><a class=\"btn btn-outline-secondary\" href=\"https:\/\/shumans-monini-stage.ccws.it\/sr\/istorija\/\"><span>Otkrijte na\u0161u istoriju<\/span><\/a><\/div>\n<\/div>\n\n\n\t\t<\/div>\n\t\t<div class=\"story-gallery\">\n\t\t\t\t\t\t\t<div class=\"row\">\n\t\t\t\t\t\t\t\t\t\t<div class=\"col-8 col-md-5\">\n\t\t\t\t\t\t\t<div style=\"scale: 0.85;\" class=\"story-img\">\n\t\t\t\t\t\t\t\t\t\t\t\t\t<img loading=\"lazy\" decoding=\"async\" width=\"560\" height=\"680\" src=\"https:\/\/shumans-monini-stage.ccws.it\/wp-content\/uploads\/2025\/06\/storia-1.jpg\" class=\"img-fluid\" alt=\"\" srcset=\"https:\/\/shumans-monini-stage.ccws.it\/wp-content\/uploads\/2025\/06\/storia-1.jpg 560w, https:\/\/shumans-monini-stage.ccws.it\/wp-content\/uploads\/2025\/06\/storia-1-247x300.jpg 247w\" sizes=\"auto, (max-width: 560px) 100vw, 560px\" \/>\t\t\t\t\t\t\t<\/div>\n\t\t\t\t\t\t<\/div>\n\t\t\t\t\t\t\t\t\t\t<div class=\"col-8 offset-4 offset-md-7 col-md-5\">\n\t\t\t\t\t\t\t<div style=\"scale: 0.82;\" class=\"story-img\">\n\t\t\t\t\t\t\t\t\t\t\t\t\t<img loading=\"lazy\" decoding=\"async\" width=\"1024\" height=\"743\" src=\"https:\/\/shumans-monini-stage.ccws.it\/wp-content\/uploads\/2025\/06\/storia-2-1024x743.jpg\" class=\"img-fluid\" alt=\"\" srcset=\"https:\/\/shumans-monini-stage.ccws.it\/wp-content\/uploads\/2025\/06\/storia-2-1024x743.jpg 1024w, https:\/\/shumans-monini-stage.ccws.it\/wp-content\/uploads\/2025\/06\/storia-2-300x218.jpg 300w, https:\/\/shumans-monini-stage.ccws.it\/wp-content\/uploads\/2025\/06\/storia-2-768x557.jpg 768w, https:\/\/shumans-monini-stage.ccws.it\/wp-content\/uploads\/2025\/06\/storia-2.jpg 1340w\" sizes=\"auto, (max-width: 1024px) 100vw, 1024px\" \/>\t\t\t\t\t\t\t<\/div>\n\t\t\t\t\t\t<\/div>\n\t\t\t\t\t\t\t\t<\/div>\n\t\t\t\t\t<\/div>\n<\/section>\n<\/div><\/div>\n\n\n\n<div style=\"height:1em\" aria-hidden=\"true\" class=\"wp-block-spacer\"><\/div>\n","protected":false},"excerpt":{"rendered":"<p>MONINI Na\u0161i sertifikati Usvajanje sertifikovanog sistema kvaliteta zna\u010di uspostavljanje standarda koje treba po\u0161tovati na osnovu&#8230;<\/p>\n","protected":false},"author":3,"featured_media":0,"parent":0,"menu_order":0,"comment_status":"closed","ping_status":"closed","template":"page-home.php","meta":{"_acf_changed":false,"footnotes":""},"class_list":["post-36506","page","type-page","status-publish","hentry"],"yoast_head":"<!-- This site is optimized with the Yoast SEO plugin v25.8 - https:\/\/yoast.com\/wordpress\/plugins\/seo\/ -->\n<title>Home - Monini<\/title>\n<meta name=\"robots\" content=\"noindex, follow, max-snippet:-1, max-image-preview:large, max-video-preview:-1\" \/>\n<meta property=\"og:locale\" content=\"sr_RS\" \/>\n<meta property=\"og:type\" content=\"article\" \/>\n<meta property=\"og:title\" content=\"Home - Monini\" \/>\n<meta property=\"og:description\" content=\"MONINI Na\u0161i sertifikati Usvajanje sertifikovanog sistema kvaliteta zna\u010di uspostavljanje standarda koje treba po\u0161tovati na osnovu...\" \/>\n<meta property=\"og:url\" content=\"https:\/\/shumans-monini-stage.ccws.it\/sr\/\" \/>\n<meta property=\"og:site_name\" content=\"Monini\" \/>\n<meta property=\"article:publisher\" content=\"https:\/\/www.facebook.com\/MoniniOlio\/\" \/>\n<meta property=\"article:modified_time\" content=\"2025-08-22T13:59:03+00:00\" \/>\n<meta property=\"og:image\" content=\"https:\/\/shumans-monini-stage.ccws.it\/wp-content\/uploads\/2025\/06\/1.1.jpg\" \/>\n<meta name=\"twitter:card\" content=\"summary_large_image\" \/>\n<meta name=\"twitter:label1\" content=\"\u041f\u0440\u043e\u0446\u0435\u045a\u0435\u043d\u043e \u0432\u0440\u0435\u043c\u0435 \u0447\u0438\u0442\u0430\u045a\u0430\" \/>\n\t<meta name=\"twitter:data1\" content=\"1 \u043c\u0438\u043d\u0443\u0442\" \/>\n<script type=\"application\/ld+json\" class=\"yoast-schema-graph\">{\"@context\":\"https:\/\/schema.org\",\"@graph\":[{\"@type\":\"WebPage\",\"@id\":\"https:\/\/shumans-monini-stage.ccws.it\/sr\/\",\"url\":\"https:\/\/shumans-monini-stage.ccws.it\/sr\/\",\"name\":\"Home - Monini\",\"isPartOf\":{\"@id\":\"https:\/\/shumans-monini-stage.ccws.it\/sr\/#website\"},\"primaryImageOfPage\":{\"@id\":\"https:\/\/shumans-monini-stage.ccws.it\/sr\/#primaryimage\"},\"image\":{\"@id\":\"https:\/\/shumans-monini-stage.ccws.it\/sr\/#primaryimage\"},\"thumbnailUrl\":\"https:\/\/shumans-monini-stage.ccws.it\/wp-content\/uploads\/2025\/06\/1.1.jpg\",\"datePublished\":\"2025-05-26T10:00:06+00:00\",\"dateModified\":\"2025-08-22T13:59:03+00:00\",\"breadcrumb\":{\"@id\":\"https:\/\/shumans-monini-stage.ccws.it\/sr\/#breadcrumb\"},\"inLanguage\":\"sr-RS\",\"potentialAction\":[{\"@type\":\"ReadAction\",\"target\":[\"https:\/\/shumans-monini-stage.ccws.it\/sr\/\"]}]},{\"@type\":\"ImageObject\",\"inLanguage\":\"sr-RS\",\"@id\":\"https:\/\/shumans-monini-stage.ccws.it\/sr\/#primaryimage\",\"url\":\"https:\/\/shumans-monini-stage.ccws.it\/wp-content\/uploads\/2025\/06\/1.1.jpg\",\"contentUrl\":\"https:\/\/shumans-monini-stage.ccws.it\/wp-content\/uploads\/2025\/06\/1.1.jpg\"},{\"@type\":\"BreadcrumbList\",\"@id\":\"https:\/\/shumans-monini-stage.ccws.it\/sr\/#breadcrumb\",\"itemListElement\":[{\"@type\":\"ListItem\",\"position\":1,\"name\":\"Home\",\"item\":\"https:\/\/shumans-monini-stage.ccws.it\/sr\/\"},{\"@type\":\"ListItem\",\"position\":2,\"name\":\"Home\"}]},{\"@type\":\"WebSite\",\"@id\":\"https:\/\/shumans-monini-stage.ccws.it\/sr\/#website\",\"url\":\"https:\/\/shumans-monini-stage.ccws.it\/sr\/\",\"name\":\"Monini\",\"description\":\"Una spremuta di olive\",\"potentialAction\":[{\"@type\":\"SearchAction\",\"target\":{\"@type\":\"EntryPoint\",\"urlTemplate\":\"https:\/\/shumans-monini-stage.ccws.it\/sr\/?s={search_term_string}\"},\"query-input\":{\"@type\":\"PropertyValueSpecification\",\"valueRequired\":true,\"valueName\":\"search_term_string\"}}],\"inLanguage\":\"sr-RS\"}]}<\/script>\n<!-- \/ Yoast SEO plugin. -->","yoast_head_json":{"title":"Home - Monini","robots":{"index":"noindex","follow":"follow","max-snippet":"max-snippet:-1","max-image-preview":"max-image-preview:large","max-video-preview":"max-video-preview:-1"},"og_locale":"sr_RS","og_type":"article","og_title":"Home - Monini","og_description":"MONINI Na\u0161i sertifikati Usvajanje sertifikovanog sistema kvaliteta zna\u010di uspostavljanje standarda koje treba po\u0161tovati na osnovu...","og_url":"https:\/\/shumans-monini-stage.ccws.it\/sr\/","og_site_name":"Monini","article_publisher":"https:\/\/www.facebook.com\/MoniniOlio\/","article_modified_time":"2025-08-22T13:59:03+00:00","og_image":[{"url":"https:\/\/shumans-monini-stage.ccws.it\/wp-content\/uploads\/2025\/06\/1.1.jpg","type":"","width":"","height":""}],"twitter_card":"summary_large_image","twitter_misc":{"\u041f\u0440\u043e\u0446\u0435\u045a\u0435\u043d\u043e \u0432\u0440\u0435\u043c\u0435 \u0447\u0438\u0442\u0430\u045a\u0430":"1 \u043c\u0438\u043d\u0443\u0442"},"schema":{"@context":"https:\/\/schema.org","@graph":[{"@type":"WebPage","@id":"https:\/\/shumans-monini-stage.ccws.it\/sr\/","url":"https:\/\/shumans-monini-stage.ccws.it\/sr\/","name":"Home - Monini","isPartOf":{"@id":"https:\/\/shumans-monini-stage.ccws.it\/sr\/#website"},"primaryImageOfPage":{"@id":"https:\/\/shumans-monini-stage.ccws.it\/sr\/#primaryimage"},"image":{"@id":"https:\/\/shumans-monini-stage.ccws.it\/sr\/#primaryimage"},"thumbnailUrl":"https:\/\/shumans-monini-stage.ccws.it\/wp-content\/uploads\/2025\/06\/1.1.jpg","datePublished":"2025-05-26T10:00:06+00:00","dateModified":"2025-08-22T13:59:03+00:00","breadcrumb":{"@id":"https:\/\/shumans-monini-stage.ccws.it\/sr\/#breadcrumb"},"inLanguage":"sr-RS","potentialAction":[{"@type":"ReadAction","target":["https:\/\/shumans-monini-stage.ccws.it\/sr\/"]}]},{"@type":"ImageObject","inLanguage":"sr-RS","@id":"https:\/\/shumans-monini-stage.ccws.it\/sr\/#primaryimage","url":"https:\/\/shumans-monini-stage.ccws.it\/wp-content\/uploads\/2025\/06\/1.1.jpg","contentUrl":"https:\/\/shumans-monini-stage.ccws.it\/wp-content\/uploads\/2025\/06\/1.1.jpg"},{"@type":"BreadcrumbList","@id":"https:\/\/shumans-monini-stage.ccws.it\/sr\/#breadcrumb","itemListElement":[{"@type":"ListItem","position":1,"name":"Home","item":"https:\/\/shumans-monini-stage.ccws.it\/sr\/"},{"@type":"ListItem","position":2,"name":"Home"}]},{"@type":"WebSite","@id":"https:\/\/shumans-monini-stage.ccws.it\/sr\/#website","url":"https:\/\/shumans-monini-stage.ccws.it\/sr\/","name":"Monini","description":"Una spremuta di olive","potentialAction":[{"@type":"SearchAction","target":{"@type":"EntryPoint","urlTemplate":"https:\/\/shumans-monini-stage.ccws.it\/sr\/?s={search_term_string}"},"query-input":{"@type":"PropertyValueSpecification","valueRequired":true,"valueName":"search_term_string"}}],"inLanguage":"sr-RS"}]}},"acf":[],"_links":{"self":[{"href":"https:\/\/shumans-monini-stage.ccws.it\/sr\/wp-json\/wp\/v2\/pages\/36506","targetHints":{"allow":["GET"]}}],"collection":[{"href":"https:\/\/shumans-monini-stage.ccws.it\/sr\/wp-json\/wp\/v2\/pages"}],"about":[{"href":"https:\/\/shumans-monini-stage.ccws.it\/sr\/wp-json\/wp\/v2\/types\/page"}],"author":[{"embeddable":true,"href":"https:\/\/shumans-monini-stage.ccws.it\/sr\/wp-json\/wp\/v2\/users\/3"}],"replies":[{"embeddable":true,"href":"https:\/\/shumans-monini-stage.ccws.it\/sr\/wp-json\/wp\/v2\/comments?post=36506"}],"version-history":[{"count":2,"href":"https:\/\/shumans-monini-stage.ccws.it\/sr\/wp-json\/wp\/v2\/pages\/36506\/revisions"}],"predecessor-version":[{"id":36524,"href":"https:\/\/shumans-monini-stage.ccws.it\/sr\/wp-json\/wp\/v2\/pages\/36506\/revisions\/36524"}],"wp:attachment":[{"href":"https:\/\/shumans-monini-stage.ccws.it\/sr\/wp-json\/wp\/v2\/media?parent=36506"}],"curies":[{"name":"wp","href":"https:\/\/api.w.org\/{rel}","templated":true}]}}