{"id":36447,"date":"2025-06-25T10:18:14","date_gmt":"2025-06-25T08:18:14","guid":{"rendered":"https:\/\/shumans-monini-stage.ccws.it\/?post_type=product&#038;p=36447"},"modified":"2025-08-22T14:38:24","modified_gmt":"2025-08-22T12:38:24","slug":"belog-tartufa","status":"publish","type":"product","link":"https:\/\/shumans-monini-stage.ccws.it\/sr\/product\/belog-tartufa\/","title":{"rendered":"Belog Tartufa"},"content":{"rendered":"\n<div class=\"wp-block-group is-style-spaced\"><div class=\"wp-block-group__inner-container\">\n<h6 class=\"wp-block-heading\">Kulinarski savet<\/h6>\n\n\n\n<div style=\"height:0.25em\" aria-hidden=\"true\" class=\"wp-block-spacer\"><\/div>\n\n\n\n<div class=\"wp-block-columns\">\n<div class=\"wp-block-column\"><div class=\"wp-block-image\">\n<figure class=\"aligncenter size-full\"><img loading=\"lazy\" decoding=\"async\" width=\"120\" height=\"120\" src=\"https:\/\/shumans-monini-stage.ccws.it\/wp-content\/uploads\/2025\/06\/icn_carnerossa@2X.png\" alt=\"\" class=\"wp-image-2158\"\/><figcaption class=\"wp-element-caption\">Crveno meso<\/figcaption><\/figure>\n<\/div><\/div>\n\n\n\n<div class=\"wp-block-column\"><div class=\"wp-block-image\">\n<figure class=\"aligncenter size-full\"><img loading=\"lazy\" decoding=\"async\" width=\"120\" height=\"120\" src=\"https:\/\/shumans-monini-stage.ccws.it\/wp-content\/uploads\/2025\/08\/icn_per-arrosti@2X.png\" alt=\"\" class=\"wp-image-34927\"\/><figcaption class=\"wp-element-caption\">Divlja\u010d<\/figcaption><\/figure>\n<\/div><\/div>\n\n\n\n<div class=\"wp-block-column\"><div class=\"wp-block-image\">\n<figure class=\"aligncenter size-full\"><img loading=\"lazy\" decoding=\"async\" width=\"120\" height=\"120\" src=\"https:\/\/shumans-monini-stage.ccws.it\/wp-content\/uploads\/2025\/08\/icn_paste@2X-1.png\" alt=\"\" class=\"wp-image-35494\"\/><figcaption class=\"wp-element-caption\">Sve\u017eu pastu<\/figcaption><\/figure>\n<\/div><\/div>\n\n\n\n<div class=\"wp-block-column\"><div class=\"wp-block-image\">\n<figure class=\"aligncenter size-full\"><img loading=\"lazy\" decoding=\"async\" width=\"120\" height=\"120\" src=\"https:\/\/shumans-monini-stage.ccws.it\/wp-content\/uploads\/2025\/08\/icn_riso@2X-1.png\" alt=\"\" class=\"wp-image-34520\"\/><figcaption class=\"wp-element-caption\">Pirina\u010d i \u017eitarice<\/figcaption><\/figure>\n<\/div><\/div>\n\n\n\n<div class=\"wp-block-column\"><div class=\"wp-block-image\">\n<figure class=\"aligncenter size-full\"><img loading=\"lazy\" decoding=\"async\" width=\"120\" height=\"120\" src=\"https:\/\/shumans-monini-stage.ccws.it\/wp-content\/uploads\/2025\/06\/icn_uova@2X.png\" alt=\"\" class=\"wp-image-36451\"\/><figcaption class=\"wp-element-caption\">Jaja<\/figcaption><\/figure>\n<\/div><\/div>\n<\/div>\n\n\n\n<div style=\"height:0.1em\" aria-hidden=\"true\" class=\"wp-block-spacer\"><\/div>\n\n\n\n<p>Izvrsno za karpa\u0107o, fondu, su\u0161enu govedinu i pr\u017eena jaja. Idealno za predjela.<\/p>\n<\/div><\/div>\n","protected":false},"excerpt":{"rendered":"<p>Monini je izabrao kompletnu liniju Aromatizovanih Ekstra Devi\u010danskih Maslinovih Ulja koja mo\u017ee brzo i lako da doda poseban ukus svakom jelu. Asortiman je odabran da zadovolji sve ukuse, a da se zadr\u017ei autenti\u010dni i tradicionalni ukus italijanske kuhinje. Ekstra devi\u010dansko maslinovo ulje sa aromom belog tartufa je visoko cenjeno kod stru\u010dnjaka, pogodno je za dodavanje ukusa brusketima, jelima od testenine sa belim sosom, pe\u010denju i ostalim gurmanskim kreacijama. Koristite samo par kapi preko pripremljenog jela za intenzivnu aromu.<\/p>\n","protected":false},"author":3,"featured_media":36452,"menu_order":45,"template":"","meta":{"_acf_changed":false,"footnotes":""},"tags":[],"cat_product":[430],"class_list":["post-36447","product","type-product","status-publish","has-post-thumbnail","hentry","cat_product-aromatizovana-ekstra-devicanska-maslinova-ulja"],"yoast_head":"<!-- This site is optimized with the Yoast SEO plugin v25.8 - https:\/\/yoast.com\/wordpress\/plugins\/seo\/ -->\n<title>Belog Tartufa - Monini<\/title>\n<meta name=\"robots\" content=\"noindex, follow, max-snippet:-1, max-image-preview:large, max-video-preview:-1\" \/>\n<meta property=\"og:locale\" content=\"sr_RS\" \/>\n<meta property=\"og:type\" content=\"article\" \/>\n<meta property=\"og:title\" content=\"Belog Tartufa - Monini\" \/>\n<meta property=\"og:description\" content=\"Monini je izabrao kompletnu liniju Aromatizovanih Ekstra Devi\u010danskih Maslinovih Ulja koja mo\u017ee brzo i lako da doda poseban ukus svakom jelu. Asortiman je odabran da zadovolji sve ukuse, a da se zadr\u017ei autenti\u010dni i tradicionalni ukus italijanske kuhinje. Ekstra devi\u010dansko maslinovo ulje sa aromom belog tartufa je visoko cenjeno kod stru\u010dnjaka, pogodno je za dodavanje ukusa brusketima, jelima od testenine sa belim sosom, pe\u010denju i ostalim gurmanskim kreacijama. Koristite samo par kapi preko pripremljenog jela za intenzivnu aromu.\" \/>\n<meta property=\"og:url\" content=\"https:\/\/shumans-monini-stage.ccws.it\/sr\/product\/belog-tartufa\/\" \/>\n<meta property=\"og:site_name\" content=\"Monini\" \/>\n<meta property=\"article:publisher\" content=\"https:\/\/www.facebook.com\/MoniniOlio\/\" \/>\n<meta property=\"article:modified_time\" content=\"2025-08-22T12:38:24+00:00\" \/>\n<meta property=\"og:image\" content=\"https:\/\/shumans-monini-stage.ccws.it\/wp-content\/uploads\/2025\/06\/aromatizzato-tartufo-bianco.png\" \/>\n\t<meta property=\"og:image:width\" content=\"1024\" \/>\n\t<meta property=\"og:image:height\" content=\"1280\" \/>\n\t<meta property=\"og:image:type\" content=\"image\/png\" \/>\n<meta name=\"twitter:card\" content=\"summary_large_image\" \/>\n<meta name=\"twitter:label1\" content=\"\u041f\u0440\u043e\u0446\u0435\u045a\u0435\u043d\u043e \u0432\u0440\u0435\u043c\u0435 \u0447\u0438\u0442\u0430\u045a\u0430\" \/>\n\t<meta name=\"twitter:data1\" content=\"2 \u043c\u0438\u043d\u0443\u0442\" \/>\n<script type=\"application\/ld+json\" class=\"yoast-schema-graph\">{\"@context\":\"https:\/\/schema.org\",\"@graph\":[{\"@type\":\"WebPage\",\"@id\":\"https:\/\/shumans-monini-stage.ccws.it\/sr\/product\/belog-tartufa\/\",\"url\":\"https:\/\/shumans-monini-stage.ccws.it\/sr\/product\/belog-tartufa\/\",\"name\":\"Belog Tartufa - Monini\",\"isPartOf\":{\"@id\":\"https:\/\/shumans-monini-stage.ccws.it\/sr\/#website\"},\"primaryImageOfPage\":{\"@id\":\"https:\/\/shumans-monini-stage.ccws.it\/sr\/product\/belog-tartufa\/#primaryimage\"},\"image\":{\"@id\":\"https:\/\/shumans-monini-stage.ccws.it\/sr\/product\/belog-tartufa\/#primaryimage\"},\"thumbnailUrl\":\"https:\/\/shumans-monini-stage.ccws.it\/wp-content\/uploads\/2025\/06\/aromatizzato-tartufo-bianco.png\",\"datePublished\":\"2025-06-25T08:18:14+00:00\",\"dateModified\":\"2025-08-22T12:38:24+00:00\",\"breadcrumb\":{\"@id\":\"https:\/\/shumans-monini-stage.ccws.it\/sr\/product\/belog-tartufa\/#breadcrumb\"},\"inLanguage\":\"sr-RS\",\"potentialAction\":[{\"@type\":\"ReadAction\",\"target\":[\"https:\/\/shumans-monini-stage.ccws.it\/sr\/product\/belog-tartufa\/\"]}]},{\"@type\":\"ImageObject\",\"inLanguage\":\"sr-RS\",\"@id\":\"https:\/\/shumans-monini-stage.ccws.it\/sr\/product\/belog-tartufa\/#primaryimage\",\"url\":\"https:\/\/shumans-monini-stage.ccws.it\/wp-content\/uploads\/2025\/06\/aromatizzato-tartufo-bianco.png\",\"contentUrl\":\"https:\/\/shumans-monini-stage.ccws.it\/wp-content\/uploads\/2025\/06\/aromatizzato-tartufo-bianco.png\",\"width\":1024,\"height\":1280},{\"@type\":\"BreadcrumbList\",\"@id\":\"https:\/\/shumans-monini-stage.ccws.it\/sr\/product\/belog-tartufa\/#breadcrumb\",\"itemListElement\":[{\"@type\":\"ListItem\",\"position\":1,\"name\":\"Home\",\"item\":\"https:\/\/shumans-monini-stage.ccws.it\/sr\/\"},{\"@type\":\"ListItem\",\"position\":2,\"name\":\"Proizvoda\",\"item\":\"https:\/\/shumans-monini-stage.ccws.it\/sr\/product\/\"},{\"@type\":\"ListItem\",\"position\":3,\"name\":\"Belog Tartufa\"}]},{\"@type\":\"WebSite\",\"@id\":\"https:\/\/shumans-monini-stage.ccws.it\/sr\/#website\",\"url\":\"https:\/\/shumans-monini-stage.ccws.it\/sr\/\",\"name\":\"Monini\",\"description\":\"Una spremuta di olive\",\"potentialAction\":[{\"@type\":\"SearchAction\",\"target\":{\"@type\":\"EntryPoint\",\"urlTemplate\":\"https:\/\/shumans-monini-stage.ccws.it\/sr\/?s={search_term_string}\"},\"query-input\":{\"@type\":\"PropertyValueSpecification\",\"valueRequired\":true,\"valueName\":\"search_term_string\"}}],\"inLanguage\":\"sr-RS\"}]}<\/script>\n<!-- \/ Yoast SEO plugin. -->","yoast_head_json":{"title":"Belog Tartufa - Monini","robots":{"index":"noindex","follow":"follow","max-snippet":"max-snippet:-1","max-image-preview":"max-image-preview:large","max-video-preview":"max-video-preview:-1"},"og_locale":"sr_RS","og_type":"article","og_title":"Belog Tartufa - Monini","og_description":"Monini je izabrao kompletnu liniju Aromatizovanih Ekstra Devi\u010danskih Maslinovih Ulja koja mo\u017ee brzo i lako da doda poseban ukus svakom jelu. Asortiman je odabran da zadovolji sve ukuse, a da se zadr\u017ei autenti\u010dni i tradicionalni ukus italijanske kuhinje. Ekstra devi\u010dansko maslinovo ulje sa aromom belog tartufa je visoko cenjeno kod stru\u010dnjaka, pogodno je za dodavanje ukusa brusketima, jelima od testenine sa belim sosom, pe\u010denju i ostalim gurmanskim kreacijama. Koristite samo par kapi preko pripremljenog jela za intenzivnu aromu.","og_url":"https:\/\/shumans-monini-stage.ccws.it\/sr\/product\/belog-tartufa\/","og_site_name":"Monini","article_publisher":"https:\/\/www.facebook.com\/MoniniOlio\/","article_modified_time":"2025-08-22T12:38:24+00:00","og_image":[{"width":1024,"height":1280,"url":"https:\/\/shumans-monini-stage.ccws.it\/wp-content\/uploads\/2025\/06\/aromatizzato-tartufo-bianco.png","type":"image\/png"}],"twitter_card":"summary_large_image","twitter_misc":{"\u041f\u0440\u043e\u0446\u0435\u045a\u0435\u043d\u043e \u0432\u0440\u0435\u043c\u0435 \u0447\u0438\u0442\u0430\u045a\u0430":"2 \u043c\u0438\u043d\u0443\u0442"},"schema":{"@context":"https:\/\/schema.org","@graph":[{"@type":"WebPage","@id":"https:\/\/shumans-monini-stage.ccws.it\/sr\/product\/belog-tartufa\/","url":"https:\/\/shumans-monini-stage.ccws.it\/sr\/product\/belog-tartufa\/","name":"Belog Tartufa - Monini","isPartOf":{"@id":"https:\/\/shumans-monini-stage.ccws.it\/sr\/#website"},"primaryImageOfPage":{"@id":"https:\/\/shumans-monini-stage.ccws.it\/sr\/product\/belog-tartufa\/#primaryimage"},"image":{"@id":"https:\/\/shumans-monini-stage.ccws.it\/sr\/product\/belog-tartufa\/#primaryimage"},"thumbnailUrl":"https:\/\/shumans-monini-stage.ccws.it\/wp-content\/uploads\/2025\/06\/aromatizzato-tartufo-bianco.png","datePublished":"2025-06-25T08:18:14+00:00","dateModified":"2025-08-22T12:38:24+00:00","breadcrumb":{"@id":"https:\/\/shumans-monini-stage.ccws.it\/sr\/product\/belog-tartufa\/#breadcrumb"},"inLanguage":"sr-RS","potentialAction":[{"@type":"ReadAction","target":["https:\/\/shumans-monini-stage.ccws.it\/sr\/product\/belog-tartufa\/"]}]},{"@type":"ImageObject","inLanguage":"sr-RS","@id":"https:\/\/shumans-monini-stage.ccws.it\/sr\/product\/belog-tartufa\/#primaryimage","url":"https:\/\/shumans-monini-stage.ccws.it\/wp-content\/uploads\/2025\/06\/aromatizzato-tartufo-bianco.png","contentUrl":"https:\/\/shumans-monini-stage.ccws.it\/wp-content\/uploads\/2025\/06\/aromatizzato-tartufo-bianco.png","width":1024,"height":1280},{"@type":"BreadcrumbList","@id":"https:\/\/shumans-monini-stage.ccws.it\/sr\/product\/belog-tartufa\/#breadcrumb","itemListElement":[{"@type":"ListItem","position":1,"name":"Home","item":"https:\/\/shumans-monini-stage.ccws.it\/sr\/"},{"@type":"ListItem","position":2,"name":"Proizvoda","item":"https:\/\/shumans-monini-stage.ccws.it\/sr\/product\/"},{"@type":"ListItem","position":3,"name":"Belog Tartufa"}]},{"@type":"WebSite","@id":"https:\/\/shumans-monini-stage.ccws.it\/sr\/#website","url":"https:\/\/shumans-monini-stage.ccws.it\/sr\/","name":"Monini","description":"Una spremuta di olive","potentialAction":[{"@type":"SearchAction","target":{"@type":"EntryPoint","urlTemplate":"https:\/\/shumans-monini-stage.ccws.it\/sr\/?s={search_term_string}"},"query-input":{"@type":"PropertyValueSpecification","valueRequired":true,"valueName":"search_term_string"}}],"inLanguage":"sr-RS"}]}},"acf":[],"_links":{"self":[{"href":"https:\/\/shumans-monini-stage.ccws.it\/sr\/wp-json\/wp\/v2\/product\/36447","targetHints":{"allow":["GET"]}}],"collection":[{"href":"https:\/\/shumans-monini-stage.ccws.it\/sr\/wp-json\/wp\/v2\/product"}],"about":[{"href":"https:\/\/shumans-monini-stage.ccws.it\/sr\/wp-json\/wp\/v2\/types\/product"}],"author":[{"embeddable":true,"href":"https:\/\/shumans-monini-stage.ccws.it\/sr\/wp-json\/wp\/v2\/users\/3"}],"version-history":[{"count":1,"href":"https:\/\/shumans-monini-stage.ccws.it\/sr\/wp-json\/wp\/v2\/product\/36447\/revisions"}],"predecessor-version":[{"id":36453,"href":"https:\/\/shumans-monini-stage.ccws.it\/sr\/wp-json\/wp\/v2\/product\/36447\/revisions\/36453"}],"wp:featuredmedia":[{"embeddable":true,"href":"https:\/\/shumans-monini-stage.ccws.it\/sr\/wp-json\/wp\/v2\/media\/36452"}],"wp:attachment":[{"href":"https:\/\/shumans-monini-stage.ccws.it\/sr\/wp-json\/wp\/v2\/media?parent=36447"}],"wp:term":[{"taxonomy":"post_tag","embeddable":true,"href":"https:\/\/shumans-monini-stage.ccws.it\/sr\/wp-json\/wp\/v2\/tags?post=36447"},{"taxonomy":"cat_product","embeddable":true,"href":"https:\/\/shumans-monini-stage.ccws.it\/sr\/wp-json\/wp\/v2\/cat_product?post=36447"}],"curies":[{"name":"wp","href":"https:\/\/api.w.org\/{rel}","templated":true}]}}