{"id":36752,"date":"2025-06-25T15:48:51","date_gmt":"2025-06-25T13:48:51","guid":{"rendered":"https:\/\/shumans-monini-stage.ccws.it\/?page_id=36752"},"modified":"2025-08-22T18:29:41","modified_gmt":"2025-08-22T16:29:41","slug":"anvandarvillkor","status":"publish","type":"page","link":"https:\/\/shumans-monini-stage.ccws.it\/sv\/anvandarvillkor\/","title":{"rendered":"Anv\u00e4ndarvillkor"},"content":{"rendered":"\n<div class=\"wp-block-columns\">\n<div class=\"wp-block-column\">\n<h6 class=\"wp-block-heading\">ALLM\u00c4NNA ANV\u00c4NDARVILLKOR<\/h6>\n\n\n\n<p>\u00d6vergripande information g\u00e4llande villkoren f\u00f6r anv\u00e4ndning av denna webbplats<br>Denna webbplats tillhandah\u00e5lls av MONINI S.p.A. med juridiskt s\u00e4te p\u00e5 S.S. Flaminia km 129, 06049 Spoleto (nedan kallat Monini). Webbplatsens information om Monini S.p.A., dess n\u00e4rst\u00e5ende bolag och tredje parter har samlats in med st\u00f6rsta noggrannhet. Detta till trots kan vi inte garantera att informationen \u00e4r fullst\u00e4ndig eller korrekt. Monini avs\u00e4ger sig allt ansvar f\u00f6r misstag i inneh\u00e5llet p\u00e5 denna webbplats. Genom att anv\u00e4nda v\u00e5r webbplats accepterar du, utan undantag eller reservationer, nedanst\u00e5ende allm\u00e4nna anv\u00e4ndarvillkor (nedan kallade Villkoren), som du kan skriva ut eller ladda ner som en pdf-fil. Informationen p\u00e5 v\u00e5r webbplats \u00e4r inte avsedd eller godk\u00e4nd f\u00f6r anv\u00e4ndning inom Amerikas f\u00f6renta stater, av amerikanska medborgare eller av personer som \u00e4r bosatta i USA. S\u00e5dana anv\u00e4ndare h\u00e4nvisas till sin lokala Monini-webbplats eller webbplats tillh\u00f6rande Moninis n\u00e4rst\u00e5ende bolag.<\/p>\n\n\n\n<p>Allm\u00e4nna villkor f\u00f6r anv\u00e4ndning av sidan\/Juridisk information<\/p>\n\n\n\n<p>IMMATERIELL \u00c4GANDER\u00c4TT \u2013 UPPHOVSR\u00c4TT<br>Sidorna p\u00e5 denna webbplats \u00e4r upphovsr\u00e4ttsskyddade. I enlighet med best\u00e4mmelserna i italienskt lagdekret 633\/1941 (lagen om upphovsr\u00e4tt) \u00e4r inneh\u00e5llet p\u00e5 denna webbplats uttryckligen skyddat mot duplicering, \u00f6vers\u00e4ttning samt inf\u00f6relse eller konvertering till annan media, inklusive inf\u00f6relse eller konvertering med hj\u00e4lp av elektroniska medel. Kopiering eller ekonomiskt nyttjande av hela eller delar av inneh\u00e5llet p\u00e5 denna webbplats \u00e4r endast till\u00e5tet efter skriftligt tillst\u00e5nd fr\u00e5n Monini. S\u00e5v\u00e4l sidans inneh\u00e5ll som dess struktur skyddas av upphovsr\u00e4tt. Duplicering av information eller data samt anv\u00e4ndning av texter (eller delar av texter) eller bilder som finns p\u00e5 webbplatsen (med undantag av Moninis fotografier f\u00f6r pressanv\u00e4ndning) kr\u00e4ver uttryckligen ett skriftligt f\u00f6rhandsgodk\u00e4nnande fr\u00e5n Monini. I enlighet med artikel 1 i italienskt lagdekret 633\/1941 \u00e4r \u00e4ven illustrationer skyddade av upphovsr\u00e4tt. Monini \u00e4r ensam innehavare till r\u00e4tten att publicera och kopiera dessa formgivningar. Upphovsr\u00e4tten f\u00f6r formgivningar g\u00e4ller \u00e4ven formgivning som automatiskt eller manuellt l\u00e4ggs till ett arkiv.<\/p>\n\n\n\n<p>Bilder av Monini f\u00f6r pressanv\u00e4ndning f\u00e5r anv\u00e4ndas uteslutande f\u00f6r redaktionella syften. All kopiering, vidares\u00e4ndning, modifiering eller anv\u00e4ndning av fotografierna p\u00e5 denna webbplats f\u00f6r pressanv\u00e4ndning m\u00e5ste f\u00f6rses med f\u00f6ljande kommentar:<\/p>\n\n\n\n<p>Copyright \u00a9 (2018) Monini S.p.A. Med ensamr\u00e4tt.<br>\u00c4ven om s\u00e5dan kopiering \u00e4r kostnadsfri beg\u00e4r vi en kopia till v\u00e5ra filer.<br>VARUM\u00c4RKEN<br>Produktnamn som publiceras p\u00e5 denna webbplats \u00e4r varum\u00e4rken som tillh\u00f6r Monini S.p.A. och som skyddas av varum\u00e4rkeslagen (italienskt lagdekret 30\/2005 och senare \u00e4ndringar och kompletteringar) och av best\u00e4mmelser ang\u00e5ende illojal konkurrens.<br>ANSVARSBEGR\u00c4NSNING \u2013 TREDJE PARTS R\u00c4TTIGHETER<br>a) Denna webbplats kan inneh\u00e5lla l\u00e4nkar till andra webbplatser som inte \u00e4gs eller hanteras av Monini. Monini kan inte kontrollera inneh\u00e5llet p\u00e5 s\u00e5dana webbplatser och kan d\u00e4rmed inte h\u00e5llas ansvarigt f\u00f6r konsekvenser som uppst\u00e5r efter anv\u00e4ndning av dem. Det faktum att Monini tillhandah\u00e5ller l\u00e4nkar till dessa webbplatser inneb\u00e4r inte att Monini samtycker till deras inneh\u00e5ll. Webbplatserna tillhandah\u00e5lls uteslutande f\u00f6r att underl\u00e4tta din navigering. Monini avs\u00e4ger sig uttryckligen ansvaret f\u00f6r eventuella brott mot lagstadgade best\u00e4mmelser eller \u00f6vertr\u00e4delser av tredje parts r\u00e4ttigheter som intr\u00e4ffar till f\u00f6ljd av inneh\u00e5llet p\u00e5 dessa webbplatser.<br>b) \u00c4gare till webbplatser till vilka Moninis webbplats tillhandah\u00e5ller hyperl\u00e4nkar \u00e4r ensamt ansvariga f\u00f6r inneh\u00e5llet p\u00e5 sina respektive webbplatser, liksom f\u00f6r online-f\u00f6rs\u00e4ljning av produkter och villkor f\u00f6r f\u00f6rs\u00e4ljning, orderhantering och\/eller konsekvenser av ink\u00f6p av s\u00e5dana produkter.<br>c) Monini avs\u00e4ger sig ansvaret f\u00f6r alla \u00f6vertr\u00e4delser av upphovsr\u00e4tt, varum\u00e4rkesr\u00e4tt och r\u00e4tten till privatliv vilka intr\u00e4ffar p\u00e5 grund av att man bes\u00f6kt en webbplats via en l\u00e4nk p\u00e5 Moninis webbplats.<br>d) Vid en order eller annan juridisk f\u00f6rklaring g\u00e4llande en transaktion uppr\u00e4ttas kontraktet uteslutande mellan webbsidans \u00e4gare eller operat\u00f6r, och under inga omst\u00e4ndigheter kommer kontraktet att uppr\u00e4ttas mellan Monini och anv\u00e4ndaren. V\u00e4nligen l\u00e4s de specifika f\u00f6rs\u00e4ljningsvillkoren p\u00e5 den l\u00e4nkade webbplatsen f\u00f6r vidare information.<\/p>\n\n\n\n<p>ANSVARSFRIHET<br>Monini \u00e4r ansvarigt f\u00f6r skador som uppkommer som en f\u00f6ljd av anv\u00e4ndning av denna webbplats endast i fall av medveten eller grov oaktsamhet. Det inneb\u00e4r inte n\u00e5gon begr\u00e4nsning av Moninis ansvar som tillverkare eller relativa garantier som l\u00e4mnas f\u00f6r produkterna. S\u00e5dan ansvarsbegr\u00e4nsning ska inte ens till\u00e4mpas i fall av livshotande skador, kroppsskada eller skada p\u00e5 h\u00e4lsan.<br>Monini vidtar alla m\u00f6jliga \u00e5tg\u00e4rder i syfte att h\u00e5lla webbsidan fri fr\u00e5n virus, men kan inte garantera att s\u00e5dana inte f\u00f6rekommer. D\u00e4rf\u00f6r rekommenderar vi yttersta f\u00f6rsiktighet och anv\u00e4ndning av ett l\u00e4mpligt virusskydd (t.ex. genom att installera ett antivirusprogram i datorn).<\/p>\n\n\n\n<p>Monini garanterar inte avsaknad av fel eller tillg\u00e4ngligheten f\u00f6r de tj\u00e4nster som erbjuds p\u00e5 webbplatsen.<br>PROGNOSER OCH AVSIKTSF\u00d6RKLARINGAR<br>Avsiktsf\u00f6rklaringar och\/eller prognoser p\u00e5 denna webbplats har tagits fram efter v\u00e5r b\u00e4sta f\u00f6rm\u00e5ga.\u202f Dock kan de resultat Monini faktiskt n\u00e5r skilja sig avsev\u00e4rt fr\u00e5n dessa prognoser, eftersom de beror p\u00e5 ett antal konkurrensm\u00e4ssiga och ekonomiska faktorer som ligger bortom Moninis kontroll. Utan att n\u00e5gra lagstadgade skyldigheter p\u00e5verkas avs\u00e4ger sig Monini ansvaret att uppdatera s\u00e5dana f\u00f6rklaringar och prognoser.<\/p>\n\n\n\n<p>MONINIS PRODUKTER<br>Produkter fr\u00e5n Monini Group finns tillg\u00e4ngliga i m\u00e5nga l\u00e4nder v\u00e4rlden \u00f6ver.<br>F\u00f6r att skapa en l\u00e4nk till denna webbplats ber vi att ni skickar en f\u00f6rfr\u00e5gan via e-post till adressen info [at] monini [dot] com. E-brevet ska inneh\u00e5lla: (i) detaljer om den person som ansvarar f\u00f6r hantering av hyperl\u00e4nkar; (ii) information om den s\u00f6kande; (iii) URL f\u00f6r den webbplats d\u00e4r l\u00e4nken till denna webbplats kommer att finnas.<br>Monini f\u00f6rbeh\u00e5ller sig r\u00e4tten att utv\u00e4rdera och fatta ett obestridligt beslut om dessa krav med l\u00e4mplig \u00e5terkoppling. Om Monini inte ger n\u00e5got svar ska f\u00f6rfr\u00e5gan bed\u00f6mas som nekad.<br>I \u00f6vriga fall \u00e4r l\u00e4nkar till denna webbplats inte till\u00e5tna, och alla \u00f6vertr\u00e4delser av dessa villkor beivras i enlighet med g\u00e4llande lagstiftning.<br>\u00d6VRIGT<br>De allm\u00e4nna anv\u00e4ndarvillkoren regleras av och tas fram i enlighet med italiensk lagstiftning, utan h\u00e4nsyn till United Nations Convention on Contracts for the International Sale of Goods (Internationella k\u00f6plagen) vars till\u00e4mpning uttryckligen exkluderas i dessa allm\u00e4nna anv\u00e4ndarvillkor.\u202f I den utstr\u00e4ckning till\u00e4mplig lagstiftning s\u00e5 till\u00e5ter kommer alla tvister g\u00e4llande denna webbplats att avg\u00f6ras vid domstolen i Spoleto. Om en eller flera av best\u00e4mmelserna i dessa allm\u00e4nna anv\u00e4ndarvillkor skulle bli ogiltiga ska detta inte inverka p\u00e5 \u00f6vriga best\u00e4mmelsers giltighet.<\/p>\n\n\n\n<div style=\"height:42px\" aria-hidden=\"true\" class=\"wp-block-spacer\"><\/div>\n<\/div>\n<\/div>\n","protected":false},"excerpt":{"rendered":"<p>ALLM\u00c4NNA ANV\u00c4NDARVILLKOR \u00d6vergripande information g\u00e4llande villkoren f\u00f6r anv\u00e4ndning av denna webbplatsDenna webbplats tillhandah\u00e5lls av MONINI&#8230;<\/p>\n","protected":false},"author":3,"featured_media":0,"parent":0,"menu_order":0,"comment_status":"closed","ping_status":"closed","template":"","meta":{"_acf_changed":false,"footnotes":""},"class_list":["post-36752","page","type-page","status-publish","hentry"],"yoast_head":"<!-- This site is optimized with the Yoast SEO plugin v25.8 - https:\/\/yoast.com\/wordpress\/plugins\/seo\/ -->\n<title>Anv\u00e4ndarvillkor - Monini<\/title>\n<meta name=\"robots\" content=\"noindex, follow, max-snippet:-1, max-image-preview:large, max-video-preview:-1\" \/>\n<meta property=\"og:locale\" content=\"sv_SE\" \/>\n<meta property=\"og:type\" content=\"article\" \/>\n<meta property=\"og:title\" content=\"Anv\u00e4ndarvillkor - Monini\" \/>\n<meta property=\"og:description\" content=\"ALLM\u00c4NNA ANV\u00c4NDARVILLKOR \u00d6vergripande information g\u00e4llande villkoren f\u00f6r anv\u00e4ndning av denna webbplatsDenna webbplats tillhandah\u00e5lls av MONINI...\" \/>\n<meta property=\"og:url\" content=\"https:\/\/shumans-monini-stage.ccws.it\/sv\/anvandarvillkor\/\" \/>\n<meta property=\"og:site_name\" content=\"Monini\" \/>\n<meta property=\"article:publisher\" content=\"https:\/\/www.facebook.com\/MoniniOlio\/\" \/>\n<meta property=\"article:modified_time\" content=\"2025-08-22T16:29:41+00:00\" \/>\n<meta name=\"twitter:card\" content=\"summary_large_image\" \/>\n<meta name=\"twitter:label1\" content=\"Ber\u00e4knad l\u00e4stid\" \/>\n\t<meta name=\"twitter:data1\" content=\"6 minut\" \/>\n<script type=\"application\/ld+json\" class=\"yoast-schema-graph\">{\"@context\":\"https:\/\/schema.org\",\"@graph\":[{\"@type\":\"WebPage\",\"@id\":\"https:\/\/shumans-monini-stage.ccws.it\/sv\/anvandarvillkor\/\",\"url\":\"https:\/\/shumans-monini-stage.ccws.it\/sv\/anvandarvillkor\/\",\"name\":\"Anv\u00e4ndarvillkor - Monini\",\"isPartOf\":{\"@id\":\"https:\/\/shumans-monini-stage.ccws.it\/sv\/#website\"},\"datePublished\":\"2025-06-25T13:48:51+00:00\",\"dateModified\":\"2025-08-22T16:29:41+00:00\",\"breadcrumb\":{\"@id\":\"https:\/\/shumans-monini-stage.ccws.it\/sv\/anvandarvillkor\/#breadcrumb\"},\"inLanguage\":\"sv-SE\",\"potentialAction\":[{\"@type\":\"ReadAction\",\"target\":[\"https:\/\/shumans-monini-stage.ccws.it\/sv\/anvandarvillkor\/\"]}]},{\"@type\":\"BreadcrumbList\",\"@id\":\"https:\/\/shumans-monini-stage.ccws.it\/sv\/anvandarvillkor\/#breadcrumb\",\"itemListElement\":[{\"@type\":\"ListItem\",\"position\":1,\"name\":\"Home\",\"item\":\"https:\/\/shumans-monini-stage.ccws.it\/sv\/\"},{\"@type\":\"ListItem\",\"position\":2,\"name\":\"Anv\u00e4ndarvillkor\"}]},{\"@type\":\"WebSite\",\"@id\":\"https:\/\/shumans-monini-stage.ccws.it\/sv\/#website\",\"url\":\"https:\/\/shumans-monini-stage.ccws.it\/sv\/\",\"name\":\"Monini\",\"description\":\"Una spremuta di olive\",\"potentialAction\":[{\"@type\":\"SearchAction\",\"target\":{\"@type\":\"EntryPoint\",\"urlTemplate\":\"https:\/\/shumans-monini-stage.ccws.it\/sv\/?s={search_term_string}\"},\"query-input\":{\"@type\":\"PropertyValueSpecification\",\"valueRequired\":true,\"valueName\":\"search_term_string\"}}],\"inLanguage\":\"sv-SE\"}]}<\/script>\n<!-- \/ Yoast SEO plugin. -->","yoast_head_json":{"title":"Anv\u00e4ndarvillkor - Monini","robots":{"index":"noindex","follow":"follow","max-snippet":"max-snippet:-1","max-image-preview":"max-image-preview:large","max-video-preview":"max-video-preview:-1"},"og_locale":"sv_SE","og_type":"article","og_title":"Anv\u00e4ndarvillkor - Monini","og_description":"ALLM\u00c4NNA ANV\u00c4NDARVILLKOR \u00d6vergripande information g\u00e4llande villkoren f\u00f6r anv\u00e4ndning av denna webbplatsDenna webbplats tillhandah\u00e5lls av MONINI...","og_url":"https:\/\/shumans-monini-stage.ccws.it\/sv\/anvandarvillkor\/","og_site_name":"Monini","article_publisher":"https:\/\/www.facebook.com\/MoniniOlio\/","article_modified_time":"2025-08-22T16:29:41+00:00","twitter_card":"summary_large_image","twitter_misc":{"Ber\u00e4knad l\u00e4stid":"6 minut"},"schema":{"@context":"https:\/\/schema.org","@graph":[{"@type":"WebPage","@id":"https:\/\/shumans-monini-stage.ccws.it\/sv\/anvandarvillkor\/","url":"https:\/\/shumans-monini-stage.ccws.it\/sv\/anvandarvillkor\/","name":"Anv\u00e4ndarvillkor - Monini","isPartOf":{"@id":"https:\/\/shumans-monini-stage.ccws.it\/sv\/#website"},"datePublished":"2025-06-25T13:48:51+00:00","dateModified":"2025-08-22T16:29:41+00:00","breadcrumb":{"@id":"https:\/\/shumans-monini-stage.ccws.it\/sv\/anvandarvillkor\/#breadcrumb"},"inLanguage":"sv-SE","potentialAction":[{"@type":"ReadAction","target":["https:\/\/shumans-monini-stage.ccws.it\/sv\/anvandarvillkor\/"]}]},{"@type":"BreadcrumbList","@id":"https:\/\/shumans-monini-stage.ccws.it\/sv\/anvandarvillkor\/#breadcrumb","itemListElement":[{"@type":"ListItem","position":1,"name":"Home","item":"https:\/\/shumans-monini-stage.ccws.it\/sv\/"},{"@type":"ListItem","position":2,"name":"Anv\u00e4ndarvillkor"}]},{"@type":"WebSite","@id":"https:\/\/shumans-monini-stage.ccws.it\/sv\/#website","url":"https:\/\/shumans-monini-stage.ccws.it\/sv\/","name":"Monini","description":"Una spremuta di olive","potentialAction":[{"@type":"SearchAction","target":{"@type":"EntryPoint","urlTemplate":"https:\/\/shumans-monini-stage.ccws.it\/sv\/?s={search_term_string}"},"query-input":{"@type":"PropertyValueSpecification","valueRequired":true,"valueName":"search_term_string"}}],"inLanguage":"sv-SE"}]}},"acf":[],"_links":{"self":[{"href":"https:\/\/shumans-monini-stage.ccws.it\/sv\/wp-json\/wp\/v2\/pages\/36752","targetHints":{"allow":["GET"]}}],"collection":[{"href":"https:\/\/shumans-monini-stage.ccws.it\/sv\/wp-json\/wp\/v2\/pages"}],"about":[{"href":"https:\/\/shumans-monini-stage.ccws.it\/sv\/wp-json\/wp\/v2\/types\/page"}],"author":[{"embeddable":true,"href":"https:\/\/shumans-monini-stage.ccws.it\/sv\/wp-json\/wp\/v2\/users\/3"}],"replies":[{"embeddable":true,"href":"https:\/\/shumans-monini-stage.ccws.it\/sv\/wp-json\/wp\/v2\/comments?post=36752"}],"version-history":[{"count":1,"href":"https:\/\/shumans-monini-stage.ccws.it\/sv\/wp-json\/wp\/v2\/pages\/36752\/revisions"}],"predecessor-version":[{"id":36754,"href":"https:\/\/shumans-monini-stage.ccws.it\/sv\/wp-json\/wp\/v2\/pages\/36752\/revisions\/36754"}],"wp:attachment":[{"href":"https:\/\/shumans-monini-stage.ccws.it\/sv\/wp-json\/wp\/v2\/media?parent=36752"}],"curies":[{"name":"wp","href":"https:\/\/api.w.org\/{rel}","templated":true}]}}