{"id":36755,"date":"2025-06-25T15:28:12","date_gmt":"2025-06-25T13:28:12","guid":{"rendered":"https:\/\/shumans-monini-stage.ccws.it\/?page_id=36755"},"modified":"2025-08-22T18:30:50","modified_gmt":"2025-08-22T16:30:50","slug":"sekretesspolicy","status":"publish","type":"page","link":"https:\/\/shumans-monini-stage.ccws.it\/sv\/sekretesspolicy\/","title":{"rendered":"Sekretesspolicy"},"content":{"rendered":"\n<div class=\"wp-block-columns\">\n<div class=\"wp-block-column\">\n<h3 class=\"wp-block-heading\"><strong>KOMMENTAR (\u201cC\u201d)<\/strong>&nbsp;<\/h3>\n\n\n\n<p><strong>I enlighet med artikel 13 i italienskt lagdekret nr. 196 av den 30 juni 2003,<\/strong>&nbsp;<\/p>\n\n\n\n<p><strong>Lagen om skydd av personuppgifter (nedan kallad dataskyddslagen)<\/strong>&nbsp;<\/p>\n\n\n\n<p>I enlighet med dataskyddslagens artikel 13 och i relation till alla personliga och juridiska uppgifter om dig vilka kan bli f\u00f6rem\u00e5l f\u00f6r behandling i syfte att ta fram och uppr\u00e4tta ett avtal med MONINI S.p.A.&nbsp;<\/p>\n\n\n\n<p>(forts\u00e4ttningsvis \u201d<strong>Uppgifter<\/strong>\u201d respektive \u201d<strong>Avtal<\/strong>\u201d), vill vi informera om f\u00f6ljande:&nbsp;<\/p>\n\n\n\n<p><strong>1 \u2013 PERSONUPPGIFTSANSVARIG<\/strong>&nbsp;<\/p>\n\n\n\n<p>Personuppgiftsansvarig \u00e4r Monini S.p.A. med juridiskt s\u00e4te i Spoleto (PG) Italien, S.S. 3 Flaminia, Km 129, som f\u00f6retr\u00e4des av&nbsp; Dr. Zefferino Francesco Monini, VD och tillf\u00f6rordnat juridisk ombud (forts\u00e4ttningsvis \u201c<strong>Personuppgiftsansvarig<\/strong>\u201d).&nbsp;<\/p>\n\n\n\n<p><strong>2 \u2013 SYFTET MED BEHANDLING AV PERSONUPPGIFTER<\/strong>&nbsp;<\/p>\n\n\n\n<p>Personuppgifterna behandlas:&nbsp;<\/p>\n\n\n\n<p>(a) f\u00f6r att Personuppgiftsansvarig ska kunna utf\u00f6ra de uppgifter som kr\u00e4vs f\u00f6r att fullf\u00f6lja Avtalet;&nbsp;<\/p>\n\n\n\n<p>(b) f\u00f6r att uppfylla skyldigheter som fastst\u00e4lls i till\u00e4mpliga lagar och f\u00f6rordningar, och i best\u00e4mmelser som f\u00f6rordnas av kompetenta myndigheter\/\u00f6vervaknings- och kontrollorgan.&nbsp;<\/p>\n\n\n\n<p><strong>3 \u2013 METODER F\u00d6R BEHANDLING AV PERSONUPPGIFTER<\/strong>&nbsp;<\/p>\n\n\n\n<p>Personuppgifterna behandlas:&nbsp;<\/p>\n\n\n\n<p>(a) med metoder och procedurer som \u00e4r strikt n\u00f6dv\u00e4ndiga f\u00f6r att utf\u00f6ra de uppgifter som beskrivs i artikel 2, underavsnitt (a) ovan, och med de f\u00f6rfaringss\u00e4tt eller kombinationer av f\u00f6rfaringss\u00e4tt som anges i artikel 4, avsnitt 1, underavsnitt a) i Dataskyddslagen;&nbsp;<\/p>\n\n\n\n<p>(b) \u00e4ven med hj\u00e4lp av elektroniska eller andra automatiserade medel. I detta avseende understryks att Uppgifterna lagras i arkiv, i b\u00e5de elektroniskt format och pappersformat, som finns p\u00e5 den Personuppgiftsansvariges juridiska s\u00e4te;&nbsp;<\/p>\n\n\n\n<p>(c) \u00e4ven med hj\u00e4lp av&nbsp;<em>fax<\/em>, e-post och\/eller andra tekniker f\u00f6r fj\u00e4rrkommunikation. Personuppgiftsansvarig anv\u00e4nder samma metoder n\u00e4r uppgifterna kommuniceras till tredje part f\u00f6r dessa syften, enligt vad som anges i punkt 6 och 8 nedan.&nbsp;<\/p>\n\n\n\n<p><strong>4 \u2013 TILLHANDAH\u00c5LLANDE AV UPPGIFTER<\/strong>&nbsp;<\/p>\n\n\n\n<p>Utan att det p\u00e5verkar den ber\u00f6rda partens sj\u00e4lvbest\u00e4mmander\u00e4tt \u00e4r tillhandah\u00e5llande av personuppgifter f\u00f6r de syften som n\u00e4mns i punkt 2 obligatoriska i enlighet med g\u00e4llande lagar eller f\u00f6rordningar.&nbsp;<\/p>\n\n\n\n<p><em>MONINI S.p.A.\u2013 rev. 0<\/em>&nbsp;<\/p>\n\n\n\n<p><strong>5 \u2013 V\u00c4GRAN ATT TILLHANDAH\u00c5LLA UPPGIFTER<\/strong>&nbsp;<\/p>\n\n\n\n<p>Om den ber\u00f6rda parten v\u00e4grar att tillhandah\u00e5lla sina personuppgifter eller att samtycka till att de behandlas blir det om\u00f6jligt f\u00f6r Personuppgiftsansvarig att ta fram och eventuellt ing\u00e5 ett Avtal.&nbsp;<\/p>\n\n\n\n<p><strong>6 \u2013 UTL\u00c4MNANDE AV UPPGIFTER<\/strong>&nbsp;<\/p>\n\n\n\n<p>Uppgifterna kan l\u00e4mnas ut till andra parter f\u00f6r de syften som finns angivna i punkt 2, och kan framf\u00f6r allt l\u00e4mnas ut till:&nbsp;<\/p>\n\n\n\n<p>_ konsulter som hj\u00e4lper Personuppgiftsansvarig att utf\u00f6ra de uppgifter som h\u00e4nvisas till i artikel 2, underavsnitt (a)&nbsp;ovan (t.ex. juridiska konsulter och skatter\u00e5dgivare);&nbsp;<\/p>\n\n\n\n<p>_ externa databehandlare som utsetts f\u00f6r detta specifika syfte.&nbsp;<\/p>\n\n\n\n<p><strong>7 \u2013 SPRIDNING AV UPPGIFTER<\/strong>&nbsp;<\/p>\n\n\n\n<p>Uppgifterna \u00e4r inte f\u00f6rem\u00e5l f\u00f6r spridning.&nbsp;<\/p>\n\n\n\n<p><strong>8 \u2013 \u00d6VERF\u00d6RING AV UPPGIFTER UTOMLANDS<\/strong>&nbsp;<\/p>\n\n\n\n<p>Vad g\u00e4ller de syften som anges i artikel 2 kommer uppgifterna inte att \u00f6verf\u00f6ras utomlands.&nbsp;<\/p>\n\n\n\n<p><strong>9 \u2013 DEN BER\u00d6RDA PARTENS R\u00c4TTIGHETER<\/strong>&nbsp;<\/p>\n\n\n\n<p>Dataskyddslagens artikel 7 ger den ber\u00f6rda parten specifika r\u00e4ttigheter, inklusive r\u00e4tten att godk\u00e4nna att det existerar personuppgifter som r\u00f6r honom eller henne, att f\u00e5 ta del av uppgifterna i ett l\u00e4sbart format, att informeras om uppgifternas ursprung och logik samt behandlingens syften och metoder, att f\u00e5 uppgifter som behandlats i strid mot lagen raderade, anonymiserade eller blockerade, samt att f\u00e5 sina uppgifter uppdaterade, r\u00e4ttade eller integrerade eller att neka samtycke till behandling av giltiga sk\u00e4l.<\/p>\n\n\n\n<p><strong>10 \u2013 ANSVARIG F\u00d6R BEHANDLING AV UPPGIFTER<\/strong><\/p>\n\n\n\n<p>MONINI S.p.A. har utsett IT-ansvarig till Ansvarig f\u00f6r behandling av uppgifter (forts\u00e4ttningsvis&nbsp;\u201c<strong>Ansvarig<\/strong>\u201d).&nbsp;Den ber\u00f6rda parten kan kontakta Ansvarig f\u00f6r att ut\u00f6va sina r\u00e4ttigheter i enlighet med punkt 9 ovan, liksom f\u00f6r att f\u00e5 en uppdaterad lista \u00f6ver eventuella andra personer som utsetts till ansvariga, genom att skriva till e-postadressen privacy (at) monini (dot) com<\/p>\n<\/div>\n<\/div>\n","protected":false},"excerpt":{"rendered":"<p>KOMMENTAR (\u201cC\u201d)&nbsp; I enlighet med artikel 13 i italienskt lagdekret nr. 196 av den 30&#8230;<\/p>\n","protected":false},"author":3,"featured_media":0,"parent":0,"menu_order":0,"comment_status":"closed","ping_status":"closed","template":"","meta":{"_acf_changed":false,"footnotes":""},"class_list":["post-36755","page","type-page","status-publish","hentry"],"yoast_head":"<!-- This site is optimized with the Yoast SEO plugin v25.8 - https:\/\/yoast.com\/wordpress\/plugins\/seo\/ -->\n<title>Sekretesspolicy - Monini<\/title>\n<meta name=\"robots\" content=\"noindex, follow, max-snippet:-1, max-image-preview:large, max-video-preview:-1\" \/>\n<meta property=\"og:locale\" content=\"sv_SE\" \/>\n<meta property=\"og:type\" content=\"article\" \/>\n<meta property=\"og:title\" content=\"Sekretesspolicy - Monini\" \/>\n<meta property=\"og:description\" content=\"KOMMENTAR (\u201cC\u201d)&nbsp; I enlighet med artikel 13 i italienskt lagdekret nr. 196 av den 30...\" \/>\n<meta property=\"og:url\" content=\"https:\/\/shumans-monini-stage.ccws.it\/sv\/sekretesspolicy\/\" \/>\n<meta property=\"og:site_name\" content=\"Monini\" \/>\n<meta property=\"article:publisher\" content=\"https:\/\/www.facebook.com\/MoniniOlio\/\" \/>\n<meta property=\"article:modified_time\" content=\"2025-08-22T16:30:50+00:00\" \/>\n<meta name=\"twitter:card\" content=\"summary_large_image\" \/>\n<meta name=\"twitter:label1\" content=\"Ber\u00e4knad l\u00e4stid\" \/>\n\t<meta name=\"twitter:data1\" content=\"10 minut\" \/>\n<script type=\"application\/ld+json\" class=\"yoast-schema-graph\">{\"@context\":\"https:\/\/schema.org\",\"@graph\":[{\"@type\":\"WebPage\",\"@id\":\"https:\/\/shumans-monini-stage.ccws.it\/sv\/sekretesspolicy\/\",\"url\":\"https:\/\/shumans-monini-stage.ccws.it\/sv\/sekretesspolicy\/\",\"name\":\"Sekretesspolicy - Monini\",\"isPartOf\":{\"@id\":\"https:\/\/shumans-monini-stage.ccws.it\/sv\/#website\"},\"datePublished\":\"2025-06-25T13:28:12+00:00\",\"dateModified\":\"2025-08-22T16:30:50+00:00\",\"breadcrumb\":{\"@id\":\"https:\/\/shumans-monini-stage.ccws.it\/sv\/sekretesspolicy\/#breadcrumb\"},\"inLanguage\":\"sv-SE\",\"potentialAction\":[{\"@type\":\"ReadAction\",\"target\":[\"https:\/\/shumans-monini-stage.ccws.it\/sv\/sekretesspolicy\/\"]}]},{\"@type\":\"BreadcrumbList\",\"@id\":\"https:\/\/shumans-monini-stage.ccws.it\/sv\/sekretesspolicy\/#breadcrumb\",\"itemListElement\":[{\"@type\":\"ListItem\",\"position\":1,\"name\":\"Home\",\"item\":\"https:\/\/shumans-monini-stage.ccws.it\/sv\/\"},{\"@type\":\"ListItem\",\"position\":2,\"name\":\"Sekretesspolicy\"}]},{\"@type\":\"WebSite\",\"@id\":\"https:\/\/shumans-monini-stage.ccws.it\/sv\/#website\",\"url\":\"https:\/\/shumans-monini-stage.ccws.it\/sv\/\",\"name\":\"Monini\",\"description\":\"Una spremuta di olive\",\"potentialAction\":[{\"@type\":\"SearchAction\",\"target\":{\"@type\":\"EntryPoint\",\"urlTemplate\":\"https:\/\/shumans-monini-stage.ccws.it\/sv\/?s={search_term_string}\"},\"query-input\":{\"@type\":\"PropertyValueSpecification\",\"valueRequired\":true,\"valueName\":\"search_term_string\"}}],\"inLanguage\":\"sv-SE\"}]}<\/script>\n<!-- \/ Yoast SEO plugin. -->","yoast_head_json":{"title":"Sekretesspolicy - Monini","robots":{"index":"noindex","follow":"follow","max-snippet":"max-snippet:-1","max-image-preview":"max-image-preview:large","max-video-preview":"max-video-preview:-1"},"og_locale":"sv_SE","og_type":"article","og_title":"Sekretesspolicy - Monini","og_description":"KOMMENTAR (\u201cC\u201d)&nbsp; I enlighet med artikel 13 i italienskt lagdekret nr. 196 av den 30...","og_url":"https:\/\/shumans-monini-stage.ccws.it\/sv\/sekretesspolicy\/","og_site_name":"Monini","article_publisher":"https:\/\/www.facebook.com\/MoniniOlio\/","article_modified_time":"2025-08-22T16:30:50+00:00","twitter_card":"summary_large_image","twitter_misc":{"Ber\u00e4knad l\u00e4stid":"10 minut"},"schema":{"@context":"https:\/\/schema.org","@graph":[{"@type":"WebPage","@id":"https:\/\/shumans-monini-stage.ccws.it\/sv\/sekretesspolicy\/","url":"https:\/\/shumans-monini-stage.ccws.it\/sv\/sekretesspolicy\/","name":"Sekretesspolicy - Monini","isPartOf":{"@id":"https:\/\/shumans-monini-stage.ccws.it\/sv\/#website"},"datePublished":"2025-06-25T13:28:12+00:00","dateModified":"2025-08-22T16:30:50+00:00","breadcrumb":{"@id":"https:\/\/shumans-monini-stage.ccws.it\/sv\/sekretesspolicy\/#breadcrumb"},"inLanguage":"sv-SE","potentialAction":[{"@type":"ReadAction","target":["https:\/\/shumans-monini-stage.ccws.it\/sv\/sekretesspolicy\/"]}]},{"@type":"BreadcrumbList","@id":"https:\/\/shumans-monini-stage.ccws.it\/sv\/sekretesspolicy\/#breadcrumb","itemListElement":[{"@type":"ListItem","position":1,"name":"Home","item":"https:\/\/shumans-monini-stage.ccws.it\/sv\/"},{"@type":"ListItem","position":2,"name":"Sekretesspolicy"}]},{"@type":"WebSite","@id":"https:\/\/shumans-monini-stage.ccws.it\/sv\/#website","url":"https:\/\/shumans-monini-stage.ccws.it\/sv\/","name":"Monini","description":"Una spremuta di olive","potentialAction":[{"@type":"SearchAction","target":{"@type":"EntryPoint","urlTemplate":"https:\/\/shumans-monini-stage.ccws.it\/sv\/?s={search_term_string}"},"query-input":{"@type":"PropertyValueSpecification","valueRequired":true,"valueName":"search_term_string"}}],"inLanguage":"sv-SE"}]}},"acf":[],"_links":{"self":[{"href":"https:\/\/shumans-monini-stage.ccws.it\/sv\/wp-json\/wp\/v2\/pages\/36755","targetHints":{"allow":["GET"]}}],"collection":[{"href":"https:\/\/shumans-monini-stage.ccws.it\/sv\/wp-json\/wp\/v2\/pages"}],"about":[{"href":"https:\/\/shumans-monini-stage.ccws.it\/sv\/wp-json\/wp\/v2\/types\/page"}],"author":[{"embeddable":true,"href":"https:\/\/shumans-monini-stage.ccws.it\/sv\/wp-json\/wp\/v2\/users\/3"}],"replies":[{"embeddable":true,"href":"https:\/\/shumans-monini-stage.ccws.it\/sv\/wp-json\/wp\/v2\/comments?post=36755"}],"version-history":[{"count":1,"href":"https:\/\/shumans-monini-stage.ccws.it\/sv\/wp-json\/wp\/v2\/pages\/36755\/revisions"}],"predecessor-version":[{"id":36757,"href":"https:\/\/shumans-monini-stage.ccws.it\/sv\/wp-json\/wp\/v2\/pages\/36755\/revisions\/36757"}],"wp:attachment":[{"href":"https:\/\/shumans-monini-stage.ccws.it\/sv\/wp-json\/wp\/v2\/media?parent=36755"}],"curies":[{"name":"wp","href":"https:\/\/api.w.org\/{rel}","templated":true}]}}