{"id":36782,"date":"2025-06-10T16:18:56","date_gmt":"2025-06-10T14:18:56","guid":{"rendered":"https:\/\/shumans-monini-stage.ccws.it\/?page_id=36782"},"modified":"2025-08-22T19:01:26","modified_gmt":"2025-08-22T17:01:26","slug":"hallbarhet","status":"publish","type":"page","link":"https:\/\/shumans-monini-stage.ccws.it\/sv\/hallbarhet\/","title":{"rendered":"H\u00e5llbarhet"},"content":{"rendered":"\n<div class=\"wp-block-group is-style-spaced\"><div class=\"wp-block-group__inner-container\">\n<h2 class=\"wp-block-heading has-text-align-center\">MONINI 2030<\/h2>\n\n\n\n<p class=\"has-text-align-center\">100 \u00e5r av historia, 10 \u00e5r f\u00f6r att skapa en ny framtid.<\/p>\n\n\n\n<div style=\"height:50px\" aria-hidden=\"true\" class=\"wp-block-spacer\"><\/div>\n\n\n<figure class=\"wp-block-video\"><div class=\"monini_player\" data-plyr-provider=\"youtube\" data-plyr-embed-id=\"https:\/\/www.youtube.com\/watch?v=C_BOJtzp7WU&#038;list=TLGGu08D0Qyqa80xODA4MjAyNQ\"><\/div><\/figure>\n\n\n<div style=\"height:50px\" aria-hidden=\"true\" class=\"wp-block-spacer\"><\/div>\n\n\n\n<h2 class=\"wp-block-heading has-text-align-center\">V\u00c4GEN TILL H\u00c5LLBARHET<\/h2>\n\n\n\n<div class=\"wp-block-columns\">\n<div class=\"wp-block-column\">\n<p>Idag st\u00e5r n\u00e4ringsv\u00e4rlden inf\u00f6r allt mer komplexa och m\u00e5ngfacetterade utmaningar. Den&nbsp;<strong>h\u00e5llbara utvecklingen<\/strong>&nbsp;handlar inte endast om milj\u00f6dimensionen men har ocks\u00e5 en viktig socioekonomisk aspekt, b\u00e5de ur produktions- och konsumtionssynpunkt. Obalanserad livsstil och mindre garantier f\u00f6r livsmedelss\u00e4kerhet undergr\u00e4ver h\u00e4lsan och v\u00e4lbefinnandet, individuellt och kollektivt.<\/p>\n\n\n\n<p><strong>Passionen f\u00f6r kvalitet och uppm\u00e4rksamhet p\u00e5 skydd och v\u00e5rd av territoriet<\/strong>&nbsp;har alltid styrt v\u00e5r verksamhet, ett familjef\u00f6retag med en naturlig kallelse f\u00f6r h\u00e5llbarhet.<\/p>\n<\/div>\n\n\n\n<div class=\"wp-block-column\">\n<p>Erfarenheten som har samlats in under den hundra\u00e5riga historien blir idag ett grundl\u00e4ggande verktyg f\u00f6r att strategiskt svara p\u00e5 dessa utmaningar genom att hantera de milj\u00f6m\u00e4ssiga konsekvenserna av klimatkrisen,&nbsp;<strong>st\u00f6dja spetskompetensen inom italiensk produktion och skydda sektorns sociala v\u00e4rde<\/strong>.<\/p>\n\n\n\n<p>Valen som har gjorts genom \u00e5ren har l\u00e5tit oss identifiera nya v\u00e4gar som garanterar en st\u00f6rre resiliens f\u00f6r f\u00f6r\u00e4ndringar i jordbrukssektorn, genom att utnyttja den potential som den tekniska utvecklingen erbjuder f\u00f6r att&nbsp;<strong>minska milj\u00f6p\u00e5verkan, och s\u00e4krare konsumtion.<\/strong><\/p>\n<\/div>\n<\/div>\n\n\n\n<div style=\"height:50px\" aria-hidden=\"true\" class=\"wp-block-spacer\"><\/div>\n\n\n\n<blockquote class=\"wp-block-quote is-layout-flow wp-block-quote-is-layout-flow\">\n<p class=\"has-text-align-center\">Planen f\u00f6r 2030 \u00e4r en del av denna v\u00e4g genom att projicera v\u00e5rt engagemang f\u00f6r h\u00e5llbarhet till framtiden.<\/p>\n<\/blockquote>\n\n\n\n<div style=\"height:50px\" aria-hidden=\"true\" class=\"wp-block-spacer\"><\/div>\n<\/div><\/div>\n\n\n\n<h2 class=\"wp-block-heading has-text-align-center\">PROJEKTETS M\u00c5L<\/h2>\n\n\n\n<div class=\"wp-block-group is-style-spaced\"><div class=\"wp-block-group__inner-container\">\n<div class=\"wp-block-media-text is-stacked-on-mobile\"><figure class=\"wp-block-media-text__media\"><img loading=\"lazy\" decoding=\"async\" width=\"548\" height=\"730\" src=\"https:\/\/shumans-monini-stage.ccws.it\/wp-content\/uploads\/2025\/06\/mfm_zm_742x730-1-edited.jpg\" alt=\"\" class=\"wp-image-8607 size-full\" srcset=\"https:\/\/shumans-monini-stage.ccws.it\/wp-content\/uploads\/2025\/06\/mfm_zm_742x730-1-edited.jpg 548w, https:\/\/shumans-monini-stage.ccws.it\/wp-content\/uploads\/2025\/06\/mfm_zm_742x730-1-edited-525x700.jpg 525w\" sizes=\"auto, (max-width: 548px) 100vw, 548px\" \/><\/figure><div class=\"wp-block-media-text__content\">\n<p>V\u00e5r&nbsp;<strong>f\u00f6rsta h\u00e5llbarhetsplan&nbsp;<\/strong>b\u00f6rjade med viljan att vara ett instrument f\u00f6r att kommunicera, p\u00e5 ett enkelt s\u00e4tt och med alla v\u00e5ra interlokut\u00f6rer, den strategi vi t\u00e4nker anta f\u00f6r att bidra till v\u00e4lbefinnandet f\u00f6r denna generation och f\u00f6r de som kommer inom de n\u00e4rmaste tio \u00e5ren.<\/p>\n\n\n\n<p><strong>Att utveckla en strategisk plan med ett l\u00e5ngsiktigt perspektiv<\/strong>&nbsp;inneb\u00e4r framf\u00f6r allt ett f\u00f6rs\u00f6k att f\u00f6rest\u00e4lla sig utvecklingen av framtida scenarier. F\u00f6r att g\u00f6ra detta, var det viktigt att f\u00f6rst\u00e5 de huvudsakliga demografiska, ekonomiska, klimatm\u00e4ssiga och milj\u00f6m\u00e4ssiga trenderna p\u00e5 global niv\u00e5 och identifiera de fr\u00e5gor som vi kommer att fokusera v\u00e5rt engagemang p\u00e5 och de relaterade omr\u00e5dena av p\u00e5verkan.<\/p>\n<\/div><\/div>\n<\/div><\/div>\n\n\n\n<div class=\"wp-block-group is-style-spaced\"><div class=\"wp-block-group__inner-container\">\n<div class=\"wp-block-media-text has-media-on-the-right is-stacked-on-mobile\"><div class=\"wp-block-media-text__content\">\n<p>Vi har d\u00e4rf\u00f6r satt upp m\u00e5let att definiera riktlinjerna som kan svara p\u00e5 de aktuella utmaningarna och f\u00f6rutse framtida behov genom att delta i utvecklingen av sektorn och de regioner d\u00e4r vi \u00e4r n\u00e4rvarande.&nbsp;<strong>Studien av de b\u00e4sta metoderna inom olje- och livsmedelssektorn<\/strong>&nbsp;har gjort det m\u00f6jligt att genomf\u00f6ra h\u00e5llbarhetsl\u00f6sningar inspirerade av modellen f\u00f6r de b\u00e4sta internationella exemplen.<br>Viljan att skapa delat v\u00e4rde \u00e4r den r\u00f6da tr\u00e5den som sammanbinder v\u00e5ra olika ambitioner: det genererade ekonomiska v\u00e4rdet m\u00e5ste ge f\u00f6rdelar inte bara f\u00f6r f\u00f6retaget utan \u00e4ven f\u00f6r intressenterna och det territorium d\u00e4r f\u00f6retaget \u00e4r verksamt.<\/p>\n\n\n\n<p>De m\u00e5l och \u00e5tg\u00e4rder som definieras i planen \u00e4r resultatet av en v\u00e4g som \u00e4r gemensam f\u00f6r f\u00f6retagets alla avdelningar. Framtagningen av planen involverade nyckelakt\u00f6rer som konkret bidrog till att definiera perspektivet f\u00f6r 2030 vad g\u00e4ller milj\u00f6fr\u00e5gor, h\u00e4lsosam kost, h\u00e4lsa och n\u00e4ringsl\u00e4ra. beigetragen haben.<\/p>\n<\/div><figure class=\"wp-block-media-text__media\"><img loading=\"lazy\" decoding=\"async\" width=\"419\" height=\"558\" src=\"https:\/\/shumans-monini-stage.ccws.it\/wp-content\/uploads\/2025\/06\/La-passione-per-lalta-qualita-edited.png\" alt=\"\" class=\"wp-image-7615 size-full\"\/><\/figure><\/div>\n<\/div><\/div>\n\n\n\n<div class=\"wp-block-group is-style-spaced\"><div class=\"wp-block-group__inner-container\">\n<blockquote class=\"wp-block-quote is-layout-flow wp-block-quote-is-layout-flow\">\n<p class=\"has-text-align-center\">Planen beskriver en tio\u00e5rig resa f\u00f6r att fr\u00e4mja och skapa en mer h\u00e5llbar, r\u00e4ttvis och medveten framtid. \u00c5tagandet \u00e4r indelat i TRE MAKROOMR\u00c5DEN av \u00e5tg\u00e4rder som kommer att bana en v\u00e4g f\u00f6r h\u00e5llbarhet som b\u00f6rjar p\u00e5 f\u00e4ltet och slutar p\u00e5 matbordet.<\/p>\n<\/blockquote>\n<\/div><\/div>\n\n\n\n<div class=\"wp-block-group is-style-spaced\"><div class=\"wp-block-group__inner-container\">\n<div class=\"wp-block-media-text is-stacked-on-mobile\"><figure class=\"wp-block-media-text__media\"><img loading=\"lazy\" decoding=\"async\" width=\"754\" height=\"754\" src=\"https:\/\/shumans-monini-stage.ccws.it\/wp-content\/uploads\/2025\/08\/INCAMPO_SV.jpg\" alt=\"\" class=\"wp-image-36783 size-full\" srcset=\"https:\/\/shumans-monini-stage.ccws.it\/wp-content\/uploads\/2025\/08\/INCAMPO_SV.jpg 754w, https:\/\/shumans-monini-stage.ccws.it\/wp-content\/uploads\/2025\/08\/INCAMPO_SV-700x700.jpg 700w, https:\/\/shumans-monini-stage.ccws.it\/wp-content\/uploads\/2025\/08\/INCAMPO_SV-125x125.jpg 125w\" sizes=\"auto, (max-width: 754px) 100vw, 754px\" \/><\/figure><div class=\"wp-block-media-text__content\">\n<hr class=\"wp-block-separator has-alpha-channel-opacity\"\/>\n\n\n\n<p>Vi kommer att forts\u00e4tta och f\u00f6rst\u00e4rka v\u00e5rt \u00e5tagande f\u00f6r att bek\u00e4mpa klimatf\u00f6r\u00e4ndringarna och skydda naturresurserna, med b\u00f6rjan p\u00e5 f\u00e4ltet. Tekniken blir en v\u00e4rdefull bundsf\u00f6rvant inte bara f\u00f6r att f\u00f6rb\u00e4ttra bearbetningsteknikerna men \u00e4ven f\u00f6r att minska konsumtionen, vilket m\u00f6jligg\u00f6r en mer ansvarsfull anv\u00e4ndning av vatten och mark.\u00a0<strong>100 % av olivlundarna som odlas med integrerat eller ekologiskt jordbruk<\/strong>\u00a0i ekosystem med inriktning p\u00e5 olja och bevattnas droppe f\u00f6r droppe,\u00a0<strong>1 miljon nya planterade tr\u00e4d<\/strong>\u00a0och\u00a0<strong>en minskning p\u00e5 \u00f6ver 50 000 ton av CO2-utsl\u00e4pp:<\/strong>\u00a0dessa \u00e4r v\u00e5ra m\u00e5l f\u00f6r att skapa en s\u00e4ker jordbruksmodell i harmoni med milj\u00f6n, som kan bevara hela v\u00e4rdet av biologisk m\u00e5ngfald.<\/p>\n\n\n\n<hr class=\"wp-block-separator has-alpha-channel-opacity\"\/>\n<\/div><\/div>\n<\/div><\/div>\n\n\n\n<div class=\"wp-block-group is-style-spaced\"><div class=\"wp-block-group__inner-container\">\n<div class=\"wp-block-media-text is-stacked-on-mobile\"><figure class=\"wp-block-media-text__media\"><img loading=\"lazy\" decoding=\"async\" width=\"754\" height=\"754\" src=\"https:\/\/shumans-monini-stage.ccws.it\/wp-content\/uploads\/2025\/08\/DENTROLABOTTIGLIA_SV.jpg\" alt=\"\" class=\"wp-image-36811 size-full\" srcset=\"https:\/\/shumans-monini-stage.ccws.it\/wp-content\/uploads\/2025\/08\/DENTROLABOTTIGLIA_SV.jpg 754w, https:\/\/shumans-monini-stage.ccws.it\/wp-content\/uploads\/2025\/08\/DENTROLABOTTIGLIA_SV-700x700.jpg 700w, https:\/\/shumans-monini-stage.ccws.it\/wp-content\/uploads\/2025\/08\/DENTROLABOTTIGLIA_SV-125x125.jpg 125w\" sizes=\"auto, (max-width: 754px) 100vw, 754px\" \/><\/figure><div class=\"wp-block-media-text__content\">\n<hr class=\"wp-block-separator has-alpha-channel-opacity\"\/>\n\n\n\n<p>Kvaliteten p\u00e5 extra jungfruolja, traditionen f\u00f6r dess produktion och omv\u00e5rdnaden i alla dess faser representerar det stora arvet som vi st\u00e4ndigt str\u00e4var efter att f\u00f6rsvara och f\u00f6rb\u00e4ttra.<\/p>\n\n\n\n<p>Med anledning av detta har vi f\u00f6r avsikt att&nbsp;<strong>certifiera 100 % av v\u00e5ra produkter av italienskt ursprung<\/strong>&nbsp;med m\u00e4rket&nbsp;<strong>Consorzio Extravergine di Qualit\u00e0<\/strong>, \u00f6ka sp\u00e5rbarheten med hj\u00e4lp av blockkedjeteknik och anv\u00e4nda en l\u00e4ttare f\u00f6rpackning som inkluderar anv\u00e4ndning av&nbsp;<strong>\u00e5tervunnet material<\/strong>&nbsp;och utformning av en ny h\u00e5llbar flaska.<\/p>\n\n\n\n<hr class=\"wp-block-separator has-alpha-channel-opacity\"\/>\n<\/div><\/div>\n<\/div><\/div>\n\n\n\n<div class=\"wp-block-group is-style-spaced\"><div class=\"wp-block-group__inner-container\">\n<div class=\"wp-block-media-text is-stacked-on-mobile\"><figure class=\"wp-block-media-text__media\"><img loading=\"lazy\" decoding=\"async\" width=\"754\" height=\"754\" src=\"https:\/\/shumans-monini-stage.ccws.it\/wp-content\/uploads\/2025\/08\/SULLATAVOLA_SV.jpg\" alt=\"\" class=\"wp-image-36797 size-full\" srcset=\"https:\/\/shumans-monini-stage.ccws.it\/wp-content\/uploads\/2025\/08\/SULLATAVOLA_SV.jpg 754w, https:\/\/shumans-monini-stage.ccws.it\/wp-content\/uploads\/2025\/08\/SULLATAVOLA_SV-700x700.jpg 700w, https:\/\/shumans-monini-stage.ccws.it\/wp-content\/uploads\/2025\/08\/SULLATAVOLA_SV-125x125.jpg 125w\" sizes=\"auto, (max-width: 754px) 100vw, 754px\" \/><\/figure><div class=\"wp-block-media-text__content\">\n<hr class=\"wp-block-separator has-alpha-channel-opacity\"\/>\n\n\n\n<p>Genom att investera i&nbsp;<strong>h\u00e4lsa och v\u00e4lbefinnande f\u00f6r de kommande generationerna<\/strong>, har vi f\u00f6r avsikt att garantera tio \u00e5rs st\u00f6d f\u00f6r vetenskaplig forskning om de nutraceutiska och nutrigenomiska egenskaperna hos extra jungfruolja samt genomf\u00f6ra&nbsp;<strong>experimentella projekt och vetenskapliga spridningsprojekt<\/strong>&nbsp;\u00e4ven i samarbete med&nbsp;<strong>Fondazione Umberto Veronesi.<\/strong><\/p>\n\n\n\n<p>Vi kommer \u00e4ven att st\u00f6dja&nbsp;<strong>n\u00e4ringsl\u00e4ra f\u00f6r 1 miljon barn<\/strong>&nbsp;som h\u00f6r till 14 000 skolor, och f\u00f6r att fr\u00e4mja en h\u00e4lsosam livsstil planerar vi att&nbsp;<strong>st\u00f6dja en serie stora sportevenemang<\/strong>&nbsp;med m\u00e5let att tr\u00e4ffa 200 000 personer varje \u00e5r.<\/p>\n\n\n\n<hr class=\"wp-block-separator has-alpha-channel-opacity\"\/>\n<\/div><\/div>\n<\/div><\/div>\n\n\n\n<div class=\"wp-block-group is-style-spaced\"><div class=\"wp-block-group__inner-container\">\n<blockquote class=\"wp-block-quote is-layout-flow wp-block-quote-is-layout-flow\">\n<p class=\"has-text-align-center\">H\u00e4r p\u00e5 Monini ser vi p\u00e5 framtiden med tillit och kompetens, med l\u00f6ftet att f\u00f6rbli trogen v\u00e5r filosofi: inte f\u00f6r\u00e4ndra n\u00e5got i naturen och territoriet, med \u00e5tagandet att alltid erbjuda konsumenterna en \u00f6verl\u00e4gsen kvalitetsprodukt som \u00e4r bra f\u00f6r h\u00e4lsan och med en omissk\u00e4nnlig smak \u2013 inte bara i Italien utan ocks\u00e5 i resten av v\u00e4rlden. F\u00f6r att g\u00f6ra extra jungfruolja till ett GEMENSAMT ARV.<\/p>\n<\/blockquote>\n<\/div><\/div>\n\n\n\n<div style=\"height:50px\" aria-hidden=\"true\" class=\"wp-block-spacer\"><\/div>\n\n\n\n<p class=\"has-text-align-center\"><strong><a href=\"https:\/\/www.monini.com\/content\/wp-content\/uploads\/2024\/01\/BilancioMonini2022_englow.pdf\" target=\"_blank\" rel=\"noreferrer noopener\"><strong><a href=\"https:\/\/www.monini.com\/content\/wp-content\/uploads\/2021\/11\/Monini_Brochure-2021_ENG_es_low.pdf\" target=\"_blank\" rel=\"noreferrer noopener\">Ladda ner hela studien h\u00e4r<\/a><\/strong><\/a><\/strong><\/p>\n\n\n\n<div style=\"height:50px\" aria-hidden=\"true\" class=\"wp-block-spacer\"><\/div>\n\n\n<div class=\"wp-block-image\">\n<figure class=\"aligncenter size-large\"><img loading=\"lazy\" decoding=\"async\" width=\"1024\" height=\"598\" src=\"https:\/\/shumans-monini-stage.ccws.it\/wp-content\/uploads\/2025\/08\/tavolata_1540x900-1-1024x598.jpg\" alt=\"\" class=\"wp-image-34096\" srcset=\"https:\/\/shumans-monini-stage.ccws.it\/wp-content\/uploads\/2025\/08\/tavolata_1540x900-1-1024x598.jpg 1024w, https:\/\/shumans-monini-stage.ccws.it\/wp-content\/uploads\/2025\/08\/tavolata_1540x900-1-700x409.jpg 700w, https:\/\/shumans-monini-stage.ccws.it\/wp-content\/uploads\/2025\/08\/tavolata_1540x900-1-768x449.jpg 768w, https:\/\/shumans-monini-stage.ccws.it\/wp-content\/uploads\/2025\/08\/tavolata_1540x900-1.jpg 1540w\" sizes=\"auto, (max-width: 1024px) 100vw, 1024px\" \/><\/figure>\n<\/div>","protected":false},"excerpt":{"rendered":"<p>MONINI 2030 100 \u00e5r av historia, 10 \u00e5r f\u00f6r att skapa en ny framtid. V\u00c4GEN&#8230;<\/p>\n","protected":false},"author":3,"featured_media":3150,"parent":0,"menu_order":0,"comment_status":"closed","ping_status":"closed","template":"page-sustainability.php","meta":{"_acf_changed":false,"footnotes":""},"class_list":["post-36782","page","type-page","status-publish","has-post-thumbnail","hentry"],"yoast_head":"<!-- This site is optimized with the Yoast SEO plugin v25.8 - https:\/\/yoast.com\/wordpress\/plugins\/seo\/ -->\n<title>H\u00e5llbarhet - Monini<\/title>\n<meta name=\"robots\" content=\"noindex, follow, max-snippet:-1, max-image-preview:large, max-video-preview:-1\" \/>\n<meta property=\"og:locale\" content=\"sv_SE\" \/>\n<meta property=\"og:type\" content=\"article\" \/>\n<meta property=\"og:title\" content=\"H\u00e5llbarhet - Monini\" \/>\n<meta property=\"og:description\" content=\"MONINI 2030 100 \u00e5r av historia, 10 \u00e5r f\u00f6r att skapa en ny framtid. V\u00c4GEN...\" \/>\n<meta property=\"og:url\" content=\"https:\/\/shumans-monini-stage.ccws.it\/sv\/hallbarhet\/\" \/>\n<meta property=\"og:site_name\" content=\"Monini\" \/>\n<meta property=\"article:publisher\" content=\"https:\/\/www.facebook.com\/MoniniOlio\/\" \/>\n<meta property=\"article:modified_time\" content=\"2025-08-22T17:01:26+00:00\" \/>\n<meta property=\"og:image\" content=\"https:\/\/shumans-monini-stage.ccws.it\/wp-content\/uploads\/2025\/06\/sustainability-banner.jpg\" \/>\n\t<meta property=\"og:image:width\" content=\"1440\" \/>\n\t<meta property=\"og:image:height\" content=\"597\" \/>\n\t<meta property=\"og:image:type\" content=\"image\/jpeg\" \/>\n<meta name=\"twitter:card\" content=\"summary_large_image\" \/>\n<meta name=\"twitter:label1\" content=\"Ber\u00e4knad l\u00e4stid\" \/>\n\t<meta name=\"twitter:data1\" content=\"5 minut\" \/>\n<script type=\"application\/ld+json\" class=\"yoast-schema-graph\">{\"@context\":\"https:\/\/schema.org\",\"@graph\":[{\"@type\":\"WebPage\",\"@id\":\"https:\/\/shumans-monini-stage.ccws.it\/sv\/hallbarhet\/\",\"url\":\"https:\/\/shumans-monini-stage.ccws.it\/sv\/hallbarhet\/\",\"name\":\"H\u00e5llbarhet - Monini\",\"isPartOf\":{\"@id\":\"https:\/\/shumans-monini-stage.ccws.it\/sv\/#website\"},\"primaryImageOfPage\":{\"@id\":\"https:\/\/shumans-monini-stage.ccws.it\/sv\/hallbarhet\/#primaryimage\"},\"image\":{\"@id\":\"https:\/\/shumans-monini-stage.ccws.it\/sv\/hallbarhet\/#primaryimage\"},\"thumbnailUrl\":\"https:\/\/shumans-monini-stage.ccws.it\/wp-content\/uploads\/2025\/06\/sustainability-banner.jpg\",\"datePublished\":\"2025-06-10T14:18:56+00:00\",\"dateModified\":\"2025-08-22T17:01:26+00:00\",\"breadcrumb\":{\"@id\":\"https:\/\/shumans-monini-stage.ccws.it\/sv\/hallbarhet\/#breadcrumb\"},\"inLanguage\":\"sv-SE\",\"potentialAction\":[{\"@type\":\"ReadAction\",\"target\":[\"https:\/\/shumans-monini-stage.ccws.it\/sv\/hallbarhet\/\"]}]},{\"@type\":\"ImageObject\",\"inLanguage\":\"sv-SE\",\"@id\":\"https:\/\/shumans-monini-stage.ccws.it\/sv\/hallbarhet\/#primaryimage\",\"url\":\"https:\/\/shumans-monini-stage.ccws.it\/wp-content\/uploads\/2025\/06\/sustainability-banner.jpg\",\"contentUrl\":\"https:\/\/shumans-monini-stage.ccws.it\/wp-content\/uploads\/2025\/06\/sustainability-banner.jpg\",\"width\":1440,\"height\":597},{\"@type\":\"BreadcrumbList\",\"@id\":\"https:\/\/shumans-monini-stage.ccws.it\/sv\/hallbarhet\/#breadcrumb\",\"itemListElement\":[{\"@type\":\"ListItem\",\"position\":1,\"name\":\"Home\",\"item\":\"https:\/\/shumans-monini-stage.ccws.it\/sv\/\"},{\"@type\":\"ListItem\",\"position\":2,\"name\":\"H\u00e5llbarhet\"}]},{\"@type\":\"WebSite\",\"@id\":\"https:\/\/shumans-monini-stage.ccws.it\/sv\/#website\",\"url\":\"https:\/\/shumans-monini-stage.ccws.it\/sv\/\",\"name\":\"Monini\",\"description\":\"Una spremuta di olive\",\"potentialAction\":[{\"@type\":\"SearchAction\",\"target\":{\"@type\":\"EntryPoint\",\"urlTemplate\":\"https:\/\/shumans-monini-stage.ccws.it\/sv\/?s={search_term_string}\"},\"query-input\":{\"@type\":\"PropertyValueSpecification\",\"valueRequired\":true,\"valueName\":\"search_term_string\"}}],\"inLanguage\":\"sv-SE\"}]}<\/script>\n<!-- \/ Yoast SEO plugin. -->","yoast_head_json":{"title":"H\u00e5llbarhet - Monini","robots":{"index":"noindex","follow":"follow","max-snippet":"max-snippet:-1","max-image-preview":"max-image-preview:large","max-video-preview":"max-video-preview:-1"},"og_locale":"sv_SE","og_type":"article","og_title":"H\u00e5llbarhet - Monini","og_description":"MONINI 2030 100 \u00e5r av historia, 10 \u00e5r f\u00f6r att skapa en ny framtid. V\u00c4GEN...","og_url":"https:\/\/shumans-monini-stage.ccws.it\/sv\/hallbarhet\/","og_site_name":"Monini","article_publisher":"https:\/\/www.facebook.com\/MoniniOlio\/","article_modified_time":"2025-08-22T17:01:26+00:00","og_image":[{"width":1440,"height":597,"url":"https:\/\/shumans-monini-stage.ccws.it\/wp-content\/uploads\/2025\/06\/sustainability-banner.jpg","type":"image\/jpeg"}],"twitter_card":"summary_large_image","twitter_misc":{"Ber\u00e4knad l\u00e4stid":"5 minut"},"schema":{"@context":"https:\/\/schema.org","@graph":[{"@type":"WebPage","@id":"https:\/\/shumans-monini-stage.ccws.it\/sv\/hallbarhet\/","url":"https:\/\/shumans-monini-stage.ccws.it\/sv\/hallbarhet\/","name":"H\u00e5llbarhet - Monini","isPartOf":{"@id":"https:\/\/shumans-monini-stage.ccws.it\/sv\/#website"},"primaryImageOfPage":{"@id":"https:\/\/shumans-monini-stage.ccws.it\/sv\/hallbarhet\/#primaryimage"},"image":{"@id":"https:\/\/shumans-monini-stage.ccws.it\/sv\/hallbarhet\/#primaryimage"},"thumbnailUrl":"https:\/\/shumans-monini-stage.ccws.it\/wp-content\/uploads\/2025\/06\/sustainability-banner.jpg","datePublished":"2025-06-10T14:18:56+00:00","dateModified":"2025-08-22T17:01:26+00:00","breadcrumb":{"@id":"https:\/\/shumans-monini-stage.ccws.it\/sv\/hallbarhet\/#breadcrumb"},"inLanguage":"sv-SE","potentialAction":[{"@type":"ReadAction","target":["https:\/\/shumans-monini-stage.ccws.it\/sv\/hallbarhet\/"]}]},{"@type":"ImageObject","inLanguage":"sv-SE","@id":"https:\/\/shumans-monini-stage.ccws.it\/sv\/hallbarhet\/#primaryimage","url":"https:\/\/shumans-monini-stage.ccws.it\/wp-content\/uploads\/2025\/06\/sustainability-banner.jpg","contentUrl":"https:\/\/shumans-monini-stage.ccws.it\/wp-content\/uploads\/2025\/06\/sustainability-banner.jpg","width":1440,"height":597},{"@type":"BreadcrumbList","@id":"https:\/\/shumans-monini-stage.ccws.it\/sv\/hallbarhet\/#breadcrumb","itemListElement":[{"@type":"ListItem","position":1,"name":"Home","item":"https:\/\/shumans-monini-stage.ccws.it\/sv\/"},{"@type":"ListItem","position":2,"name":"H\u00e5llbarhet"}]},{"@type":"WebSite","@id":"https:\/\/shumans-monini-stage.ccws.it\/sv\/#website","url":"https:\/\/shumans-monini-stage.ccws.it\/sv\/","name":"Monini","description":"Una spremuta di olive","potentialAction":[{"@type":"SearchAction","target":{"@type":"EntryPoint","urlTemplate":"https:\/\/shumans-monini-stage.ccws.it\/sv\/?s={search_term_string}"},"query-input":{"@type":"PropertyValueSpecification","valueRequired":true,"valueName":"search_term_string"}}],"inLanguage":"sv-SE"}]}},"acf":[],"_links":{"self":[{"href":"https:\/\/shumans-monini-stage.ccws.it\/sv\/wp-json\/wp\/v2\/pages\/36782","targetHints":{"allow":["GET"]}}],"collection":[{"href":"https:\/\/shumans-monini-stage.ccws.it\/sv\/wp-json\/wp\/v2\/pages"}],"about":[{"href":"https:\/\/shumans-monini-stage.ccws.it\/sv\/wp-json\/wp\/v2\/types\/page"}],"author":[{"embeddable":true,"href":"https:\/\/shumans-monini-stage.ccws.it\/sv\/wp-json\/wp\/v2\/users\/3"}],"replies":[{"embeddable":true,"href":"https:\/\/shumans-monini-stage.ccws.it\/sv\/wp-json\/wp\/v2\/comments?post=36782"}],"version-history":[{"count":1,"href":"https:\/\/shumans-monini-stage.ccws.it\/sv\/wp-json\/wp\/v2\/pages\/36782\/revisions"}],"predecessor-version":[{"id":36826,"href":"https:\/\/shumans-monini-stage.ccws.it\/sv\/wp-json\/wp\/v2\/pages\/36782\/revisions\/36826"}],"wp:featuredmedia":[{"embeddable":true,"href":"https:\/\/shumans-monini-stage.ccws.it\/sv\/wp-json\/wp\/v2\/media\/3150"}],"wp:attachment":[{"href":"https:\/\/shumans-monini-stage.ccws.it\/sv\/wp-json\/wp\/v2\/media?parent=36782"}],"curies":[{"name":"wp","href":"https:\/\/api.w.org\/{rel}","templated":true}]}}