{"id":36631,"date":"2025-06-06T09:51:08","date_gmt":"2025-06-06T07:51:08","guid":{"rendered":"https:\/\/shumans-monini-stage.ccws.it\/?post_type=product&#038;p=36631"},"modified":"2025-08-22T17:49:18","modified_gmt":"2025-08-22T15:49:18","slug":"delicato","status":"publish","type":"product","link":"https:\/\/shumans-monini-stage.ccws.it\/sv\/product\/delicato\/","title":{"rendered":"Delicato"},"content":{"rendered":"\n<div class=\"wp-block-group is-style-spaced\"><div class=\"wp-block-group__inner-container\">\n<div style=\"height:0.1em\" aria-hidden=\"true\" class=\"wp-block-spacer\"><\/div>\n<\/div><\/div>\n\n\n\n<div style=\"height:9px\" aria-hidden=\"true\" class=\"wp-block-spacer\"><\/div>\n\n\n\n<div class=\"wp-block-group is-style-spaced\"><div class=\"wp-block-group__inner-container\">\n<h6 class=\"wp-block-heading\">REKOMMENDATIONER F\u00d6R PROVSMAKNING<\/h6>\n\n\n\n<div style=\"height:0.25em\" aria-hidden=\"true\" class=\"wp-block-spacer\"><\/div>\n\n\n\n<div class=\"wp-block-columns\">\n<div class=\"wp-block-column\"><div class=\"wp-block-image\">\n<figure class=\"aligncenter size-full\"><img loading=\"lazy\" decoding=\"async\" width=\"120\" height=\"120\" src=\"https:\/\/shumans-monini-stage.ccws.it\/wp-content\/uploads\/2025\/08\/icn_insalata@2X.png\" alt=\"\" class=\"wp-image-33641\"\/><figcaption class=\"wp-element-caption\">Gr\u00f6nsaker<\/figcaption><\/figure>\n<\/div><\/div>\n\n\n\n<div class=\"wp-block-column\"><div class=\"wp-block-image\">\n<figure class=\"aligncenter size-full\"><img loading=\"lazy\" decoding=\"async\" width=\"120\" height=\"120\" src=\"https:\/\/shumans-monini-stage.ccws.it\/wp-content\/uploads\/2025\/08\/icn_carnibianche@2X.png\" alt=\"\" class=\"wp-image-34327\"\/><figcaption class=\"wp-element-caption\">Vitt k\u00f6tt<\/figcaption><\/figure>\n<\/div><\/div>\n\n\n\n<div class=\"wp-block-column\"><div class=\"wp-block-image\">\n<figure class=\"aligncenter size-full\"><img loading=\"lazy\" decoding=\"async\" width=\"120\" height=\"120\" src=\"https:\/\/shumans-monini-stage.ccws.it\/wp-content\/uploads\/2025\/08\/icn_per-utilizzi-in-cottura@2X.png\" alt=\"\" class=\"wp-image-34988\"\/><figcaption class=\"wp-element-caption\">F\u00f6r tillagning<\/figcaption><\/figure>\n<\/div><\/div>\n\n\n\n<div class=\"wp-block-column\"><div class=\"wp-block-image\">\n<figure class=\"aligncenter size-full\"><img loading=\"lazy\" decoding=\"async\" width=\"120\" height=\"120\" src=\"https:\/\/shumans-monini-stage.ccws.it\/wp-content\/uploads\/2025\/08\/icn_per-fritture@2X.png\" alt=\"\" class=\"wp-image-35005\"\/><figcaption class=\"wp-element-caption\">Till stekning<\/figcaption><\/figure>\n<\/div><\/div>\n<\/div>\n\n\n\n<div style=\"height:0.1em\" aria-hidden=\"true\" class=\"wp-block-spacer\"><\/div>\n\n\n\n<p>Passar f\u00f6r alla kulinariska anr\u00e4ttningar och som smaks\u00e4ttare till dina mest delikata r\u00e4tter. Perfekt till sallader, marinader, dressingar och alla italienska specialiteter.<\/p>\n<\/div><\/div>\n\n\n    <section class=\"banner-link \">\n        <div class=\"banner-wrapper\">\n\t\t\t\t\t<div>\n\t\t\t\t\t    <h6 class=\"banner-category\">Guide till olivoljeprovning<\/h6>\n              <h2 class=\"banner-title\">De sju grundl\u00e4ggande reglerna<\/h2>\t\t\t\t\t\t\n\t\t\t\t\t<\/div>\n\t\t\t\t\t<div>\n\t\t\t\t\t\t<a href=\"https:\/\/shumans-monini-stage.ccws.it\/sv\/article\/de-sju-grundlaggande-reglerna\/\" title=\"Uppt\u00e4ck mer\" class=\"btn btn-primary\">\n\t\t\t\t\t\t\t<span>Uppt\u00e4ck mer<\/span>\n\t\t\t\t\t\t<\/a>\n\t\t\t\t\t<\/div>\n        <\/div>\n    <\/section>\n\n\n\n<div style=\"height:1em\" aria-hidden=\"true\" class=\"wp-block-spacer\"><\/div>\n\n\n\n<figure class=\"wp-block-image size-full\"><img loading=\"lazy\" decoding=\"async\" width=\"1500\" height=\"844\" src=\"https:\/\/shumans-monini-stage.ccws.it\/wp-content\/uploads\/2025\/06\/olive8.jpg\" alt=\"\" class=\"wp-image-721\" style=\"aspect-ratio:16\/9;object-fit:cover\" srcset=\"https:\/\/shumans-monini-stage.ccws.it\/wp-content\/uploads\/2025\/06\/olive8.jpg 1500w, https:\/\/shumans-monini-stage.ccws.it\/wp-content\/uploads\/2025\/06\/olive8-300x169.jpg 300w, https:\/\/shumans-monini-stage.ccws.it\/wp-content\/uploads\/2025\/06\/olive8-1024x576.jpg 1024w, https:\/\/shumans-monini-stage.ccws.it\/wp-content\/uploads\/2025\/06\/olive8-768x432.jpg 768w\" sizes=\"auto, (max-width: 1500px) 100vw, 1500px\" \/><\/figure>\n\n\n\n<div style=\"height:1em\" aria-hidden=\"true\" class=\"wp-block-spacer\"><\/div>\n\n\n\n<p><\/p>\n","protected":false},"excerpt":{"rendered":"<p>Delicato Extra Jungfruolivolja har samma h\u00e4lsofr\u00e4mjande egenskaper som Extra Jungfruolivolja men en l\u00e4ttare och mildare smak.<br \/>\nDen perfekta l\u00f6sningen f\u00f6r den som inte \u00e4r van vid den skarpa (peppriga, kryddiga) smak som k\u00e4nnetecknar en Extra Jungfruolivolja.<\/p>\n","protected":false},"author":3,"featured_media":33688,"menu_order":2,"template":"","meta":{"_acf_changed":false,"footnotes":""},"tags":[],"cat_product":[436],"class_list":["post-36631","product","type-product","status-publish","has-post-thumbnail","hentry","cat_product-ditt-val-varje-dag"],"yoast_head":"<!-- This site is optimized with the Yoast SEO plugin v25.8 - https:\/\/yoast.com\/wordpress\/plugins\/seo\/ -->\n<title>Delicato - Monini<\/title>\n<meta name=\"robots\" content=\"noindex, follow, max-snippet:-1, max-image-preview:large, max-video-preview:-1\" \/>\n<meta property=\"og:locale\" content=\"sv_SE\" \/>\n<meta property=\"og:type\" content=\"article\" \/>\n<meta property=\"og:title\" content=\"Delicato - Monini\" \/>\n<meta property=\"og:description\" content=\"Delicato Extra Jungfruolivolja har samma h\u00e4lsofr\u00e4mjande egenskaper som Extra Jungfruolivolja men en l\u00e4ttare och mildare smak. Den perfekta l\u00f6sningen f\u00f6r den som inte \u00e4r van vid den skarpa (peppriga, kryddiga) smak som k\u00e4nnetecknar en Extra Jungfruolivolja.\" \/>\n<meta property=\"og:url\" content=\"https:\/\/shumans-monini-stage.ccws.it\/sv\/product\/delicato\/\" \/>\n<meta property=\"og:site_name\" content=\"Monini\" \/>\n<meta property=\"article:publisher\" content=\"https:\/\/www.facebook.com\/MoniniOlio\/\" \/>\n<meta property=\"article:modified_time\" content=\"2025-08-22T15:49:18+00:00\" \/>\n<meta property=\"og:image\" content=\"https:\/\/shumans-monini-stage.ccws.it\/wp-content\/uploads\/2025\/08\/delicato-ita.png\" \/>\n\t<meta property=\"og:image:width\" content=\"1024\" \/>\n\t<meta property=\"og:image:height\" content=\"1280\" \/>\n\t<meta property=\"og:image:type\" content=\"image\/png\" \/>\n<meta name=\"twitter:card\" content=\"summary_large_image\" \/>\n<meta name=\"twitter:label1\" content=\"Ber\u00e4knad l\u00e4stid\" \/>\n\t<meta name=\"twitter:data1\" content=\"2 minut\" \/>\n<script type=\"application\/ld+json\" class=\"yoast-schema-graph\">{\"@context\":\"https:\/\/schema.org\",\"@graph\":[{\"@type\":\"WebPage\",\"@id\":\"https:\/\/shumans-monini-stage.ccws.it\/sv\/product\/delicato\/\",\"url\":\"https:\/\/shumans-monini-stage.ccws.it\/sv\/product\/delicato\/\",\"name\":\"Delicato - Monini\",\"isPartOf\":{\"@id\":\"https:\/\/shumans-monini-stage.ccws.it\/sv\/#website\"},\"primaryImageOfPage\":{\"@id\":\"https:\/\/shumans-monini-stage.ccws.it\/sv\/product\/delicato\/#primaryimage\"},\"image\":{\"@id\":\"https:\/\/shumans-monini-stage.ccws.it\/sv\/product\/delicato\/#primaryimage\"},\"thumbnailUrl\":\"https:\/\/shumans-monini-stage.ccws.it\/wp-content\/uploads\/2025\/08\/delicato-ita.png\",\"datePublished\":\"2025-06-06T07:51:08+00:00\",\"dateModified\":\"2025-08-22T15:49:18+00:00\",\"breadcrumb\":{\"@id\":\"https:\/\/shumans-monini-stage.ccws.it\/sv\/product\/delicato\/#breadcrumb\"},\"inLanguage\":\"sv-SE\",\"potentialAction\":[{\"@type\":\"ReadAction\",\"target\":[\"https:\/\/shumans-monini-stage.ccws.it\/sv\/product\/delicato\/\"]}]},{\"@type\":\"ImageObject\",\"inLanguage\":\"sv-SE\",\"@id\":\"https:\/\/shumans-monini-stage.ccws.it\/sv\/product\/delicato\/#primaryimage\",\"url\":\"https:\/\/shumans-monini-stage.ccws.it\/wp-content\/uploads\/2025\/08\/delicato-ita.png\",\"contentUrl\":\"https:\/\/shumans-monini-stage.ccws.it\/wp-content\/uploads\/2025\/08\/delicato-ita.png\",\"width\":1024,\"height\":1280},{\"@type\":\"BreadcrumbList\",\"@id\":\"https:\/\/shumans-monini-stage.ccws.it\/sv\/product\/delicato\/#breadcrumb\",\"itemListElement\":[{\"@type\":\"ListItem\",\"position\":1,\"name\":\"Home\",\"item\":\"https:\/\/shumans-monini-stage.ccws.it\/sv\/\"},{\"@type\":\"ListItem\",\"position\":2,\"name\":\"Produkter\",\"item\":\"https:\/\/shumans-monini-stage.ccws.it\/sv\/product\/\"},{\"@type\":\"ListItem\",\"position\":3,\"name\":\"Delicato\"}]},{\"@type\":\"WebSite\",\"@id\":\"https:\/\/shumans-monini-stage.ccws.it\/sv\/#website\",\"url\":\"https:\/\/shumans-monini-stage.ccws.it\/sv\/\",\"name\":\"Monini\",\"description\":\"Una spremuta di olive\",\"potentialAction\":[{\"@type\":\"SearchAction\",\"target\":{\"@type\":\"EntryPoint\",\"urlTemplate\":\"https:\/\/shumans-monini-stage.ccws.it\/sv\/?s={search_term_string}\"},\"query-input\":{\"@type\":\"PropertyValueSpecification\",\"valueRequired\":true,\"valueName\":\"search_term_string\"}}],\"inLanguage\":\"sv-SE\"}]}<\/script>\n<!-- \/ Yoast SEO plugin. -->","yoast_head_json":{"title":"Delicato - Monini","robots":{"index":"noindex","follow":"follow","max-snippet":"max-snippet:-1","max-image-preview":"max-image-preview:large","max-video-preview":"max-video-preview:-1"},"og_locale":"sv_SE","og_type":"article","og_title":"Delicato - Monini","og_description":"Delicato Extra Jungfruolivolja har samma h\u00e4lsofr\u00e4mjande egenskaper som Extra Jungfruolivolja men en l\u00e4ttare och mildare smak. Den perfekta l\u00f6sningen f\u00f6r den som inte \u00e4r van vid den skarpa (peppriga, kryddiga) smak som k\u00e4nnetecknar en Extra Jungfruolivolja.","og_url":"https:\/\/shumans-monini-stage.ccws.it\/sv\/product\/delicato\/","og_site_name":"Monini","article_publisher":"https:\/\/www.facebook.com\/MoniniOlio\/","article_modified_time":"2025-08-22T15:49:18+00:00","og_image":[{"width":1024,"height":1280,"url":"https:\/\/shumans-monini-stage.ccws.it\/wp-content\/uploads\/2025\/08\/delicato-ita.png","type":"image\/png"}],"twitter_card":"summary_large_image","twitter_misc":{"Ber\u00e4knad l\u00e4stid":"2 minut"},"schema":{"@context":"https:\/\/schema.org","@graph":[{"@type":"WebPage","@id":"https:\/\/shumans-monini-stage.ccws.it\/sv\/product\/delicato\/","url":"https:\/\/shumans-monini-stage.ccws.it\/sv\/product\/delicato\/","name":"Delicato - Monini","isPartOf":{"@id":"https:\/\/shumans-monini-stage.ccws.it\/sv\/#website"},"primaryImageOfPage":{"@id":"https:\/\/shumans-monini-stage.ccws.it\/sv\/product\/delicato\/#primaryimage"},"image":{"@id":"https:\/\/shumans-monini-stage.ccws.it\/sv\/product\/delicato\/#primaryimage"},"thumbnailUrl":"https:\/\/shumans-monini-stage.ccws.it\/wp-content\/uploads\/2025\/08\/delicato-ita.png","datePublished":"2025-06-06T07:51:08+00:00","dateModified":"2025-08-22T15:49:18+00:00","breadcrumb":{"@id":"https:\/\/shumans-monini-stage.ccws.it\/sv\/product\/delicato\/#breadcrumb"},"inLanguage":"sv-SE","potentialAction":[{"@type":"ReadAction","target":["https:\/\/shumans-monini-stage.ccws.it\/sv\/product\/delicato\/"]}]},{"@type":"ImageObject","inLanguage":"sv-SE","@id":"https:\/\/shumans-monini-stage.ccws.it\/sv\/product\/delicato\/#primaryimage","url":"https:\/\/shumans-monini-stage.ccws.it\/wp-content\/uploads\/2025\/08\/delicato-ita.png","contentUrl":"https:\/\/shumans-monini-stage.ccws.it\/wp-content\/uploads\/2025\/08\/delicato-ita.png","width":1024,"height":1280},{"@type":"BreadcrumbList","@id":"https:\/\/shumans-monini-stage.ccws.it\/sv\/product\/delicato\/#breadcrumb","itemListElement":[{"@type":"ListItem","position":1,"name":"Home","item":"https:\/\/shumans-monini-stage.ccws.it\/sv\/"},{"@type":"ListItem","position":2,"name":"Produkter","item":"https:\/\/shumans-monini-stage.ccws.it\/sv\/product\/"},{"@type":"ListItem","position":3,"name":"Delicato"}]},{"@type":"WebSite","@id":"https:\/\/shumans-monini-stage.ccws.it\/sv\/#website","url":"https:\/\/shumans-monini-stage.ccws.it\/sv\/","name":"Monini","description":"Una spremuta di olive","potentialAction":[{"@type":"SearchAction","target":{"@type":"EntryPoint","urlTemplate":"https:\/\/shumans-monini-stage.ccws.it\/sv\/?s={search_term_string}"},"query-input":{"@type":"PropertyValueSpecification","valueRequired":true,"valueName":"search_term_string"}}],"inLanguage":"sv-SE"}]}},"acf":[],"_links":{"self":[{"href":"https:\/\/shumans-monini-stage.ccws.it\/sv\/wp-json\/wp\/v2\/product\/36631","targetHints":{"allow":["GET"]}}],"collection":[{"href":"https:\/\/shumans-monini-stage.ccws.it\/sv\/wp-json\/wp\/v2\/product"}],"about":[{"href":"https:\/\/shumans-monini-stage.ccws.it\/sv\/wp-json\/wp\/v2\/types\/product"}],"author":[{"embeddable":true,"href":"https:\/\/shumans-monini-stage.ccws.it\/sv\/wp-json\/wp\/v2\/users\/3"}],"version-history":[{"count":1,"href":"https:\/\/shumans-monini-stage.ccws.it\/sv\/wp-json\/wp\/v2\/product\/36631\/revisions"}],"predecessor-version":[{"id":36632,"href":"https:\/\/shumans-monini-stage.ccws.it\/sv\/wp-json\/wp\/v2\/product\/36631\/revisions\/36632"}],"wp:featuredmedia":[{"embeddable":true,"href":"https:\/\/shumans-monini-stage.ccws.it\/sv\/wp-json\/wp\/v2\/media\/33688"}],"wp:attachment":[{"href":"https:\/\/shumans-monini-stage.ccws.it\/sv\/wp-json\/wp\/v2\/media?parent=36631"}],"wp:term":[{"taxonomy":"post_tag","embeddable":true,"href":"https:\/\/shumans-monini-stage.ccws.it\/sv\/wp-json\/wp\/v2\/tags?post=36631"},{"taxonomy":"cat_product","embeddable":true,"href":"https:\/\/shumans-monini-stage.ccws.it\/sv\/wp-json\/wp\/v2\/cat_product?post=36631"}],"curies":[{"name":"wp","href":"https:\/\/api.w.org\/{rel}","templated":true}]}}