{"id":36658,"date":"2025-06-25T10:18:14","date_gmt":"2025-06-25T08:18:14","guid":{"rendered":"https:\/\/shumans-monini-stage.ccws.it\/?post_type=product&#038;p=36658"},"modified":"2025-08-22T18:09:37","modified_gmt":"2025-08-22T16:09:37","slug":"vit-tryffel","status":"publish","type":"product","link":"https:\/\/shumans-monini-stage.ccws.it\/sv\/product\/vit-tryffel\/","title":{"rendered":"Vit Tryffel"},"content":{"rendered":"\n<div class=\"wp-block-group is-style-spaced\"><div class=\"wp-block-group__inner-container\">\n<h6 class=\"wp-block-heading\">REKOMMENDATIONER F\u00d6R PROVSMAKNING<\/h6>\n\n\n\n<div style=\"height:0.25em\" aria-hidden=\"true\" class=\"wp-block-spacer\"><\/div>\n\n\n\n<div class=\"wp-block-columns\">\n<div class=\"wp-block-column\"><div class=\"wp-block-image\">\n<figure class=\"aligncenter size-full\"><img loading=\"lazy\" decoding=\"async\" width=\"120\" height=\"120\" src=\"https:\/\/shumans-monini-stage.ccws.it\/wp-content\/uploads\/2025\/06\/icn_carnerossa@2X.png\" alt=\"\" class=\"wp-image-2158\"\/><figcaption class=\"wp-element-caption\">R\u00f6tt k\u00f6tt<\/figcaption><\/figure>\n<\/div>\n\n<div class=\"wp-block-image\">\n<figure class=\"aligncenter size-full\"><img loading=\"lazy\" decoding=\"async\" width=\"120\" height=\"120\" src=\"https:\/\/shumans-monini-stage.ccws.it\/wp-content\/uploads\/2025\/08\/icn_formaggi@2X.png\" alt=\"\" class=\"wp-image-36436\"\/><figcaption class=\"wp-element-caption\">Ost<\/figcaption><\/figure>\n<\/div><\/div>\n\n\n\n<div class=\"wp-block-column\"><div class=\"wp-block-image\">\n<figure class=\"aligncenter size-full\"><img loading=\"lazy\" decoding=\"async\" width=\"120\" height=\"120\" src=\"https:\/\/shumans-monini-stage.ccws.it\/wp-content\/uploads\/2025\/08\/icn_per-utilizzi-a-crudo@2X.png\" alt=\"\" class=\"wp-image-35022\"\/><figcaption class=\"wp-element-caption\">Som smaks\u00e4ttare<\/figcaption><\/figure>\n<\/div><\/div>\n\n\n\n<div class=\"wp-block-column\"><div class=\"wp-block-image\">\n<figure class=\"aligncenter size-full\"><img loading=\"lazy\" decoding=\"async\" width=\"120\" height=\"120\" src=\"https:\/\/shumans-monini-stage.ccws.it\/wp-content\/uploads\/2025\/08\/icn_paste@2X-1.png\" alt=\"\" class=\"wp-image-35494\"\/><figcaption class=\"wp-element-caption\">F\u00e4rsk eller torr pasta<\/figcaption><\/figure>\n<\/div><\/div>\n\n\n\n<div class=\"wp-block-column\"><div class=\"wp-block-image\">\n<figure class=\"aligncenter size-full\"><img loading=\"lazy\" decoding=\"async\" width=\"120\" height=\"120\" src=\"https:\/\/shumans-monini-stage.ccws.it\/wp-content\/uploads\/2025\/08\/icn_riso@2X-1.png\" alt=\"\" class=\"wp-image-34520\"\/><figcaption class=\"wp-element-caption\">Ris och s\u00e4desslag<\/figcaption><\/figure>\n<\/div><\/div>\n\n\n\n<div class=\"wp-block-column\"><div class=\"wp-block-image\">\n<figure class=\"aligncenter size-full is-resized\"><img loading=\"lazy\" decoding=\"async\" width=\"120\" height=\"120\" src=\"https:\/\/shumans-monini-stage.ccws.it\/wp-content\/uploads\/2025\/06\/icn_uova@2X.png\" alt=\"\" class=\"wp-image-36451\" style=\"width:120px;height:auto\"\/><figcaption class=\"wp-element-caption\">\u00c4gg<\/figcaption><\/figure>\n<\/div><\/div>\n<\/div>\n\n\n\n<div style=\"height:0.1em\" aria-hidden=\"true\" class=\"wp-block-spacer\"><\/div>\n\n\n\n<p>Uts\u00f6kt p\u00e5 carpaccio, till fondue, bresaola och stekt \u00e4gg: perfekt p\u00e5 huvudr\u00e4tter.<\/p>\n<\/div><\/div>\n","protected":false},"excerpt":{"rendered":"<p>Monini har tagit fram ett sortiment med smaksatta extra jungfruolivoljor som snabbt och l\u00e4tt ger en skjuts \u00e5t vilka matr\u00e4tter som helst. Sortimentet har tagits fram f\u00f6r att passa alla, utan att f\u00f6r den skull f\u00f6rlora de mest genuina och traditionella smakerna fr\u00e5n det italienska k\u00f6ket.<\/p>\n","protected":false},"author":3,"featured_media":4362,"menu_order":45,"template":"","meta":{"_acf_changed":false,"footnotes":""},"tags":[],"cat_product":[439],"class_list":["post-36658","product","type-product","status-publish","has-post-thumbnail","hentry","cat_product-kryddad-smaksattare-med-extra-jungfruolivolja"],"yoast_head":"<!-- This site is optimized with the Yoast SEO plugin v25.8 - https:\/\/yoast.com\/wordpress\/plugins\/seo\/ -->\n<title>Vit Tryffel - Monini<\/title>\n<meta name=\"robots\" content=\"noindex, follow, max-snippet:-1, max-image-preview:large, max-video-preview:-1\" \/>\n<meta property=\"og:locale\" content=\"sv_SE\" \/>\n<meta property=\"og:type\" content=\"article\" \/>\n<meta property=\"og:title\" content=\"Vit Tryffel - Monini\" \/>\n<meta property=\"og:description\" content=\"Monini har tagit fram ett sortiment med smaksatta extra jungfruolivoljor som snabbt och l\u00e4tt ger en skjuts \u00e5t vilka matr\u00e4tter som helst. Sortimentet har tagits fram f\u00f6r att passa alla, utan att f\u00f6r den skull f\u00f6rlora de mest genuina och traditionella smakerna fr\u00e5n det italienska k\u00f6ket.\" \/>\n<meta property=\"og:url\" content=\"https:\/\/shumans-monini-stage.ccws.it\/sv\/product\/vit-tryffel\/\" \/>\n<meta property=\"og:site_name\" content=\"Monini\" \/>\n<meta property=\"article:publisher\" content=\"https:\/\/www.facebook.com\/MoniniOlio\/\" \/>\n<meta property=\"article:modified_time\" content=\"2025-08-22T16:09:37+00:00\" \/>\n<meta property=\"og:image\" content=\"https:\/\/shumans-monini-stage.ccws.it\/wp-content\/uploads\/2025\/06\/aromatizzato-tartufo-bianco.png\" \/>\n\t<meta property=\"og:image:width\" content=\"1024\" \/>\n\t<meta property=\"og:image:height\" content=\"1280\" \/>\n\t<meta property=\"og:image:type\" content=\"image\/png\" \/>\n<meta name=\"twitter:card\" content=\"summary_large_image\" \/>\n<meta name=\"twitter:label1\" content=\"Ber\u00e4knad l\u00e4stid\" \/>\n\t<meta name=\"twitter:data1\" content=\"2 minut\" \/>\n<script type=\"application\/ld+json\" class=\"yoast-schema-graph\">{\"@context\":\"https:\/\/schema.org\",\"@graph\":[{\"@type\":\"WebPage\",\"@id\":\"https:\/\/shumans-monini-stage.ccws.it\/sv\/product\/vit-tryffel\/\",\"url\":\"https:\/\/shumans-monini-stage.ccws.it\/sv\/product\/vit-tryffel\/\",\"name\":\"Vit Tryffel - Monini\",\"isPartOf\":{\"@id\":\"https:\/\/shumans-monini-stage.ccws.it\/sv\/#website\"},\"primaryImageOfPage\":{\"@id\":\"https:\/\/shumans-monini-stage.ccws.it\/sv\/product\/vit-tryffel\/#primaryimage\"},\"image\":{\"@id\":\"https:\/\/shumans-monini-stage.ccws.it\/sv\/product\/vit-tryffel\/#primaryimage\"},\"thumbnailUrl\":\"https:\/\/shumans-monini-stage.ccws.it\/wp-content\/uploads\/2025\/06\/aromatizzato-tartufo-bianco.png\",\"datePublished\":\"2025-06-25T08:18:14+00:00\",\"dateModified\":\"2025-08-22T16:09:37+00:00\",\"breadcrumb\":{\"@id\":\"https:\/\/shumans-monini-stage.ccws.it\/sv\/product\/vit-tryffel\/#breadcrumb\"},\"inLanguage\":\"sv-SE\",\"potentialAction\":[{\"@type\":\"ReadAction\",\"target\":[\"https:\/\/shumans-monini-stage.ccws.it\/sv\/product\/vit-tryffel\/\"]}]},{\"@type\":\"ImageObject\",\"inLanguage\":\"sv-SE\",\"@id\":\"https:\/\/shumans-monini-stage.ccws.it\/sv\/product\/vit-tryffel\/#primaryimage\",\"url\":\"https:\/\/shumans-monini-stage.ccws.it\/wp-content\/uploads\/2025\/06\/aromatizzato-tartufo-bianco.png\",\"contentUrl\":\"https:\/\/shumans-monini-stage.ccws.it\/wp-content\/uploads\/2025\/06\/aromatizzato-tartufo-bianco.png\",\"width\":1024,\"height\":1280},{\"@type\":\"BreadcrumbList\",\"@id\":\"https:\/\/shumans-monini-stage.ccws.it\/sv\/product\/vit-tryffel\/#breadcrumb\",\"itemListElement\":[{\"@type\":\"ListItem\",\"position\":1,\"name\":\"Home\",\"item\":\"https:\/\/shumans-monini-stage.ccws.it\/sv\/\"},{\"@type\":\"ListItem\",\"position\":2,\"name\":\"Produkter\",\"item\":\"https:\/\/shumans-monini-stage.ccws.it\/sv\/product\/\"},{\"@type\":\"ListItem\",\"position\":3,\"name\":\"Vit Tryffel\"}]},{\"@type\":\"WebSite\",\"@id\":\"https:\/\/shumans-monini-stage.ccws.it\/sv\/#website\",\"url\":\"https:\/\/shumans-monini-stage.ccws.it\/sv\/\",\"name\":\"Monini\",\"description\":\"Una spremuta di olive\",\"potentialAction\":[{\"@type\":\"SearchAction\",\"target\":{\"@type\":\"EntryPoint\",\"urlTemplate\":\"https:\/\/shumans-monini-stage.ccws.it\/sv\/?s={search_term_string}\"},\"query-input\":{\"@type\":\"PropertyValueSpecification\",\"valueRequired\":true,\"valueName\":\"search_term_string\"}}],\"inLanguage\":\"sv-SE\"}]}<\/script>\n<!-- \/ Yoast SEO plugin. -->","yoast_head_json":{"title":"Vit Tryffel - Monini","robots":{"index":"noindex","follow":"follow","max-snippet":"max-snippet:-1","max-image-preview":"max-image-preview:large","max-video-preview":"max-video-preview:-1"},"og_locale":"sv_SE","og_type":"article","og_title":"Vit Tryffel - Monini","og_description":"Monini har tagit fram ett sortiment med smaksatta extra jungfruolivoljor som snabbt och l\u00e4tt ger en skjuts \u00e5t vilka matr\u00e4tter som helst. Sortimentet har tagits fram f\u00f6r att passa alla, utan att f\u00f6r den skull f\u00f6rlora de mest genuina och traditionella smakerna fr\u00e5n det italienska k\u00f6ket.","og_url":"https:\/\/shumans-monini-stage.ccws.it\/sv\/product\/vit-tryffel\/","og_site_name":"Monini","article_publisher":"https:\/\/www.facebook.com\/MoniniOlio\/","article_modified_time":"2025-08-22T16:09:37+00:00","og_image":[{"width":1024,"height":1280,"url":"https:\/\/shumans-monini-stage.ccws.it\/wp-content\/uploads\/2025\/06\/aromatizzato-tartufo-bianco.png","type":"image\/png"}],"twitter_card":"summary_large_image","twitter_misc":{"Ber\u00e4knad l\u00e4stid":"2 minut"},"schema":{"@context":"https:\/\/schema.org","@graph":[{"@type":"WebPage","@id":"https:\/\/shumans-monini-stage.ccws.it\/sv\/product\/vit-tryffel\/","url":"https:\/\/shumans-monini-stage.ccws.it\/sv\/product\/vit-tryffel\/","name":"Vit Tryffel - Monini","isPartOf":{"@id":"https:\/\/shumans-monini-stage.ccws.it\/sv\/#website"},"primaryImageOfPage":{"@id":"https:\/\/shumans-monini-stage.ccws.it\/sv\/product\/vit-tryffel\/#primaryimage"},"image":{"@id":"https:\/\/shumans-monini-stage.ccws.it\/sv\/product\/vit-tryffel\/#primaryimage"},"thumbnailUrl":"https:\/\/shumans-monini-stage.ccws.it\/wp-content\/uploads\/2025\/06\/aromatizzato-tartufo-bianco.png","datePublished":"2025-06-25T08:18:14+00:00","dateModified":"2025-08-22T16:09:37+00:00","breadcrumb":{"@id":"https:\/\/shumans-monini-stage.ccws.it\/sv\/product\/vit-tryffel\/#breadcrumb"},"inLanguage":"sv-SE","potentialAction":[{"@type":"ReadAction","target":["https:\/\/shumans-monini-stage.ccws.it\/sv\/product\/vit-tryffel\/"]}]},{"@type":"ImageObject","inLanguage":"sv-SE","@id":"https:\/\/shumans-monini-stage.ccws.it\/sv\/product\/vit-tryffel\/#primaryimage","url":"https:\/\/shumans-monini-stage.ccws.it\/wp-content\/uploads\/2025\/06\/aromatizzato-tartufo-bianco.png","contentUrl":"https:\/\/shumans-monini-stage.ccws.it\/wp-content\/uploads\/2025\/06\/aromatizzato-tartufo-bianco.png","width":1024,"height":1280},{"@type":"BreadcrumbList","@id":"https:\/\/shumans-monini-stage.ccws.it\/sv\/product\/vit-tryffel\/#breadcrumb","itemListElement":[{"@type":"ListItem","position":1,"name":"Home","item":"https:\/\/shumans-monini-stage.ccws.it\/sv\/"},{"@type":"ListItem","position":2,"name":"Produkter","item":"https:\/\/shumans-monini-stage.ccws.it\/sv\/product\/"},{"@type":"ListItem","position":3,"name":"Vit Tryffel"}]},{"@type":"WebSite","@id":"https:\/\/shumans-monini-stage.ccws.it\/sv\/#website","url":"https:\/\/shumans-monini-stage.ccws.it\/sv\/","name":"Monini","description":"Una spremuta di olive","potentialAction":[{"@type":"SearchAction","target":{"@type":"EntryPoint","urlTemplate":"https:\/\/shumans-monini-stage.ccws.it\/sv\/?s={search_term_string}"},"query-input":{"@type":"PropertyValueSpecification","valueRequired":true,"valueName":"search_term_string"}}],"inLanguage":"sv-SE"}]}},"acf":[],"_links":{"self":[{"href":"https:\/\/shumans-monini-stage.ccws.it\/sv\/wp-json\/wp\/v2\/product\/36658","targetHints":{"allow":["GET"]}}],"collection":[{"href":"https:\/\/shumans-monini-stage.ccws.it\/sv\/wp-json\/wp\/v2\/product"}],"about":[{"href":"https:\/\/shumans-monini-stage.ccws.it\/sv\/wp-json\/wp\/v2\/types\/product"}],"author":[{"embeddable":true,"href":"https:\/\/shumans-monini-stage.ccws.it\/sv\/wp-json\/wp\/v2\/users\/3"}],"version-history":[{"count":1,"href":"https:\/\/shumans-monini-stage.ccws.it\/sv\/wp-json\/wp\/v2\/product\/36658\/revisions"}],"predecessor-version":[{"id":36659,"href":"https:\/\/shumans-monini-stage.ccws.it\/sv\/wp-json\/wp\/v2\/product\/36658\/revisions\/36659"}],"wp:featuredmedia":[{"embeddable":true,"href":"https:\/\/shumans-monini-stage.ccws.it\/sv\/wp-json\/wp\/v2\/media\/4362"}],"wp:attachment":[{"href":"https:\/\/shumans-monini-stage.ccws.it\/sv\/wp-json\/wp\/v2\/media?parent=36658"}],"wp:term":[{"taxonomy":"post_tag","embeddable":true,"href":"https:\/\/shumans-monini-stage.ccws.it\/sv\/wp-json\/wp\/v2\/tags?post=36658"},{"taxonomy":"cat_product","embeddable":true,"href":"https:\/\/shumans-monini-stage.ccws.it\/sv\/wp-json\/wp\/v2\/cat_product?post=36658"}],"curies":[{"name":"wp","href":"https:\/\/api.w.org\/{rel}","templated":true}]}}