{"id":36743,"date":"2025-08-22T18:25:02","date_gmt":"2025-08-22T16:25:02","guid":{"rendered":"https:\/\/shumans-monini-stage.ccws.it\/?post_type=product&#038;p=36743"},"modified":"2025-08-22T18:25:09","modified_gmt":"2025-08-22T16:25:09","slug":"organisk-aceto-balsamico-di-modena-igp","status":"publish","type":"product","link":"https:\/\/shumans-monini-stage.ccws.it\/sv\/product\/organisk-aceto-balsamico-di-modena-igp\/","title":{"rendered":"Organisk &#8221;Aceto Balsamico di Modena IGP&#8221;"},"content":{"rendered":"\n<div class=\"wp-block-group is-style-spaced\"><div class=\"wp-block-group__inner-container\">\n<h6 class=\"wp-block-heading\">REKOMMENDATIONER F\u00d6R PROVSMAKNING<\/h6>\n\n\n\n<div style=\"height:0.25em\" aria-hidden=\"true\" class=\"wp-block-spacer\"><\/div>\n\n\n\n<div class=\"wp-block-columns are-vertically-aligned-top is-style-default\">\n<div class=\"wp-block-column is-vertically-aligned-top\"><div class=\"wp-block-image\">\n<figure class=\"aligncenter size-full\"><img loading=\"lazy\" decoding=\"async\" width=\"120\" height=\"120\" src=\"https:\/\/shumans-monini-stage.ccws.it\/wp-content\/uploads\/2025\/06\/icn_formaggi@2X.png\" alt=\"\" class=\"wp-image-4529\"\/><figcaption class=\"wp-element-caption\">Ost<\/figcaption><\/figure>\n<\/div><\/div>\n\n\n\n<div class=\"wp-block-column is-vertically-aligned-top\"><div class=\"wp-block-image\">\n<figure class=\"aligncenter size-full\"><img loading=\"lazy\" decoding=\"async\" width=\"120\" height=\"120\" src=\"https:\/\/shumans-monini-stage.ccws.it\/wp-content\/uploads\/2025\/06\/icn_dolci-gelati@2X-1.png\" alt=\"\" class=\"wp-image-4709\"\/><figcaption class=\"wp-element-caption\">Efterr\u00e4tter och glass<\/figcaption><\/figure>\n<\/div><\/div>\n\n\n\n<div class=\"wp-block-column is-vertically-aligned-top\"><div class=\"wp-block-image\">\n<figure class=\"aligncenter size-full\"><img loading=\"lazy\" decoding=\"async\" width=\"120\" height=\"120\" src=\"https:\/\/shumans-monini-stage.ccws.it\/wp-content\/uploads\/2025\/08\/icn_carnerossa@2X.png\" alt=\"\" class=\"wp-image-34292\"\/><figcaption class=\"wp-element-caption\">R\u00f6tt k\u00f6tt<\/figcaption><\/figure>\n<\/div><\/div>\n\n\n\n<div class=\"wp-block-column is-vertically-aligned-top\"><div class=\"wp-block-image\">\n<figure class=\"aligncenter size-full\"><img loading=\"lazy\" decoding=\"async\" width=\"120\" height=\"120\" src=\"https:\/\/shumans-monini-stage.ccws.it\/wp-content\/uploads\/2025\/08\/icn_carnibianche@2X.png\" alt=\"\" class=\"wp-image-34327\"\/><figcaption class=\"wp-element-caption\">Vitt k\u00f6tt<\/figcaption><\/figure>\n<\/div><\/div>\n\n\n\n<div class=\"wp-block-column is-vertically-aligned-top\"><div class=\"wp-block-image\">\n<figure class=\"aligncenter size-full\"><img loading=\"lazy\" decoding=\"async\" width=\"120\" height=\"120\" src=\"https:\/\/shumans-monini-stage.ccws.it\/wp-content\/uploads\/2025\/08\/icn_insalata@2X.png\" alt=\"\" class=\"wp-image-33641\"\/><figcaption class=\"wp-element-caption\">Gr\u00f6nsaker<\/figcaption><\/figure>\n<\/div><\/div>\n<\/div>\n\n\n\n<div style=\"height:0.1em\" aria-hidden=\"true\" class=\"wp-block-spacer\"><\/div>\n\n\n\n<p>Utm\u00e4rkt dressing till sallader, k\u00f6tt och fisk i kombination med extra jungfruolivolja.<\/p>\n<\/div><\/div>\n","protected":false},"excerpt":{"rendered":"<p>Balsamvin\u00e4ger fr\u00e5n Modena erh\u00e5lls med den traditionella metoden d\u00e4r kokad druvmust blandas med vitvinsvin\u00e4ger. Den framst\u00e4lls i de IGP-certifierade omr\u00e5dena i Modena och Reggio Emilia under familjen Moninis vakande \u00f6ga.<\/p>\n","protected":false},"author":3,"featured_media":36696,"menu_order":0,"template":"","meta":{"_acf_changed":false,"footnotes":""},"tags":[],"cat_product":[440],"class_list":["post-36743","product","type-product","status-publish","has-post-thumbnail","hentry","cat_product-vinager-glaze"],"yoast_head":"<!-- This site is optimized with the Yoast SEO plugin v25.8 - https:\/\/yoast.com\/wordpress\/plugins\/seo\/ -->\n<title>Organisk &quot;Aceto Balsamico di Modena IGP&quot; - Monini<\/title>\n<meta name=\"robots\" content=\"noindex, follow, max-snippet:-1, max-image-preview:large, max-video-preview:-1\" \/>\n<meta property=\"og:locale\" content=\"sv_SE\" \/>\n<meta property=\"og:type\" content=\"article\" \/>\n<meta property=\"og:title\" content=\"Organisk &quot;Aceto Balsamico di Modena IGP&quot; - Monini\" \/>\n<meta property=\"og:description\" content=\"Balsamvin\u00e4ger fr\u00e5n Modena erh\u00e5lls med den traditionella metoden d\u00e4r kokad druvmust blandas med vitvinsvin\u00e4ger. Den framst\u00e4lls i de IGP-certifierade omr\u00e5dena i Modena och Reggio Emilia under familjen Moninis vakande \u00f6ga.\" \/>\n<meta property=\"og:url\" content=\"https:\/\/shumans-monini-stage.ccws.it\/sv\/product\/organisk-aceto-balsamico-di-modena-igp\/\" \/>\n<meta property=\"og:site_name\" content=\"Monini\" \/>\n<meta property=\"article:publisher\" content=\"https:\/\/www.facebook.com\/MoniniOlio\/\" \/>\n<meta property=\"article:modified_time\" content=\"2025-08-22T16:25:09+00:00\" \/>\n<meta property=\"og:image\" content=\"https:\/\/shumans-monini-stage.ccws.it\/wp-content\/uploads\/2025\/08\/acetobalsam2-svez.png\" \/>\n\t<meta property=\"og:image:width\" content=\"1024\" \/>\n\t<meta property=\"og:image:height\" content=\"1280\" \/>\n\t<meta property=\"og:image:type\" content=\"image\/png\" \/>\n<meta name=\"twitter:card\" content=\"summary_large_image\" \/>\n<meta name=\"twitter:label1\" content=\"Ber\u00e4knad l\u00e4stid\" \/>\n\t<meta name=\"twitter:data1\" content=\"2 minut\" \/>\n<script type=\"application\/ld+json\" class=\"yoast-schema-graph\">{\"@context\":\"https:\/\/schema.org\",\"@graph\":[{\"@type\":\"WebPage\",\"@id\":\"https:\/\/shumans-monini-stage.ccws.it\/sv\/product\/organisk-aceto-balsamico-di-modena-igp\/\",\"url\":\"https:\/\/shumans-monini-stage.ccws.it\/sv\/product\/organisk-aceto-balsamico-di-modena-igp\/\",\"name\":\"Organisk \\\"Aceto Balsamico di Modena IGP\\\" - Monini\",\"isPartOf\":{\"@id\":\"https:\/\/shumans-monini-stage.ccws.it\/sv\/#website\"},\"primaryImageOfPage\":{\"@id\":\"https:\/\/shumans-monini-stage.ccws.it\/sv\/product\/organisk-aceto-balsamico-di-modena-igp\/#primaryimage\"},\"image\":{\"@id\":\"https:\/\/shumans-monini-stage.ccws.it\/sv\/product\/organisk-aceto-balsamico-di-modena-igp\/#primaryimage\"},\"thumbnailUrl\":\"https:\/\/shumans-monini-stage.ccws.it\/wp-content\/uploads\/2025\/08\/acetobalsam2-svez.png\",\"datePublished\":\"2025-08-22T16:25:02+00:00\",\"dateModified\":\"2025-08-22T16:25:09+00:00\",\"breadcrumb\":{\"@id\":\"https:\/\/shumans-monini-stage.ccws.it\/sv\/product\/organisk-aceto-balsamico-di-modena-igp\/#breadcrumb\"},\"inLanguage\":\"sv-SE\",\"potentialAction\":[{\"@type\":\"ReadAction\",\"target\":[\"https:\/\/shumans-monini-stage.ccws.it\/sv\/product\/organisk-aceto-balsamico-di-modena-igp\/\"]}]},{\"@type\":\"ImageObject\",\"inLanguage\":\"sv-SE\",\"@id\":\"https:\/\/shumans-monini-stage.ccws.it\/sv\/product\/organisk-aceto-balsamico-di-modena-igp\/#primaryimage\",\"url\":\"https:\/\/shumans-monini-stage.ccws.it\/wp-content\/uploads\/2025\/08\/acetobalsam2-svez.png\",\"contentUrl\":\"https:\/\/shumans-monini-stage.ccws.it\/wp-content\/uploads\/2025\/08\/acetobalsam2-svez.png\",\"width\":1024,\"height\":1280},{\"@type\":\"BreadcrumbList\",\"@id\":\"https:\/\/shumans-monini-stage.ccws.it\/sv\/product\/organisk-aceto-balsamico-di-modena-igp\/#breadcrumb\",\"itemListElement\":[{\"@type\":\"ListItem\",\"position\":1,\"name\":\"Home\",\"item\":\"https:\/\/shumans-monini-stage.ccws.it\/sv\/\"},{\"@type\":\"ListItem\",\"position\":2,\"name\":\"Produkter\",\"item\":\"https:\/\/shumans-monini-stage.ccws.it\/sv\/product\/\"},{\"@type\":\"ListItem\",\"position\":3,\"name\":\"Organisk &#8221;Aceto Balsamico di Modena IGP&#8221;\"}]},{\"@type\":\"WebSite\",\"@id\":\"https:\/\/shumans-monini-stage.ccws.it\/sv\/#website\",\"url\":\"https:\/\/shumans-monini-stage.ccws.it\/sv\/\",\"name\":\"Monini\",\"description\":\"Una spremuta di olive\",\"potentialAction\":[{\"@type\":\"SearchAction\",\"target\":{\"@type\":\"EntryPoint\",\"urlTemplate\":\"https:\/\/shumans-monini-stage.ccws.it\/sv\/?s={search_term_string}\"},\"query-input\":{\"@type\":\"PropertyValueSpecification\",\"valueRequired\":true,\"valueName\":\"search_term_string\"}}],\"inLanguage\":\"sv-SE\"}]}<\/script>\n<!-- \/ Yoast SEO plugin. -->","yoast_head_json":{"title":"Organisk \"Aceto Balsamico di Modena IGP\" - Monini","robots":{"index":"noindex","follow":"follow","max-snippet":"max-snippet:-1","max-image-preview":"max-image-preview:large","max-video-preview":"max-video-preview:-1"},"og_locale":"sv_SE","og_type":"article","og_title":"Organisk \"Aceto Balsamico di Modena IGP\" - Monini","og_description":"Balsamvin\u00e4ger fr\u00e5n Modena erh\u00e5lls med den traditionella metoden d\u00e4r kokad druvmust blandas med vitvinsvin\u00e4ger. Den framst\u00e4lls i de IGP-certifierade omr\u00e5dena i Modena och Reggio Emilia under familjen Moninis vakande \u00f6ga.","og_url":"https:\/\/shumans-monini-stage.ccws.it\/sv\/product\/organisk-aceto-balsamico-di-modena-igp\/","og_site_name":"Monini","article_publisher":"https:\/\/www.facebook.com\/MoniniOlio\/","article_modified_time":"2025-08-22T16:25:09+00:00","og_image":[{"width":1024,"height":1280,"url":"https:\/\/shumans-monini-stage.ccws.it\/wp-content\/uploads\/2025\/08\/acetobalsam2-svez.png","type":"image\/png"}],"twitter_card":"summary_large_image","twitter_misc":{"Ber\u00e4knad l\u00e4stid":"2 minut"},"schema":{"@context":"https:\/\/schema.org","@graph":[{"@type":"WebPage","@id":"https:\/\/shumans-monini-stage.ccws.it\/sv\/product\/organisk-aceto-balsamico-di-modena-igp\/","url":"https:\/\/shumans-monini-stage.ccws.it\/sv\/product\/organisk-aceto-balsamico-di-modena-igp\/","name":"Organisk \"Aceto Balsamico di Modena IGP\" - Monini","isPartOf":{"@id":"https:\/\/shumans-monini-stage.ccws.it\/sv\/#website"},"primaryImageOfPage":{"@id":"https:\/\/shumans-monini-stage.ccws.it\/sv\/product\/organisk-aceto-balsamico-di-modena-igp\/#primaryimage"},"image":{"@id":"https:\/\/shumans-monini-stage.ccws.it\/sv\/product\/organisk-aceto-balsamico-di-modena-igp\/#primaryimage"},"thumbnailUrl":"https:\/\/shumans-monini-stage.ccws.it\/wp-content\/uploads\/2025\/08\/acetobalsam2-svez.png","datePublished":"2025-08-22T16:25:02+00:00","dateModified":"2025-08-22T16:25:09+00:00","breadcrumb":{"@id":"https:\/\/shumans-monini-stage.ccws.it\/sv\/product\/organisk-aceto-balsamico-di-modena-igp\/#breadcrumb"},"inLanguage":"sv-SE","potentialAction":[{"@type":"ReadAction","target":["https:\/\/shumans-monini-stage.ccws.it\/sv\/product\/organisk-aceto-balsamico-di-modena-igp\/"]}]},{"@type":"ImageObject","inLanguage":"sv-SE","@id":"https:\/\/shumans-monini-stage.ccws.it\/sv\/product\/organisk-aceto-balsamico-di-modena-igp\/#primaryimage","url":"https:\/\/shumans-monini-stage.ccws.it\/wp-content\/uploads\/2025\/08\/acetobalsam2-svez.png","contentUrl":"https:\/\/shumans-monini-stage.ccws.it\/wp-content\/uploads\/2025\/08\/acetobalsam2-svez.png","width":1024,"height":1280},{"@type":"BreadcrumbList","@id":"https:\/\/shumans-monini-stage.ccws.it\/sv\/product\/organisk-aceto-balsamico-di-modena-igp\/#breadcrumb","itemListElement":[{"@type":"ListItem","position":1,"name":"Home","item":"https:\/\/shumans-monini-stage.ccws.it\/sv\/"},{"@type":"ListItem","position":2,"name":"Produkter","item":"https:\/\/shumans-monini-stage.ccws.it\/sv\/product\/"},{"@type":"ListItem","position":3,"name":"Organisk &#8221;Aceto Balsamico di Modena IGP&#8221;"}]},{"@type":"WebSite","@id":"https:\/\/shumans-monini-stage.ccws.it\/sv\/#website","url":"https:\/\/shumans-monini-stage.ccws.it\/sv\/","name":"Monini","description":"Una spremuta di olive","potentialAction":[{"@type":"SearchAction","target":{"@type":"EntryPoint","urlTemplate":"https:\/\/shumans-monini-stage.ccws.it\/sv\/?s={search_term_string}"},"query-input":{"@type":"PropertyValueSpecification","valueRequired":true,"valueName":"search_term_string"}}],"inLanguage":"sv-SE"}]}},"acf":[],"_links":{"self":[{"href":"https:\/\/shumans-monini-stage.ccws.it\/sv\/wp-json\/wp\/v2\/product\/36743","targetHints":{"allow":["GET"]}}],"collection":[{"href":"https:\/\/shumans-monini-stage.ccws.it\/sv\/wp-json\/wp\/v2\/product"}],"about":[{"href":"https:\/\/shumans-monini-stage.ccws.it\/sv\/wp-json\/wp\/v2\/types\/product"}],"author":[{"embeddable":true,"href":"https:\/\/shumans-monini-stage.ccws.it\/sv\/wp-json\/wp\/v2\/users\/3"}],"version-history":[{"count":1,"href":"https:\/\/shumans-monini-stage.ccws.it\/sv\/wp-json\/wp\/v2\/product\/36743\/revisions"}],"predecessor-version":[{"id":36744,"href":"https:\/\/shumans-monini-stage.ccws.it\/sv\/wp-json\/wp\/v2\/product\/36743\/revisions\/36744"}],"wp:featuredmedia":[{"embeddable":true,"href":"https:\/\/shumans-monini-stage.ccws.it\/sv\/wp-json\/wp\/v2\/media\/36696"}],"wp:attachment":[{"href":"https:\/\/shumans-monini-stage.ccws.it\/sv\/wp-json\/wp\/v2\/media?parent=36743"}],"wp:term":[{"taxonomy":"post_tag","embeddable":true,"href":"https:\/\/shumans-monini-stage.ccws.it\/sv\/wp-json\/wp\/v2\/tags?post=36743"},{"taxonomy":"cat_product","embeddable":true,"href":"https:\/\/shumans-monini-stage.ccws.it\/sv\/wp-json\/wp\/v2\/cat_product?post=36743"}],"curies":[{"name":"wp","href":"https:\/\/api.w.org\/{rel}","templated":true}]}}